{"id":2325,"date":"2020-11-25T17:27:58","date_gmt":"2020-11-25T16:27:58","guid":{"rendered":"https:\/\/www.pharmacieonline.lu\/produit\/avene-a-oxitive-nuit-peeling-creme-30-ml\/"},"modified":"2026-04-11T02:25:25","modified_gmt":"2026-04-11T00:25:25","slug":"avene-a-oxitive-nuit-peeling-creme-30-ml","status":"publish","type":"product","link":"https:\/\/www.pharmacieonline.lu\/de\/produit\/avene-a-oxitive-nuit-peeling-creme-30-ml\/","title":{"rendered":"AVENE A OXITIVE NUIT PEELING CREME 30 ML"},"content":{"rendered":"<p>Avene Thermalwasser (AVENE AQUA), Triethylhexanoin, Cyclopentasiloxane, Cetearylalkohol, Cyclohexasiloxane, Ceteareth-20, Polymethyl-methacrylat, Ceteareth-33, CAPRYLICERELOXANE, ACRYLODIUM, ACRYLICLDOX, ACRYLICLDO, ACRYLICLDO, ACRYLODIUM, ACRYLICLICLDO, ACRYLICLDO, ACRYLICLDO, ACRIDHYLDO, ACRYLICLDO, ACIDAMYLDO, ACRYLICLICLDO, ACIDHYLOLDOXASILOXASILOHOL MICA, OENOTHERA BIENNIS (ABENDPRIMROSE) \u00d6L (OENOTHERA BIENNIS OIL), OLEOYLDIPEPTID-15, OLEOYLTETRAPEPTID-31, PHENOXYETHANOL, ROT 33 (CI 17200), RETINAL, SILIKA, TEPIUM TOCOPHERYLGLUCOSIDWir haben das Konsumenten- und Produktproduktstellensystem systematisch erweitert, um ein Produkt zu erhalten.<\/p>\n<p>Diese t\u00e4gliche parf\u00fcmfreie Nachtpflege mit Peeling-Effekt * beugt sanft den ersten sichtbaren Zeichen des Alterns vor und begrenzt die durch oxidativen Stress verursachten Sch\u00e4den. * Oberfl\u00e4chliches kosmetisches Peeling<\/p>\n<p>VEREDELTES HAUTKORN Der RENOVATIVE KOMPLEX (Retinaldehyd und ProVitamin E) stimuliert die Zellaktivit\u00e4t, gleicht die Hautstruktur aus und entgiftet die Haut von freien Radikalen. SUBLIME HAUT Nachtkerzen\u00f6l, das sehr reich an Fetts\u00e4uren und Vitaminen ist, hilft dabei Pflegen und balancieren Sie die Haut neu, um ein &#8222;frisches Aufwachen&#8220; zu gew\u00e4hrleisten.<\/p>","protected":false},"excerpt":{"rendered":"<p>Avene Thermalwasser (AVENE AQUA), Triethylhexanoin, Cyclopentasiloxane, Cetearylalkohol, Cyclohexasiloxane, Ceteareth-20, Polymethyl-methacrylat, Ceteareth-33, CAPRYLICERELOXANE, ACRYLODIUM, ACRYLICLDOX, ACRYLICLDO, ACRYLICLDO, ACRYLODIUM, ACRYLICLICLDO, ACRYLICLDO, ACRYLICLDO, ACRIDHYLDO, ACRYLICLDO, ACIDAMYLDO, ACRYLICLICLDO, ACIDHYLOLDOXASILOXASILOHOL MICA, OENOTHERA BIENNIS (ABENDPRIMROSE) \u00d6L (OENOTHERA BIENNIS OIL), OLEOYLDIPEPTID-15, OLEOYLTETRAPEPTID-31, PHENOXYETHANOL, ROT 33 (CI 17200), RETINAL, SILIKA, TEPIUM TOCOPHERYLGLUCOSIDWir haben das Konsumenten- und Produktproduktstellensystem systematisch erweitert, um ein Produkt zu [&hellip;]<\/p>\n","protected":false},"featured_media":2615,"template":"","meta":{"_acf_changed":false,"footnotes":""},"product_brand":[],"product_cat":[47,42,54],"product_tag":[],"class_list":{"0":"post-2325","1":"product","2":"type-product","3":"status-publish","4":"has-post-thumbnail","6":"product_cat-dermocosmetique","7":"product_cat-para-pharmacie","8":"product_cat-soins-du-visage","10":"first","11":"outofstock","12":"taxable","13":"shipping-taxable","14":"purchasable","15":"product-type-simple"},"acf":[],"_links":{"self":[{"href":"https:\/\/www.pharmacieonline.lu\/de\/wp-json\/wp\/v2\/product\/2325","targetHints":{"allow":["GET"]}}],"collection":[{"href":"https:\/\/www.pharmacieonline.lu\/de\/wp-json\/wp\/v2\/product"}],"about":[{"href":"https:\/\/www.pharmacieonline.lu\/de\/wp-json\/wp\/v2\/types\/product"}],"version-history":[{"count":0,"href":"https:\/\/www.pharmacieonline.lu\/de\/wp-json\/wp\/v2\/product\/2325\/revisions"}],"wp:featuredmedia":[{"embeddable":true,"href":"https:\/\/www.pharmacieonline.lu\/de\/wp-json\/wp\/v2\/media\/2615"}],"wp:attachment":[{"href":"https:\/\/www.pharmacieonline.lu\/de\/wp-json\/wp\/v2\/media?parent=2325"}],"wp:term":[{"taxonomy":"product_brand","embeddable":true,"href":"https:\/\/www.pharmacieonline.lu\/de\/wp-json\/wp\/v2\/product_brand?post=2325"},{"taxonomy":"product_cat","embeddable":true,"href":"https:\/\/www.pharmacieonline.lu\/de\/wp-json\/wp\/v2\/product_cat?post=2325"},{"taxonomy":"product_tag","embeddable":true,"href":"https:\/\/www.pharmacieonline.lu\/de\/wp-json\/wp\/v2\/product_tag?post=2325"}],"curies":[{"name":"wp","href":"https:\/\/api.w.org\/{rel}","templated":true}]}}