{"id":2327,"date":"2020-11-25T17:27:58","date_gmt":"2020-11-25T16:27:58","guid":{"rendered":"https:\/\/www.pharmacieonline.lu\/produit\/avene-trixera-nutri-nett-nutri-fl-500-ml\/"},"modified":"2026-04-05T15:55:29","modified_gmt":"2026-04-05T13:55:29","slug":"avene-trixera-nutri-nett-nutri-fl-500-ml","status":"publish","type":"product","link":"https:\/\/www.pharmacieonline.lu\/de\/produit\/avene-trixera-nutri-nett-nutri-fl-500-ml\/","title":{"rendered":"AVENE TRIXERA NUTRI NETT NUTRI-FL 500 ML"},"content":{"rendered":"<p>TRIXERA NUTRITION NUTRIFLUID REINIGINGSGEL<br \/>\nPumpflasche<\/p>\n<p>Dagelijkse hygi\u00ebne voor de droge tot zeer droge gevoelige huid van het hele gezin (kinderen vanaf 2 jaar), zeepvrij, parabeenvrijR<\/p>\n<p>AVENE THERMAL SPRING WATER (AVENE AQUA). WASSER (AQUA). GLYCERIN. HYDROGENIERTES STARCHHYDROLYZAT. DECYLGLUCOSID. NATRIUMLAUROYLMETHYLISETHIONAT. CETEARETH-60 MYRISTYL GLYCOL. DISODIUM COCOAMPHODIACETATE. POLYSORBAT 20. PEG-40 HYDROGENIERTES CASTOR\u00d6L. COCO-GLUCOSIDEGLYCERYLOLEAT. ASCORBYLPALMITAT. CAPRYLYL GLYCOL. ZITRONENS\u00c4URE. DUFT (PARFUM). HYDROGENIERTES PALMENGLYCERIDENZITRAT. LAURISCHE S\u00c4URE. LECITHIN. PENTYLRHAMNOSID. NATRIUMBENZOAT. Natriumchlorid. Natriumglykolat. NATRIUMMETHYLISETHIONAT. TOCOPHEROL. TRISODIUMETHYLENDIAMIN DISUCCINATE.<\/p>","protected":false},"excerpt":{"rendered":"<p>TRIXERA NUTRITION NUTRIFLUID REINIGINGSGEL Pumpflasche Dagelijkse hygi\u00ebne voor de droge tot zeer droge gevoelige huid van het hele gezin (kinderen vanaf 2 jaar), zeepvrij, parabeenvrijR AVENE THERMAL SPRING WATER (AVENE AQUA). WASSER (AQUA). GLYCERIN. HYDROGENIERTES STARCHHYDROLYZAT. DECYLGLUCOSID. NATRIUMLAUROYLMETHYLISETHIONAT. CETEARETH-60 MYRISTYL GLYCOL. DISODIUM COCOAMPHODIACETATE. POLYSORBAT 20. PEG-40 HYDROGENIERTES CASTOR\u00d6L. COCO-GLUCOSIDEGLYCERYLOLEAT. ASCORBYLPALMITAT. CAPRYLYL GLYCOL. ZITRONENS\u00c4URE. DUFT (PARFUM). [&hellip;]<\/p>\n","protected":false},"featured_media":2616,"template":"","meta":{"_acf_changed":false,"footnotes":""},"product_brand":[],"product_cat":[47,42,112],"product_tag":[],"class_list":{"0":"post-2327","1":"product","2":"type-product","3":"status-publish","4":"has-post-thumbnail","6":"product_cat-dermocosmetique","7":"product_cat-para-pharmacie","8":"product_cat-douche-bain","10":"first","11":"outofstock","12":"taxable","13":"shipping-taxable","14":"purchasable","15":"product-type-simple"},"acf":[],"_links":{"self":[{"href":"https:\/\/www.pharmacieonline.lu\/de\/wp-json\/wp\/v2\/product\/2327","targetHints":{"allow":["GET"]}}],"collection":[{"href":"https:\/\/www.pharmacieonline.lu\/de\/wp-json\/wp\/v2\/product"}],"about":[{"href":"https:\/\/www.pharmacieonline.lu\/de\/wp-json\/wp\/v2\/types\/product"}],"version-history":[{"count":0,"href":"https:\/\/www.pharmacieonline.lu\/de\/wp-json\/wp\/v2\/product\/2327\/revisions"}],"wp:featuredmedia":[{"embeddable":true,"href":"https:\/\/www.pharmacieonline.lu\/de\/wp-json\/wp\/v2\/media\/2616"}],"wp:attachment":[{"href":"https:\/\/www.pharmacieonline.lu\/de\/wp-json\/wp\/v2\/media?parent=2327"}],"wp:term":[{"taxonomy":"product_brand","embeddable":true,"href":"https:\/\/www.pharmacieonline.lu\/de\/wp-json\/wp\/v2\/product_brand?post=2327"},{"taxonomy":"product_cat","embeddable":true,"href":"https:\/\/www.pharmacieonline.lu\/de\/wp-json\/wp\/v2\/product_cat?post=2327"},{"taxonomy":"product_tag","embeddable":true,"href":"https:\/\/www.pharmacieonline.lu\/de\/wp-json\/wp\/v2\/product_tag?post=2327"}],"curies":[{"name":"wp","href":"https:\/\/api.w.org\/{rel}","templated":true}]}}