{"id":2329,"date":"2020-11-25T17:27:58","date_gmt":"2020-11-25T16:27:58","guid":{"rendered":"https:\/\/www.pharmacieonline.lu\/produit\/mustela-pn-shamp-mousse-nouriss-150ml-nf\/"},"modified":"2026-04-22T16:25:51","modified_gmt":"2026-04-22T14:25:51","slug":"mustela-pn-shamp-mousse-nouriss-150ml-nf","status":"publish","type":"product","link":"https:\/\/www.pharmacieonline.lu\/de\/produit\/mustela-pn-shamp-mousse-nouriss-150ml-nf\/","title":{"rendered":"MUSTELA PN SHAMP MOUSSE NOURISS 150ML NF"},"content":{"rendered":"<p>S\u00e4uglingsschaumshampoo<\/p>\n<p>Schaumshampoo f\u00fcr empfindliches Babyhaar. Perfekt f\u00fcr jeden Tag, um die Kopfhaut von Geburt an mit einer Wiegenkappe zu waschen<br \/>\nIndikation<br \/>\n\u2022 Ideal zum t\u00e4glichen Waschen und Entwirren der Haare von Neugeborenen (1), Babys und Kindern.<br \/>\n\u2022 Reizt die Augen nicht.<br \/>\nGarantierte Sicherheit von Geburt an:<br \/>\nDermatologisch und p\u00e4diatrisch getestet.<br \/>\nHohe Haut- und Augentoleranz.<br \/>\nHypoallergen &#8211; Entwickelt, um das Risiko allergischer Reaktionen zu minimieren.<br \/>\n0% Phthalat, Phenoxyethanol.<br \/>\n(1) Einschlie\u00dflich Babys, die aus der Neonatologie entlassen wurden.<br \/>\nVerwenden<br \/>\nNUTZUNGSTIPPS:<br \/>\nMassieren Sie das nasse Haar des Babys sanft mit einer Dosis Shampoo. 1 bis 2 Minuten einwirken lassen. Vorsichtig aussp\u00fclen.<br \/>\nGENUSS DER NUTZUNG<br \/>\n\u2022 Schaumstruktur einfach aufzutragen und besonders geeignet f\u00fcr die empfindliche Kopfhaut von S\u00e4uglingen.<br \/>\n\u2022 Hinterl\u00e4sst einen einzigartigen Duft im Haar.<br \/>\n\u2022 Leicht zu sp\u00fclen.<br \/>\nKomposition<br \/>\nREDIENTS UND NATURALIT\u00c4T:<br \/>\n\u2022 Avocado Perseose, patentierter nat\u00fcrlicher Wirkstoff: Sch\u00fctzt die Hautbarriere, spendet Feuchtigkeit und bewahrt den Zellreichtum der Haut<br \/>\n\u2022 Salicyls\u00e4ure (\u00dfHA): Keratoregulatorische Wirkung, f\u00f6rdert die Beseitigung der Wiegenkappe<br \/>\n\u2022 Climbazol: reinigt<br \/>\n\u2022 Milde Tenside: Vorsichtig reinigen, um ein Austrocknen der Kopfhaut zu vermeiden<br \/>\n\u2022 Ohne Seife<br \/>\nBiologisch abbaubare Formel (3).<br \/>\n99% der Inhaltsstoffe nat\u00fcrlichen Ursprungs *.<br \/>\n(3) Nach der OECD 302B-Methode.<br \/>\n*im Durchschnitt<\/p>\n<p>Komposition<\/p>\n<p>AQUA \/ Wasser \/ EAU, COCO-glucosid, Disodium Cocoyl Glutamate, Glycerylcaprylat, Citronens\u00e4ure, TETRASODIUM GLUTAMATE diacetat, Climbazol, Natriumcocoylglutamat, Parfum (Fragrance), SALICIDIMADIA, Natriumcocoylglutamat, Natriumcocoylglutamat (Fragrance), SALICIDIMADIUM ACIDICDICO, SALICIDIMADIUM (Fragrance), SALICIDIMADA, SIZE-Availa, SIZE-Availa, Natriumcocoylglutamat EXTRAKT.<\/p>\n<p>&nbsp;<\/p>","protected":false},"excerpt":{"rendered":"<p>S\u00e4uglingsschaumshampoo Schaumshampoo f\u00fcr empfindliches Babyhaar. Perfekt f\u00fcr jeden Tag, um die Kopfhaut von Geburt an mit einer Wiegenkappe zu waschen Indikation \u2022 Ideal zum t\u00e4glichen Waschen und Entwirren der Haare von Neugeborenen (1), Babys und Kindern. \u2022 Reizt die Augen nicht. Garantierte Sicherheit von Geburt an: Dermatologisch und p\u00e4diatrisch getestet. Hohe Haut- und Augentoleranz. Hypoallergen [&hellip;]<\/p>\n","protected":false},"featured_media":2597,"template":"","meta":{"_acf_changed":false,"footnotes":""},"product_brand":[],"product_cat":[42,758,44,114],"product_tag":[],"class_list":{"0":"post-2329","1":"product","2":"type-product","3":"status-publish","4":"has-post-thumbnail","6":"product_cat-para-pharmacie","7":"product_cat-gel-douche-savon-shampoing","8":"product_cat-bebe-maman","9":"product_cat-soins-de-bebe","11":"first","12":"instock","13":"taxable","14":"shipping-taxable","15":"purchasable","16":"product-type-simple"},"acf":[],"_links":{"self":[{"href":"https:\/\/www.pharmacieonline.lu\/de\/wp-json\/wp\/v2\/product\/2329","targetHints":{"allow":["GET"]}}],"collection":[{"href":"https:\/\/www.pharmacieonline.lu\/de\/wp-json\/wp\/v2\/product"}],"about":[{"href":"https:\/\/www.pharmacieonline.lu\/de\/wp-json\/wp\/v2\/types\/product"}],"version-history":[{"count":0,"href":"https:\/\/www.pharmacieonline.lu\/de\/wp-json\/wp\/v2\/product\/2329\/revisions"}],"wp:featuredmedia":[{"embeddable":true,"href":"https:\/\/www.pharmacieonline.lu\/de\/wp-json\/wp\/v2\/media\/2597"}],"wp:attachment":[{"href":"https:\/\/www.pharmacieonline.lu\/de\/wp-json\/wp\/v2\/media?parent=2329"}],"wp:term":[{"taxonomy":"product_brand","embeddable":true,"href":"https:\/\/www.pharmacieonline.lu\/de\/wp-json\/wp\/v2\/product_brand?post=2329"},{"taxonomy":"product_cat","embeddable":true,"href":"https:\/\/www.pharmacieonline.lu\/de\/wp-json\/wp\/v2\/product_cat?post=2329"},{"taxonomy":"product_tag","embeddable":true,"href":"https:\/\/www.pharmacieonline.lu\/de\/wp-json\/wp\/v2\/product_tag?post=2329"}],"curies":[{"name":"wp","href":"https:\/\/api.w.org\/{rel}","templated":true}]}}