{"id":2343,"date":"2020-11-25T17:27:58","date_gmt":"2020-11-25T16:27:58","guid":{"rendered":"https:\/\/www.pharmacieonline.lu\/produit\/avene-antirougeurs-unify-40-ml\/"},"modified":"2026-04-07T22:25:25","modified_gmt":"2026-04-07T20:25:25","slug":"avene-antirougeurs-unify-40-ml","status":"publish","type":"product","link":"https:\/\/www.pharmacieonline.lu\/de\/produit\/avene-antirougeurs-unify-40-ml\/","title":{"rendered":"AVENE ANTIROUGEURS UNIFY 40 ML"},"content":{"rendered":"<p>Anti-R\u00f6tung Die einheitliche UNIFY-Behandlung ist besonders f\u00fcr alle Arten von empfindlicher Haut geeignet, die zu R\u00f6tungen neigen. In einem einzigen Schritt zielt diese Behandlung auf R\u00f6tungen im Gesicht ab, beruhigt und korrigiert sie. Haut, die Tag f\u00fcr Tag hydratisiert, beruhigt und strahlend ist. Pflege, die Sch\u00f6nheit des Make-ups f\u00fcr ein nat\u00fcrliches und lang anhaltendes Finish. Ein universeller Farbton, der sich an die meisten Hautt\u00f6ne anpasst, um einen nat\u00fcrlichen, einheitlichen und leuchtenden Effekt zu erzielen. Seine leichte, nicht fettende Textur macht die Haut durchgehend weich und angenehm der Tag.<\/p>\n<p>AVENE THERMAL SPRING WATER (AVENE AQUA). C12-15 ALKYLBENZOAT. COCO-CAPRYLAT \/ CAPRAT. DIMETHIKON. GLYCERIN. DICAPRYLYL-CARBONAT. POLYMETHYLMETHACRYLAT. METHYLEN BIS. BENZOTRIAZOLYLTETRAMETHYLBUTYLPHENOL <\/p>","protected":false},"excerpt":{"rendered":"<p>Anti-R\u00f6tung Die einheitliche UNIFY-Behandlung ist besonders f\u00fcr alle Arten von empfindlicher Haut geeignet, die zu R\u00f6tungen neigen. In einem einzigen Schritt zielt diese Behandlung auf R\u00f6tungen im Gesicht ab, beruhigt und korrigiert sie. Haut, die Tag f\u00fcr Tag hydratisiert, beruhigt und strahlend ist. Pflege, die Sch\u00f6nheit des Make-ups f\u00fcr ein nat\u00fcrliches und lang anhaltendes Finish. [&hellip;]<\/p>\n","protected":false},"featured_media":2596,"template":"","meta":{"_acf_changed":false,"footnotes":""},"product_brand":[],"product_cat":[47,42,54],"product_tag":[],"class_list":{"0":"post-2343","1":"product","2":"type-product","3":"status-publish","4":"has-post-thumbnail","6":"product_cat-dermocosmetique","7":"product_cat-para-pharmacie","8":"product_cat-soins-du-visage","10":"first","11":"outofstock","12":"taxable","13":"shipping-taxable","14":"purchasable","15":"product-type-simple"},"acf":[],"_links":{"self":[{"href":"https:\/\/www.pharmacieonline.lu\/de\/wp-json\/wp\/v2\/product\/2343","targetHints":{"allow":["GET"]}}],"collection":[{"href":"https:\/\/www.pharmacieonline.lu\/de\/wp-json\/wp\/v2\/product"}],"about":[{"href":"https:\/\/www.pharmacieonline.lu\/de\/wp-json\/wp\/v2\/types\/product"}],"version-history":[{"count":0,"href":"https:\/\/www.pharmacieonline.lu\/de\/wp-json\/wp\/v2\/product\/2343\/revisions"}],"wp:featuredmedia":[{"embeddable":true,"href":"https:\/\/www.pharmacieonline.lu\/de\/wp-json\/wp\/v2\/media\/2596"}],"wp:attachment":[{"href":"https:\/\/www.pharmacieonline.lu\/de\/wp-json\/wp\/v2\/media?parent=2343"}],"wp:term":[{"taxonomy":"product_brand","embeddable":true,"href":"https:\/\/www.pharmacieonline.lu\/de\/wp-json\/wp\/v2\/product_brand?post=2343"},{"taxonomy":"product_cat","embeddable":true,"href":"https:\/\/www.pharmacieonline.lu\/de\/wp-json\/wp\/v2\/product_cat?post=2343"},{"taxonomy":"product_tag","embeddable":true,"href":"https:\/\/www.pharmacieonline.lu\/de\/wp-json\/wp\/v2\/product_tag?post=2343"}],"curies":[{"name":"wp","href":"https:\/\/api.w.org\/{rel}","templated":true}]}}