{"id":23581,"date":"2022-02-24T17:12:37","date_gmt":"2022-02-24T16:12:37","guid":{"rendered":"https:\/\/www.pharmacieonline.lu\/?post_type=product&#038;p=23581"},"modified":"2026-04-04T15:55:23","modified_gmt":"2026-04-04T13:55:23","slug":"hills-can-vet-adult-dental-med-10kg","status":"publish","type":"product","link":"https:\/\/www.pharmacieonline.lu\/de\/produit\/hills-can-vet-adult-dental-med-10kg\/","title":{"rendered":"HILLS CAN VET ADULT DENTAL MED 10KG"},"content":{"rendered":"<p>VET ESSENTIALS DENTAL HEALTH Adult Medium Adult Hundefutter mit Huhn bietet eine fortschrittliche Ern\u00e4hrung mit 5 wesentlichen gesundheitlichen Vorteilen f\u00fcr Ihren Hund, einschlie\u00dflich einer einzigartigen Zahntechnologie, die klinisch erwiesen hat, dass sie Z\u00e4hne und Zahnfleisch gesund h\u00e4lt. Gr\u00f6\u00dfere Kroketten mit unidirektionaler Fasertechnologie helfen, die Z\u00e4hne wie eine Zahnb\u00fcrste zu reinigen.<\/p>","protected":false},"excerpt":{"rendered":"<p>VET ESSENTIALS DENTAL HEALTH Adult Medium Adult Hundefutter mit Huhn bietet eine fortschrittliche Ern\u00e4hrung mit 5 wesentlichen gesundheitlichen Vorteilen f\u00fcr Ihren Hund, einschlie\u00dflich einer einzigartigen Zahntechnologie, die klinisch erwiesen hat, dass sie Z\u00e4hne und Zahnfleisch gesund h\u00e4lt. Gr\u00f6\u00dfere Kroketten mit unidirektionaler Fasertechnologie helfen, die Z\u00e4hne wie eine Zahnb\u00fcrste zu reinigen.<\/p>\n","protected":false},"featured_media":23584,"template":"","meta":{"_acf_changed":false,"footnotes":""},"product_brand":[],"product_cat":[151,159,46],"product_tag":[],"class_list":{"0":"post-23581","1":"product","2":"type-product","3":"status-publish","4":"has-post-thumbnail","6":"product_cat-chiens","7":"product_cat-digestion-chiens","8":"product_cat-veterinaire","10":"first","11":"instock","12":"taxable","13":"shipping-taxable","14":"purchasable","15":"product-type-simple"},"acf":[],"_links":{"self":[{"href":"https:\/\/www.pharmacieonline.lu\/de\/wp-json\/wp\/v2\/product\/23581","targetHints":{"allow":["GET"]}}],"collection":[{"href":"https:\/\/www.pharmacieonline.lu\/de\/wp-json\/wp\/v2\/product"}],"about":[{"href":"https:\/\/www.pharmacieonline.lu\/de\/wp-json\/wp\/v2\/types\/product"}],"version-history":[{"count":0,"href":"https:\/\/www.pharmacieonline.lu\/de\/wp-json\/wp\/v2\/product\/23581\/revisions"}],"wp:featuredmedia":[{"embeddable":true,"href":"https:\/\/www.pharmacieonline.lu\/de\/wp-json\/wp\/v2\/media\/23584"}],"wp:attachment":[{"href":"https:\/\/www.pharmacieonline.lu\/de\/wp-json\/wp\/v2\/media?parent=23581"}],"wp:term":[{"taxonomy":"product_brand","embeddable":true,"href":"https:\/\/www.pharmacieonline.lu\/de\/wp-json\/wp\/v2\/product_brand?post=23581"},{"taxonomy":"product_cat","embeddable":true,"href":"https:\/\/www.pharmacieonline.lu\/de\/wp-json\/wp\/v2\/product_cat?post=23581"},{"taxonomy":"product_tag","embeddable":true,"href":"https:\/\/www.pharmacieonline.lu\/de\/wp-json\/wp\/v2\/product_tag?post=23581"}],"curies":[{"name":"wp","href":"https:\/\/api.w.org\/{rel}","templated":true}]}}