{"id":23746,"date":"2022-03-07T16:21:46","date_gmt":"2022-03-07T15:21:46","guid":{"rendered":"https:\/\/www.pharmacieonline.lu\/?post_type=product&#038;p=23746"},"modified":"2026-04-05T22:25:49","modified_gmt":"2026-04-05T20:25:49","slug":"pate-suisse-bonne-nuit-pastilles","status":"publish","type":"product","link":"https:\/\/www.pharmacieonline.lu\/de\/produit\/pate-suisse-bonne-nuit-pastilles\/","title":{"rendered":"PATE SUISSE BONNE NUIT PASTILLES"},"content":{"rendered":"<p>Bei Zeitumstellung, Auslandsreisen f\u00e4llt das Einschlafen nicht immer leicht&#8230; Melatonin hilft, die Einschlafzeit zu verk\u00fcrzen und die Auswirkungen von Jetlag zu mindern.<\/p>\n<p>Jedes Gummib\u00e4rchen enth\u00e4lt 1 mg Melatonin.<\/p>\n<p>Diese Box mit 40 Radiergummis l\u00e4sst sich einfach in eine Tasche stecken und kann \u00fcberall hin mitgenommen werden. Dieses Kaugummi wird einige Minuten vor dem Schlafengehen eingenommen und wurde ohne Zucker entwickelt. Seine nat\u00fcrlichen Aromen von Orangenbl\u00fcte und Rosmarin sind sehr angenehm am Gaumen und bereiten ideal auf den Schlaf vor.<\/p>\n<p>Geliermittel: Gummi arabicum;<br \/>\nF\u00fcllstoffe: Sorbitsirup, Maltitsirup;<br \/>\nGereinigtes Wasser ;<br \/>\nMelatonin (0,08 %);<br \/>\nAromen: w\u00e4ssriger Extrakt aus Rosmarin (1,8%), Orangenbl\u00fcten\u00f6l (0,05%);<br \/>\nS\u00fc\u00dfstoff: Stevia-Rebaudiosid A;<br \/>\nBeschichtung: Pflanzen\u00f6l, Carnaubawachs.<\/p>\n<p>Erwachsene: 1 Kaugummi pro Tag vor dem Schlafengehen.<br \/>\nKinder ab 12 Jahren: 1 Kaugummi pro Tag vor dem Schlafengehen.<\/p>","protected":false},"excerpt":{"rendered":"<p>Bei Zeitumstellung, Auslandsreisen f\u00e4llt das Einschlafen nicht immer leicht&#8230; Melatonin hilft, die Einschlafzeit zu verk\u00fcrzen und die Auswirkungen von Jetlag zu mindern. Jedes Gummib\u00e4rchen enth\u00e4lt 1 mg Melatonin. Diese Box mit 40 Radiergummis l\u00e4sst sich einfach in eine Tasche stecken und kann \u00fcberall hin mitgenommen werden. Dieses Kaugummi wird einige Minuten vor dem Schlafengehen eingenommen [&hellip;]<\/p>\n","protected":false},"featured_media":23748,"template":"","meta":{"_acf_changed":false,"footnotes":""},"product_brand":[],"product_cat":[43,781,88],"product_tag":[],"class_list":{"0":"post-23746","1":"product","2":"type-product","3":"status-publish","4":"has-post-thumbnail","6":"product_cat-medicaments-en-vente-libre","7":"product_cat-sommeil-stress","8":"product_cat-homeopathie","10":"first","11":"instock","12":"taxable","13":"shipping-taxable","14":"purchasable","15":"product-type-simple"},"acf":[],"_links":{"self":[{"href":"https:\/\/www.pharmacieonline.lu\/de\/wp-json\/wp\/v2\/product\/23746","targetHints":{"allow":["GET"]}}],"collection":[{"href":"https:\/\/www.pharmacieonline.lu\/de\/wp-json\/wp\/v2\/product"}],"about":[{"href":"https:\/\/www.pharmacieonline.lu\/de\/wp-json\/wp\/v2\/types\/product"}],"version-history":[{"count":0,"href":"https:\/\/www.pharmacieonline.lu\/de\/wp-json\/wp\/v2\/product\/23746\/revisions"}],"wp:featuredmedia":[{"embeddable":true,"href":"https:\/\/www.pharmacieonline.lu\/de\/wp-json\/wp\/v2\/media\/23748"}],"wp:attachment":[{"href":"https:\/\/www.pharmacieonline.lu\/de\/wp-json\/wp\/v2\/media?parent=23746"}],"wp:term":[{"taxonomy":"product_brand","embeddable":true,"href":"https:\/\/www.pharmacieonline.lu\/de\/wp-json\/wp\/v2\/product_brand?post=23746"},{"taxonomy":"product_cat","embeddable":true,"href":"https:\/\/www.pharmacieonline.lu\/de\/wp-json\/wp\/v2\/product_cat?post=23746"},{"taxonomy":"product_tag","embeddable":true,"href":"https:\/\/www.pharmacieonline.lu\/de\/wp-json\/wp\/v2\/product_tag?post=23746"}],"curies":[{"name":"wp","href":"https:\/\/api.w.org\/{rel}","templated":true}]}}