{"id":23815,"date":"2022-03-08T15:36:00","date_gmt":"2022-03-08T14:36:00","guid":{"rendered":"https:\/\/www.pharmacieonline.lu\/?post_type=product&#038;p=23815"},"modified":"2026-04-10T17:55:37","modified_gmt":"2026-04-10T15:55:37","slug":"physiomance-vitamines-d3k2-60-caps","status":"publish","type":"product","link":"https:\/\/www.pharmacieonline.lu\/de\/produit\/physiomance-vitamines-d3k2-60-caps\/","title":{"rendered":"PHYSIOMANCE VITAMINES D3&#038;K2 60 CAPS"},"content":{"rendered":"<p>Zur Vorbeugung und Unterst\u00fctzung von Herz-Kreislauf-Erkrankungen, zum Erhalt des Muskel- und Knochenkapitals und zur St\u00e4rkung Ihrer Immunit\u00e4t<\/p>\n<p>Nat\u00fcrliche Vitamine D3 und K2 auf einem Medium aus kaltgepresstem nativem Bio-Oliven\u00f6l, f\u00fcr optimale Bioverf\u00fcgbarkeit;<br \/>\nNat\u00fcrliches Vitamin D3 ist f\u00fcr die Erhaltung normaler Knochen und die normale Funktion des Immunsystems unerl\u00e4sslich;<br \/>\nVitamin K2 tr\u00e4gt zur Erhaltung normaler Knochen bei;<br \/>\nMenaquinGoldTM patentiertes nat\u00fcrliches Vitamin K2 in Menaquinon-7-Form gew\u00e4hrleistet \u00fcberlegene Qualit\u00e4t und Stabilit\u00e4t;<br \/>\nOptimale Bioverf\u00fcgbarkeit: \u00d6lige Form;<br \/>\nHigh Quality Process\u00ae;<br \/>\nSauberes Etikett THERASCIENCE.<br \/>\nBeschreibung<\/p>\n<p>PHYSIOMANCE VITAMINE D3 &amp; K2 bieten:<\/p>\n<p>800 IE* (d.h. 20 \u03bcg, f\u00fcr 2 Tropfen) oder 2.000 IE* (d.h. 50 \u03bcg, f\u00fcr 1 Kapsel) nat\u00fcrliches Vitamin D3.<br \/>\nVitamin D ist essentiell f\u00fcr die Knochengesundheit: Es ist einerseits notwendig f\u00fcr Wachstum, Mineralisierung und Knochenaufbau, andererseits wirkt es auf die Aufnahme von Calcium und Phosphor ein. Es ist besonders wichtig bei postmenopausalen Frauen, da es hilft, den Verlust der Knochenmineraldichte zu bek\u00e4mpfen. Tats\u00e4chlich ist eine niedrige Knochenmineraldichte ein Risikofaktor f\u00fcr osteoporotische Frakturen. Vitamin D ist an der Muskelfunktion beteiligt. Es ist essentiell f\u00fcr die ordnungsgem\u00e4\u00dfe Aktivit\u00e4t der Zellen des Immunsystems und spielt auch eine wichtige Rolle bei der Zellteilung.<br \/>\n48 % (f\u00fcr 2 Tropfen) bzw. 100 % (f\u00fcr 1 Kapsel) des AR** in nat\u00fcrlichem Vitamin K2, in der Menaquinon-7-Form MenaquinGoldTM f\u00fcr eine bessere Bioverf\u00fcgbarkeit, die den Erhalt des Knochensystems f\u00f6rdert.<\/p>\n<p>*IE: Internationale Einheiten<br \/>\n**AR: Referenzbeitr\u00e4ge<\/p>\n<p>Warum PHYSIOMANCE VITAMINE D3 &amp; K2 von THERASCIENCE Laboratory w\u00e4hlen?<\/p>\n<p>Um in einem einzigen Produkt von der komplement\u00e4ren Wirkung von 2 Vitaminen aus nat\u00fcrlichen Quellen zu profitieren, die f\u00fcr Ihren K\u00f6rper unerl\u00e4sslich sind, in \u00f6liger Form f\u00fcr eine bessere Aufnahme.<\/p>\n<p>Nutzungstipps<\/p>\n<p>Kappen:<br \/>\n1 Kapsel pro Tag, f\u00fcr 2 Monate. Bei Bedarf zu erneuern.<\/p>\n<p>Tropfen :<br \/>\n1 bis 3 Tropfen t\u00e4glich direkt auf die Zunge oder \u00fcber die Nahrung f\u00fcr mindestens 2 Monate. Bei Bedarf zu erneuern.<\/p>\n<p>Vorsichtsma\u00dfnahmen f\u00fcr die Verwendung:<\/p>\n<p>Nicht einnehmen, wenn Antikoagulanzien eingenommen werden.<\/p>\n<p>Kapseln: Nicht an Kinder unter 11 Jahren verabreichen.<br \/>\nTropfen: Vor Licht und Hitze gesch\u00fctzt lagern.<\/p>\n<p>Nahrungserg\u00e4nzungsmittel sollten im Rahmen einer gesunden Lebensweise verwendet werden und nicht als Ersatz f\u00fcr eine abwechslungsreiche und ausgewogene Ern\u00e4hrung verwendet werden. \u00dcberschreiten Sie nicht die empfohlene Tagesdosis. Bewahren Sie das Produkt au\u00dferhalb der Reichweite von kleinen Kindern auf. Bei Kombination mehrerer Nahrungserg\u00e4nzungsmittel fragen Sie Ihren Arzt um Rat.<\/p>","protected":false},"excerpt":{"rendered":"<p>Zur Vorbeugung und Unterst\u00fctzung von Herz-Kreislauf-Erkrankungen, zum Erhalt des Muskel- und Knochenkapitals und zur St\u00e4rkung Ihrer Immunit\u00e4t Nat\u00fcrliche Vitamine D3 und K2 auf einem Medium aus kaltgepresstem nativem Bio-Oliven\u00f6l, f\u00fcr optimale Bioverf\u00fcgbarkeit; Nat\u00fcrliches Vitamin D3 ist f\u00fcr die Erhaltung normaler Knochen und die normale Funktion des Immunsystems unerl\u00e4sslich; Vitamin K2 tr\u00e4gt zur Erhaltung normaler Knochen [&hellip;]<\/p>\n","protected":false},"featured_media":23816,"template":"","meta":{"_acf_changed":false,"footnotes":""},"product_brand":[],"product_cat":[42,951,948,782],"product_tag":[],"class_list":{"0":"post-23815","1":"product","2":"type-product","3":"status-publish","4":"has-post-thumbnail","6":"product_cat-para-pharmacie","7":"product_cat-physiomance","8":"product_cat-therascience-physionutrition","9":"product_cat-vegan","11":"first","12":"instock","13":"taxable","14":"shipping-taxable","15":"purchasable","16":"product-type-simple"},"acf":[],"_links":{"self":[{"href":"https:\/\/www.pharmacieonline.lu\/de\/wp-json\/wp\/v2\/product\/23815","targetHints":{"allow":["GET"]}}],"collection":[{"href":"https:\/\/www.pharmacieonline.lu\/de\/wp-json\/wp\/v2\/product"}],"about":[{"href":"https:\/\/www.pharmacieonline.lu\/de\/wp-json\/wp\/v2\/types\/product"}],"version-history":[{"count":0,"href":"https:\/\/www.pharmacieonline.lu\/de\/wp-json\/wp\/v2\/product\/23815\/revisions"}],"wp:featuredmedia":[{"embeddable":true,"href":"https:\/\/www.pharmacieonline.lu\/de\/wp-json\/wp\/v2\/media\/23816"}],"wp:attachment":[{"href":"https:\/\/www.pharmacieonline.lu\/de\/wp-json\/wp\/v2\/media?parent=23815"}],"wp:term":[{"taxonomy":"product_brand","embeddable":true,"href":"https:\/\/www.pharmacieonline.lu\/de\/wp-json\/wp\/v2\/product_brand?post=23815"},{"taxonomy":"product_cat","embeddable":true,"href":"https:\/\/www.pharmacieonline.lu\/de\/wp-json\/wp\/v2\/product_cat?post=23815"},{"taxonomy":"product_tag","embeddable":true,"href":"https:\/\/www.pharmacieonline.lu\/de\/wp-json\/wp\/v2\/product_tag?post=23815"}],"curies":[{"name":"wp","href":"https:\/\/api.w.org\/{rel}","templated":true}]}}