{"id":23885,"date":"2022-03-10T14:12:04","date_gmt":"2022-03-10T13:12:04","guid":{"rendered":"https:\/\/www.pharmacieonline.lu\/?post_type=product&#038;p=23885"},"modified":"2026-04-08T19:55:28","modified_gmt":"2026-04-08T17:55:28","slug":"arnica-montana-5-ch-gran-lhl","status":"publish","type":"product","link":"https:\/\/www.pharmacieonline.lu\/de\/produit\/arnica-montana-5-ch-gran-lhl\/","title":{"rendered":"ARNICA MONTANA 5 CH GRAN             LHL"},"content":{"rendered":"<p>Es wird bei Muskelschmerzen, Steifheit, Schwellungen aufgrund von Verletzungen oder Bluterg\u00fcssen angewendet.<\/p>\n<p>Richtungen:<br \/>\nMuskelschmerzen, Steifheit, Schwellungen aufgrund von Verletzungen oder Bluterg\u00fcssen<\/p>\n<p>Nutzungstipps:<br \/>\nDie \u00fcbliche Dosierung besteht aus 3 x t\u00e4glich 5 Globuli zu den Mahlzeiten.<\/p>\n<p>Vorsichtsma\u00dfnahmen f\u00fcr die Verwendung:<br \/>\nVermeiden Sie nach der Einnahme dieses Medikaments den Konsum von Koffein und Minze, um die Wirkung dieses Mittels nicht zu hemmen.<\/p>","protected":false},"excerpt":{"rendered":"<p>Es wird bei Muskelschmerzen, Steifheit, Schwellungen aufgrund von Verletzungen oder Bluterg\u00fcssen angewendet. Richtungen: Muskelschmerzen, Steifheit, Schwellungen aufgrund von Verletzungen oder Bluterg\u00fcssen Nutzungstipps: Die \u00fcbliche Dosierung besteht aus 3 x t\u00e4glich 5 Globuli zu den Mahlzeiten. Vorsichtsma\u00dfnahmen f\u00fcr die Verwendung: Vermeiden Sie nach der Einnahme dieses Medikaments den Konsum von Koffein und Minze, um die Wirkung [&hellip;]<\/p>\n","protected":false},"featured_media":23877,"template":"","meta":{"_acf_changed":false,"footnotes":""},"product_brand":[],"product_cat":[43,88],"product_tag":[],"class_list":{"0":"post-23885","1":"product","2":"type-product","3":"status-publish","4":"has-post-thumbnail","6":"product_cat-medicaments-en-vente-libre","7":"product_cat-homeopathie","9":"first","10":"outofstock","11":"taxable","12":"shipping-taxable","13":"purchasable","14":"product-type-simple"},"acf":[],"_links":{"self":[{"href":"https:\/\/www.pharmacieonline.lu\/de\/wp-json\/wp\/v2\/product\/23885","targetHints":{"allow":["GET"]}}],"collection":[{"href":"https:\/\/www.pharmacieonline.lu\/de\/wp-json\/wp\/v2\/product"}],"about":[{"href":"https:\/\/www.pharmacieonline.lu\/de\/wp-json\/wp\/v2\/types\/product"}],"version-history":[{"count":0,"href":"https:\/\/www.pharmacieonline.lu\/de\/wp-json\/wp\/v2\/product\/23885\/revisions"}],"wp:featuredmedia":[{"embeddable":true,"href":"https:\/\/www.pharmacieonline.lu\/de\/wp-json\/wp\/v2\/media\/23877"}],"wp:attachment":[{"href":"https:\/\/www.pharmacieonline.lu\/de\/wp-json\/wp\/v2\/media?parent=23885"}],"wp:term":[{"taxonomy":"product_brand","embeddable":true,"href":"https:\/\/www.pharmacieonline.lu\/de\/wp-json\/wp\/v2\/product_brand?post=23885"},{"taxonomy":"product_cat","embeddable":true,"href":"https:\/\/www.pharmacieonline.lu\/de\/wp-json\/wp\/v2\/product_cat?post=23885"},{"taxonomy":"product_tag","embeddable":true,"href":"https:\/\/www.pharmacieonline.lu\/de\/wp-json\/wp\/v2\/product_tag?post=23885"}],"curies":[{"name":"wp","href":"https:\/\/api.w.org\/{rel}","templated":true}]}}