{"id":23940,"date":"2022-03-10T17:24:24","date_gmt":"2022-03-10T16:24:24","guid":{"rendered":"https:\/\/www.pharmacieonline.lu\/?post_type=product&#038;p=23940"},"modified":"2026-04-04T00:25:18","modified_gmt":"2026-04-03T22:25:18","slug":"l107-30-ml-lehning","status":"publish","type":"product","link":"https:\/\/www.pharmacieonline.lu\/de\/produit\/l107-30-ml-lehning\/","title":{"rendered":"L107 30 ML LEHNING"},"content":{"rendered":"<p>L107<br \/>\nHOM\u00d6OPATHISCHE ARZNEIMITTEL BEI DURCHFALL<br \/>\nPASSIEREN (BEI ERWACHSENEN), \u00dcBELKEIT UND ERBRECHEN<br \/>\n(OHNE FIEBER)<br \/>\nL\u00f6sung zum Einnehmen in Tropfen<\/p>\n<p>8 Wirkstoffe gegen vor\u00fcbergehenden Durchfall, \u00dcbelkeit<br \/>\nund Erbrechen.<\/p>\n<p>Medikament ohne Rezept geliefert.<br \/>\nVerkauf ausschlie\u00dflich in Apotheken.<\/p>\n<p>KOMPOSITION<br \/>\nArsenicum album 6 DH<br \/>\nBelladonna 3DH<br \/>\nChamomilla vulgaris 9 DH<br \/>\nChina-Rubra 3 DH<br \/>\nColocynthis 4 DH<br \/>\nlpeca 4 DH<br \/>\nMercurius corrosivus 6 DH<br \/>\nNux vomica 4 DH<br \/>\nSonstiger Bestandteil mit bekannter Wirkung: Ethanol<\/p>\n<p>30ML FLASCHE<br \/>\nHom\u00f6opathisches Arzneimittel, das traditionell zur adjuvanten Behandlung der akuten Gastroenteritis zus\u00e4tzlich zu di\u00e4tetischen Ma\u00dfnahmen eingesetzt wird.<\/p>\n<p>DOSIERUNG<br \/>\nZus\u00e4tzlich zu di\u00e4tetischen Ma\u00dfnahmen. Die Behandlung sollte 5 Tage nicht \u00fcberschreiten. In etwas Wasser einnehmen, vorzugsweise zwischen den Mahlzeiten. Oralem Weg.<\/p>\n<p>Erwachsene<br \/>\n10 Tropfen nach jedem fl\u00fcssigen Stuhlgang und je nach Besserung aussparen (maximal 60 Tropfen pro Tag).<br \/>\nTritt innerhalb von 48 Stunden keine Besserung ein, ist \u00e4rztlicher Rat erforderlich.<br \/>\nDie Behandlung mit L107, L\u00f6sung zum Einnehmen in Tropfen, kann nach \u00e4rztlicher Anweisung f\u00fcr 3 Tage fortgesetzt werden<\/p>","protected":false},"excerpt":{"rendered":"<p>L107 HOM\u00d6OPATHISCHE ARZNEIMITTEL BEI DURCHFALL PASSIEREN (BEI ERWACHSENEN), \u00dcBELKEIT UND ERBRECHEN (OHNE FIEBER) L\u00f6sung zum Einnehmen in Tropfen 8 Wirkstoffe gegen vor\u00fcbergehenden Durchfall, \u00dcbelkeit und Erbrechen. Medikament ohne Rezept geliefert. Verkauf ausschlie\u00dflich in Apotheken. KOMPOSITION Arsenicum album 6 DH Belladonna 3DH Chamomilla vulgaris 9 DH China-Rubra 3 DH Colocynthis 4 DH lpeca 4 DH Mercurius [&hellip;]<\/p>\n","protected":false},"featured_media":23941,"template":"","meta":{"_acf_changed":false,"footnotes":""},"product_brand":[],"product_cat":[43,779,77,88],"product_tag":[],"class_list":{"0":"post-23940","1":"product","2":"type-product","3":"status-publish","4":"has-post-thumbnail","6":"product_cat-medicaments-en-vente-libre","7":"product_cat-digestion-estomac","8":"product_cat-diarrhees-flore-intestinale","9":"product_cat-homeopathie","11":"first","12":"instock","13":"taxable","14":"shipping-taxable","15":"purchasable","16":"product-type-simple"},"acf":[],"_links":{"self":[{"href":"https:\/\/www.pharmacieonline.lu\/de\/wp-json\/wp\/v2\/product\/23940","targetHints":{"allow":["GET"]}}],"collection":[{"href":"https:\/\/www.pharmacieonline.lu\/de\/wp-json\/wp\/v2\/product"}],"about":[{"href":"https:\/\/www.pharmacieonline.lu\/de\/wp-json\/wp\/v2\/types\/product"}],"version-history":[{"count":0,"href":"https:\/\/www.pharmacieonline.lu\/de\/wp-json\/wp\/v2\/product\/23940\/revisions"}],"wp:featuredmedia":[{"embeddable":true,"href":"https:\/\/www.pharmacieonline.lu\/de\/wp-json\/wp\/v2\/media\/23941"}],"wp:attachment":[{"href":"https:\/\/www.pharmacieonline.lu\/de\/wp-json\/wp\/v2\/media?parent=23940"}],"wp:term":[{"taxonomy":"product_brand","embeddable":true,"href":"https:\/\/www.pharmacieonline.lu\/de\/wp-json\/wp\/v2\/product_brand?post=23940"},{"taxonomy":"product_cat","embeddable":true,"href":"https:\/\/www.pharmacieonline.lu\/de\/wp-json\/wp\/v2\/product_cat?post=23940"},{"taxonomy":"product_tag","embeddable":true,"href":"https:\/\/www.pharmacieonline.lu\/de\/wp-json\/wp\/v2\/product_tag?post=23940"}],"curies":[{"name":"wp","href":"https:\/\/api.w.org\/{rel}","templated":true}]}}