{"id":2396,"date":"2020-11-25T17:28:11","date_gmt":"2020-11-25T16:28:11","guid":{"rendered":"https:\/\/www.pharmacieonline.lu\/produit\/hansaplast-med-elast-1-m-8-cm-2668\/"},"modified":"2026-04-07T11:55:35","modified_gmt":"2026-04-07T09:55:35","slug":"hansaplast-med-elast-1-m-8-cm-2668","status":"publish","type":"product","link":"https:\/\/www.pharmacieonline.lu\/de\/produit\/hansaplast-med-elast-1-m-8-cm-2668\/","title":{"rendered":"HANSAPLAST MED ELAST 1 M * 8 CM     2668"},"content":{"rendered":"<p>Hansaplast Elastic Pflaster eignen sich f\u00fcr alle Arten von kleineren Wunden bzw. Verletzungen.<br \/>\nVor allem ist es speziell f\u00fcr viel bewegte K\u00f6rperstellen anwendbar.<br \/>\nDie nicht verklebende Wundauflage sch\u00fctzt und polstert die Wunde.<br \/>\nDie starke Klebkraft sorgt daf\u00fcr, dass das Pflaster nicht verrutscht.<\/p>","protected":false},"excerpt":{"rendered":"<p>Hansaplast Elastic Pflaster eignen sich f\u00fcr alle Arten von kleineren Wunden bzw. Verletzungen. Vor allem ist es speziell f\u00fcr viel bewegte K\u00f6rperstellen anwendbar. Die nicht verklebende Wundauflage sch\u00fctzt und polstert die Wunde. Die starke Klebkraft sorgt daf\u00fcr, dass das Pflaster nicht verrutscht.<\/p>\n","protected":false},"featured_media":2566,"template":"","meta":{"_acf_changed":false,"footnotes":""},"product_brand":[],"product_cat":[775,789,45],"product_tag":[],"class_list":{"0":"post-2396","1":"product","2":"type-product","3":"status-publish","4":"has-post-thumbnail","6":"product_cat-premiers-soins-plaies-brulures","7":"product_cat-pansements","8":"product_cat-materiel-medical","10":"first","11":"instock","12":"taxable","13":"shipping-taxable","14":"purchasable","15":"product-type-simple"},"acf":[],"_links":{"self":[{"href":"https:\/\/www.pharmacieonline.lu\/de\/wp-json\/wp\/v2\/product\/2396","targetHints":{"allow":["GET"]}}],"collection":[{"href":"https:\/\/www.pharmacieonline.lu\/de\/wp-json\/wp\/v2\/product"}],"about":[{"href":"https:\/\/www.pharmacieonline.lu\/de\/wp-json\/wp\/v2\/types\/product"}],"version-history":[{"count":0,"href":"https:\/\/www.pharmacieonline.lu\/de\/wp-json\/wp\/v2\/product\/2396\/revisions"}],"wp:featuredmedia":[{"embeddable":true,"href":"https:\/\/www.pharmacieonline.lu\/de\/wp-json\/wp\/v2\/media\/2566"}],"wp:attachment":[{"href":"https:\/\/www.pharmacieonline.lu\/de\/wp-json\/wp\/v2\/media?parent=2396"}],"wp:term":[{"taxonomy":"product_brand","embeddable":true,"href":"https:\/\/www.pharmacieonline.lu\/de\/wp-json\/wp\/v2\/product_brand?post=2396"},{"taxonomy":"product_cat","embeddable":true,"href":"https:\/\/www.pharmacieonline.lu\/de\/wp-json\/wp\/v2\/product_cat?post=2396"},{"taxonomy":"product_tag","embeddable":true,"href":"https:\/\/www.pharmacieonline.lu\/de\/wp-json\/wp\/v2\/product_tag?post=2396"}],"curies":[{"name":"wp","href":"https:\/\/api.w.org\/{rel}","templated":true}]}}