{"id":24038,"date":"2022-03-15T17:28:05","date_gmt":"2022-03-15T16:28:05","guid":{"rendered":"https:\/\/www.pharmacieonline.lu\/?post_type=product&#038;p=24038"},"modified":"2026-04-07T02:25:19","modified_gmt":"2026-04-07T00:25:19","slug":"eucerin-hyal-fill-x3-vit-c-booster-375","status":"publish","type":"product","link":"https:\/\/www.pharmacieonline.lu\/de\/produit\/eucerin-hyal-fill-x3-vit-c-booster-375\/","title":{"rendered":"EUCERIN HYAL-FILL X3 VIT C BOOSTER 3*7,5"},"content":{"rendered":"<p>10 % reines Vitamin C: ist ein wirksames Antioxidans und stimuliert die Produktion von Kollagen in den Hautzellen. Hyalurons\u00e4ure mit niedrigem Molekulargewicht: Dringt in die epidermalen Schichten der Haut ein, wo sich Falten bilden.<\/p>\n<p>Sonne, Umweltverschmutzung, Tabak und andere Aspekte unseres Lebensstils f\u00f6rdern die Bildung freier Radikale. Freie Radikale verursachen oxidativen Stress auf der Haut, beschleunigen die vorzeitige Hautalterung und lassen sie fahl aussehen. Eucerin Hyaluron-Filler Vitamin C Booster mit 10 % reinem, aktiviertem Vitamin C wurde speziell entwickelt, um freie Radikale zu bek\u00e4mpfen und die ersten Zeichen der Hautalterung zu bek\u00e4mpfen: Er st\u00e4rkt die Haut, mindert F\u00e4ltchen und hinterl\u00e4sst die Haut glatter, frischer und strahlender.<\/p>\n<p>Vitamin C ist ein starkes Antioxidans, das freie Radikale neutralisiert und das Abwehrsystem der Haut st\u00e4rkt. Es ist auch wichtig f\u00fcr die Produktion von Kollagen in Hautzellen, um die Hautstruktur zu unterst\u00fctzen und die Zeichen der Hautalterung zu verz\u00f6gern. Die innovative Verpackung sorgt daf\u00fcr, dass reines Vitamin C erst bei der ersten Anwendung aktiviert wird. Sie m\u00fcssen das Vitamin-C-Pulver zusammendr\u00fccken und sch\u00fctteln, um es mit einem Serum aus niedermolekularer Hyalurons\u00e4ure und Licochalcone A zu mischen. Die Formel ist 21 Tage lang am wirksamsten.<\/p>\n<p>Hyalurons\u00e4ure mit niedrigem Molekulargewicht ist ein wirksamer Feuchtigkeitsspender, der Falten in den epidermalen (\u00e4u\u00dferen) Schichten der Haut sichtbar reduziert. Ein weiteres bew\u00e4hrtes Antioxidans, Licochalcone A, wirkt zusammen mit Vitamin C, um freie Radikale zu neutralisieren, die durch UV-Strahlen und hochenergetisches sichtbares Licht (HEVIS) verursacht werden.<\/p>\n<p>Eucerin Hyaluron-Filler Vitamin C Booster ist f\u00fcr alle Hauttypen geeignet und hat in klinischen und dermatologischen Studien nachgewiesen, dass er die Haut st\u00e4rkt und Falten sichtbar reduziert. Die Haut ist in nur 7 Tagen glatter, frischer und strahlender und die Ergebnisse verbessern sich auch nach l\u00e4ngerer Zeit.<\/p>\n<p>Indikation<br \/>\nDas Anti-Aging-Serum st\u00e4rkt die Haut und mindert F\u00e4ltchen sichtbar.<\/p>\n<p>Verwenden<br \/>\nSie k\u00f6nnen es morgens oder abends verwenden. Vor Ihrer Tages- oder Nachtcreme auftragen oder mit Ihrer Feuchtigkeitscreme kombinieren.<\/p>\n<p>1. Entfernen Sie die Folie<\/p>\n<p>2. Dr\u00fccken Sie die Taste 2-3 Mal, um Vitamin C freizusetzen<\/p>\n<p>3. Vor dem ersten Gebrauch mindestens 10 Sekunden sch\u00fctteln.<\/p>\n<p>4. Schrauben Sie die Kappe ab<\/p>\n<p>5. Drehen Sie die Flasche um und dr\u00fccken Sie den Knopf, um das Produkt freizugeben.<\/p>\n<p>Komposition<br \/>\nAqua, Ascorbins\u00e4ure, Glycerin, Squalan, Isopropylpalmitat, Dibutyladipat, Glycerylstearat, Dist\u00e4rkephosphat, Methylpropandiol, Natriumhyaluronat, Glycyrrhiza-Inflata-Wurzelextrakt, PEG-40-Stearat, Sorbitanstearat, Natriumcetearylsulfat, Dimethicon, Acryls\u00e4ure\/VP-Crosspolymer , Xanthangummi, Trinatrium-EDTA, 1,2-Hexandiol, Pirocton-Olamin, Phenoxyethanol, BHT, Parfum<\/p>","protected":false},"excerpt":{"rendered":"<p>10 % reines Vitamin C: ist ein wirksames Antioxidans und stimuliert die Produktion von Kollagen in den Hautzellen. Hyalurons\u00e4ure mit niedrigem Molekulargewicht: Dringt in die epidermalen Schichten der Haut ein, wo sich Falten bilden. Sonne, Umweltverschmutzung, Tabak und andere Aspekte unseres Lebensstils f\u00f6rdern die Bildung freier Radikale. Freie Radikale verursachen oxidativen Stress auf der Haut, [&hellip;]<\/p>\n","protected":false},"featured_media":24040,"template":"","meta":{"_acf_changed":false,"footnotes":""},"product_brand":[],"product_cat":[47,42,54],"product_tag":[],"class_list":{"0":"post-24038","1":"product","2":"type-product","3":"status-publish","4":"has-post-thumbnail","6":"product_cat-dermocosmetique","7":"product_cat-para-pharmacie","8":"product_cat-soins-du-visage","10":"first","11":"outofstock","12":"taxable","13":"shipping-taxable","14":"purchasable","15":"product-type-simple"},"acf":[],"_links":{"self":[{"href":"https:\/\/www.pharmacieonline.lu\/de\/wp-json\/wp\/v2\/product\/24038","targetHints":{"allow":["GET"]}}],"collection":[{"href":"https:\/\/www.pharmacieonline.lu\/de\/wp-json\/wp\/v2\/product"}],"about":[{"href":"https:\/\/www.pharmacieonline.lu\/de\/wp-json\/wp\/v2\/types\/product"}],"version-history":[{"count":0,"href":"https:\/\/www.pharmacieonline.lu\/de\/wp-json\/wp\/v2\/product\/24038\/revisions"}],"wp:featuredmedia":[{"embeddable":true,"href":"https:\/\/www.pharmacieonline.lu\/de\/wp-json\/wp\/v2\/media\/24040"}],"wp:attachment":[{"href":"https:\/\/www.pharmacieonline.lu\/de\/wp-json\/wp\/v2\/media?parent=24038"}],"wp:term":[{"taxonomy":"product_brand","embeddable":true,"href":"https:\/\/www.pharmacieonline.lu\/de\/wp-json\/wp\/v2\/product_brand?post=24038"},{"taxonomy":"product_cat","embeddable":true,"href":"https:\/\/www.pharmacieonline.lu\/de\/wp-json\/wp\/v2\/product_cat?post=24038"},{"taxonomy":"product_tag","embeddable":true,"href":"https:\/\/www.pharmacieonline.lu\/de\/wp-json\/wp\/v2\/product_tag?post=24038"}],"curies":[{"name":"wp","href":"https:\/\/api.w.org\/{rel}","templated":true}]}}