{"id":2414,"date":"2020-11-25T17:28:12","date_gmt":"2020-11-25T16:28:12","guid":{"rendered":"https:\/\/www.pharmacieonline.lu\/produit\/metadigest-total-60-caps\/"},"modified":"2026-04-15T21:55:39","modified_gmt":"2026-04-15T19:55:39","slug":"metadigest-total-60-caps","status":"publish","type":"product","link":"https:\/\/www.pharmacieonline.lu\/de\/produit\/metadigest-total-60-caps\/","title":{"rendered":"METADIGEST TOTAL 60 CAPS"},"content":{"rendered":"<p>Nat\u00fcrliche Mischung von Enzymen mit einem Extrakt aus Ingwer-Rhizom Vollst\u00e4ndige Verdauung von Kohlenhydraten, Fetten und Proteinen Aktiv in jeder Art von Magen, wirkt in einem breiten pH-Spektrum (pH-12), daher unabh\u00e4ngig vom S\u00e4uregrad des Magen. Schnelle Aktion<\/p>\n<p>&#8211; Zur Unterst\u00fctzung der Verdauung &#8211; Bei Magenschwere Bl\u00e4hungsgef\u00fchle<\/p>\n<p>1 Kapsel w\u00e4hrend und unmittelbar nach dem Essen<\/p>\n<p>Zutaten:<\/p>\n<p>\/ Kapsel<br \/>\nProtease 41000FCC-Einheiten<br \/>\nCellulase 1750FCC-Einheiten<br \/>\nAmylase 1400FCC-Einheiten<br \/>\nAlpha-Galactosidase 300FCC-Einheiten<br \/>\nMaltase 16050FCC-Einheiten<br \/>\nLactase 340FCC-Einheiten<br \/>\nLipase 1050FCC-Einheiten<br \/>\nInvertase 150INVU<br \/>\nFytase 0,85PU<br \/>\nSojalecithin 50 mg<br \/>\nIngwer-Rhizom (Zingiber officinalis) 25 mg<\/p>","protected":false},"excerpt":{"rendered":"<p>Nat\u00fcrliche Mischung von Enzymen mit einem Extrakt aus Ingwer-Rhizom Vollst\u00e4ndige Verdauung von Kohlenhydraten, Fetten und Proteinen Aktiv in jeder Art von Magen, wirkt in einem breiten pH-Spektrum (pH-12), daher unabh\u00e4ngig vom S\u00e4uregrad des Magen. Schnelle Aktion &#8211; Zur Unterst\u00fctzung der Verdauung &#8211; Bei Magenschwere Bl\u00e4hungsgef\u00fchle 1 Kapsel w\u00e4hrend und unmittelbar nach dem Essen Zutaten: \/ [&hellip;]<\/p>\n","protected":false},"featured_media":2531,"template":"","meta":{"_acf_changed":false,"footnotes":""},"product_brand":[],"product_cat":[953,779],"product_tag":[],"class_list":{"0":"post-2414","1":"product","2":"type-product","3":"status-publish","4":"has-post-thumbnail","6":"product_cat-complements-alimentaires","7":"product_cat-digestion-estomac","9":"first","10":"outofstock","11":"taxable","12":"shipping-taxable","13":"purchasable","14":"product-type-simple"},"acf":[],"_links":{"self":[{"href":"https:\/\/www.pharmacieonline.lu\/de\/wp-json\/wp\/v2\/product\/2414","targetHints":{"allow":["GET"]}}],"collection":[{"href":"https:\/\/www.pharmacieonline.lu\/de\/wp-json\/wp\/v2\/product"}],"about":[{"href":"https:\/\/www.pharmacieonline.lu\/de\/wp-json\/wp\/v2\/types\/product"}],"version-history":[{"count":0,"href":"https:\/\/www.pharmacieonline.lu\/de\/wp-json\/wp\/v2\/product\/2414\/revisions"}],"wp:featuredmedia":[{"embeddable":true,"href":"https:\/\/www.pharmacieonline.lu\/de\/wp-json\/wp\/v2\/media\/2531"}],"wp:attachment":[{"href":"https:\/\/www.pharmacieonline.lu\/de\/wp-json\/wp\/v2\/media?parent=2414"}],"wp:term":[{"taxonomy":"product_brand","embeddable":true,"href":"https:\/\/www.pharmacieonline.lu\/de\/wp-json\/wp\/v2\/product_brand?post=2414"},{"taxonomy":"product_cat","embeddable":true,"href":"https:\/\/www.pharmacieonline.lu\/de\/wp-json\/wp\/v2\/product_cat?post=2414"},{"taxonomy":"product_tag","embeddable":true,"href":"https:\/\/www.pharmacieonline.lu\/de\/wp-json\/wp\/v2\/product_tag?post=2414"}],"curies":[{"name":"wp","href":"https:\/\/api.w.org\/{rel}","templated":true}]}}