{"id":2420,"date":"2020-11-25T17:28:12","date_gmt":"2020-11-25T16:28:12","guid":{"rendered":"https:\/\/www.pharmacieonline.lu\/produit\/soria-digemel-sirop-digestif-150-ml\/"},"modified":"2026-04-23T11:55:33","modified_gmt":"2026-04-23T09:55:33","slug":"soria-digemel-sirop-digestif-150-ml","status":"publish","type":"product","link":"https:\/\/www.pharmacieonline.lu\/de\/produit\/soria-digemel-sirop-digestif-150-ml\/","title":{"rendered":"SORIA DIGEMEL SIROP DIGESTIF 150 ML"},"content":{"rendered":"<p>Der Digemel-Sirup von Soria Bel hilft Ihrem Verdauungssystem t\u00e4glich.<\/p>\n<p>Seine einzigartige Formel kombiniert Heilpflanzen: Zitronenmelisse, Koriander, Kamille, Bitterorange, Thymian und Fenchel.<\/p>\n<p>Dieser Komplex wirkt direkt auf das Verdauungssystem durch:<\/p>\n<p>&#8211; Erleichterung der Verdauung<br \/>\n&#8211; Beruhigende Kr\u00e4mpfe<br \/>\n&#8211; \u00dcbelkeit lindern<\/p>\n<p>Dieser Sirup richtet sich sowohl an Erwachsene als auch an Kinder, um eine vollst\u00e4ndige Linderung zu erzielen.<\/p>","protected":false},"excerpt":{"rendered":"<p>Der Digemel-Sirup von Soria Bel hilft Ihrem Verdauungssystem t\u00e4glich. Seine einzigartige Formel kombiniert Heilpflanzen: Zitronenmelisse, Koriander, Kamille, Bitterorange, Thymian und Fenchel. Dieser Komplex wirkt direkt auf das Verdauungssystem durch: &#8211; Erleichterung der Verdauung &#8211; Beruhigende Kr\u00e4mpfe &#8211; \u00dcbelkeit lindern Dieser Sirup richtet sich sowohl an Erwachsene als auch an Kinder, um eine vollst\u00e4ndige Linderung zu [&hellip;]<\/p>\n","protected":false},"featured_media":2537,"template":"","meta":{"_acf_changed":false,"footnotes":""},"product_brand":[],"product_cat":[42,43,953,78,779],"product_tag":[],"class_list":{"0":"post-2420","1":"product","2":"type-product","3":"status-publish","4":"has-post-thumbnail","6":"product_cat-para-pharmacie","7":"product_cat-medicaments-en-vente-libre","8":"product_cat-complements-alimentaires","9":"product_cat-phytotherapie","10":"product_cat-digestion-estomac","12":"first","13":"instock","14":"taxable","15":"shipping-taxable","16":"purchasable","17":"product-type-simple"},"acf":[],"_links":{"self":[{"href":"https:\/\/www.pharmacieonline.lu\/de\/wp-json\/wp\/v2\/product\/2420","targetHints":{"allow":["GET"]}}],"collection":[{"href":"https:\/\/www.pharmacieonline.lu\/de\/wp-json\/wp\/v2\/product"}],"about":[{"href":"https:\/\/www.pharmacieonline.lu\/de\/wp-json\/wp\/v2\/types\/product"}],"version-history":[{"count":0,"href":"https:\/\/www.pharmacieonline.lu\/de\/wp-json\/wp\/v2\/product\/2420\/revisions"}],"wp:featuredmedia":[{"embeddable":true,"href":"https:\/\/www.pharmacieonline.lu\/de\/wp-json\/wp\/v2\/media\/2537"}],"wp:attachment":[{"href":"https:\/\/www.pharmacieonline.lu\/de\/wp-json\/wp\/v2\/media?parent=2420"}],"wp:term":[{"taxonomy":"product_brand","embeddable":true,"href":"https:\/\/www.pharmacieonline.lu\/de\/wp-json\/wp\/v2\/product_brand?post=2420"},{"taxonomy":"product_cat","embeddable":true,"href":"https:\/\/www.pharmacieonline.lu\/de\/wp-json\/wp\/v2\/product_cat?post=2420"},{"taxonomy":"product_tag","embeddable":true,"href":"https:\/\/www.pharmacieonline.lu\/de\/wp-json\/wp\/v2\/product_tag?post=2420"}],"curies":[{"name":"wp","href":"https:\/\/api.w.org\/{rel}","templated":true}]}}