{"id":24222,"date":"2022-03-21T11:05:44","date_gmt":"2022-03-21T10:05:44","guid":{"rendered":"https:\/\/www.pharmacieonline.lu\/?post_type=product&#038;p=24222"},"modified":"2026-04-18T11:55:25","modified_gmt":"2026-04-18T09:55:25","slug":"phytobronz-promopack-302-gel","status":"publish","type":"product","link":"https:\/\/www.pharmacieonline.lu\/de\/produit\/phytobronz-promopack-302-gel\/","title":{"rendered":"PHYTOBRONZ PROMOPACK 30*2 GEL"},"content":{"rendered":"<p>Phytobronz\u00ae ist ein Nahrungserg\u00e4nzungsmittel f\u00fcr Erwachsene, die ihre Haut auf den Sommer vorbereiten m\u00f6chten<\/p>\n<p>Indikation<\/p>\n<p>Es beinhaltet:<\/p>\n<p>Kupfer, das zur Pigmentierung der Haut beitr\u00e4gt.<br \/>\nSelen und Vitamin E sind Antioxidantien, die die Zellen vor oxidativem Stress sch\u00fctzen.<br \/>\nBeta-Carotin, das eine Vorstufe von Vitamin A ist. Seine Bioverf\u00fcgbarkeit wird durch Phytoperin optimiert. Vitamin A tr\u00e4gt zur Erhaltung einer gesunden Haut bei.<br \/>\nWertvolle \u00d6le (Argan-, Borretsch- und Sesam\u00f6l), die helfen, die Elastizit\u00e4t und Geschmeidigkeit der Haut zu erhalten.<br \/>\nVerwenden<\/p>\n<p>Reserviert f\u00fcr Erwachsene.<\/p>\n<p>Nehmen Sie 1 Kapsel pro Tag zu einer Mahlzeit ein, mindestens 15 Tage vor, w\u00e4hrend und nach der Sonnenexposition oder k\u00fcnstlichen UV-Strahlen.<br \/>\nKomposition<\/p>\n<p>ZUTATEN: F\u00fcr 1 Kapsel &#8211; % NRV*<\/p>\n<p>Borretsch\u00f6l 115 mg<\/p>\n<p>Sesam\u00f6l 75mg<\/p>\n<p>Argan\u00f6l 25mg<\/p>\n<p>Pfefferextrakt 1,1 mg<\/p>\n<p>davon Piperin 1 mg<\/p>\n<p>Gesamtcarotinoide 12 mg<\/p>\n<p>davon Betacarotin 4,8 mg<\/p>\n<p>entweder in Gl. Vitamin A 800 \u00b5g RE &#8211; 100 %<\/p>\n<p>davon Lutein 2,9 mg<\/p>\n<p>davon Lycopin 3 mg<\/p>\n<p>Vitamin E 12 mg ?-TE &#8211; 100 %<\/p>\n<p>Kupfer 0,33 mg &#8211; 33 %<\/p>\n<p>Selen 18 mcg &#8211; 33 %<\/p>\n<p>NRV: N\u00e4hrwertbezugswert*<\/p>","protected":false},"excerpt":{"rendered":"<p>Phytobronz\u00ae ist ein Nahrungserg\u00e4nzungsmittel f\u00fcr Erwachsene, die ihre Haut auf den Sommer vorbereiten m\u00f6chten Indikation Es beinhaltet: Kupfer, das zur Pigmentierung der Haut beitr\u00e4gt. Selen und Vitamin E sind Antioxidantien, die die Zellen vor oxidativem Stress sch\u00fctzen. Beta-Carotin, das eine Vorstufe von Vitamin A ist. Seine Bioverf\u00fcgbarkeit wird durch Phytoperin optimiert. Vitamin A tr\u00e4gt zur [&hellip;]<\/p>\n","protected":false},"featured_media":48884,"template":"","meta":{"_acf_changed":false,"footnotes":""},"product_brand":[],"product_cat":[42,52,960,953],"product_tag":[],"class_list":{"0":"post-24222","1":"product","2":"type-product","3":"status-publish","4":"has-post-thumbnail","6":"product_cat-para-pharmacie","7":"product_cat-produits-solaires","8":"product_cat-promos","9":"product_cat-complements-alimentaires","11":"first","12":"outofstock","13":"taxable","14":"shipping-taxable","15":"purchasable","16":"product-type-simple"},"acf":[],"_links":{"self":[{"href":"https:\/\/www.pharmacieonline.lu\/de\/wp-json\/wp\/v2\/product\/24222","targetHints":{"allow":["GET"]}}],"collection":[{"href":"https:\/\/www.pharmacieonline.lu\/de\/wp-json\/wp\/v2\/product"}],"about":[{"href":"https:\/\/www.pharmacieonline.lu\/de\/wp-json\/wp\/v2\/types\/product"}],"version-history":[{"count":0,"href":"https:\/\/www.pharmacieonline.lu\/de\/wp-json\/wp\/v2\/product\/24222\/revisions"}],"wp:featuredmedia":[{"embeddable":true,"href":"https:\/\/www.pharmacieonline.lu\/de\/wp-json\/wp\/v2\/media\/48884"}],"wp:attachment":[{"href":"https:\/\/www.pharmacieonline.lu\/de\/wp-json\/wp\/v2\/media?parent=24222"}],"wp:term":[{"taxonomy":"product_brand","embeddable":true,"href":"https:\/\/www.pharmacieonline.lu\/de\/wp-json\/wp\/v2\/product_brand?post=24222"},{"taxonomy":"product_cat","embeddable":true,"href":"https:\/\/www.pharmacieonline.lu\/de\/wp-json\/wp\/v2\/product_cat?post=24222"},{"taxonomy":"product_tag","embeddable":true,"href":"https:\/\/www.pharmacieonline.lu\/de\/wp-json\/wp\/v2\/product_tag?post=24222"}],"curies":[{"name":"wp","href":"https:\/\/api.w.org\/{rel}","templated":true}]}}