{"id":24227,"date":"2022-03-21T11:36:49","date_gmt":"2022-03-21T10:36:49","guid":{"rendered":"https:\/\/www.pharmacieonline.lu\/?post_type=product&#038;p=24227"},"modified":"2026-04-15T07:55:27","modified_gmt":"2026-04-15T05:55:27","slug":"phytobronz-30-caps","status":"publish","type":"product","link":"https:\/\/www.pharmacieonline.lu\/de\/produit\/phytobronz-30-caps\/","title":{"rendered":"PHYTOBRONZ 30 CAPS"},"content":{"rendered":"<p>Phytobronz\u00ae ist ein Nahrungserg\u00e4nzungsmittel f\u00fcr Erwachsene, die ihre Haut auf den Sommer vorbereiten m\u00f6chten. Es beinhaltet:<\/p>\n<p>Kupfer, das zur Pigmentierung der Haut beitr\u00e4gt.<br \/>\nSelen und Vitamin E sind Antioxidantien, die die Zellen vor oxidativem Stress sch\u00fctzen.<br \/>\nBeta-Carotin, das eine Vorstufe von Vitamin A ist. Seine Bioverf\u00fcgbarkeit wird durch Phytoperin optimiert. Vitamin A tr\u00e4gt zur Erhaltung einer gesunden Haut bei.<br \/>\nWertvolle \u00d6le (Argan-, Borretsch- und Sesam\u00f6l), die helfen, die Elastizit\u00e4t und Geschmeidigkeit der Haut zu erhalten.<br \/>\nVerwenden<\/p>\n<p>ANWENDUNGSTIPPS<\/p>\n<p>Oralem Weg. Reserviert f\u00fcr Erwachsene.<\/p>\n<p>Nehmen Sie 1 Kapsel pro Tag zu einer Mahlzeit ein, mindestens 15 Tage vor, w\u00e4hrend und nach der Sonnenexposition oder k\u00fcnstlichen UV-Strahlen.<br \/>\nKomposition<\/p>\n<p>ZUTATEN: F\u00fcr 1 Kapsel &#8211; % NRV*<\/p>\n<p>Borretsch\u00f6l 115 mg<br \/>\nSesam\u00f6l 75mg<br \/>\nArgan\u00f6l 25mg<br \/>\nPfefferextrakt 1,1 mg<\/p>\n<p>-davon Piperin 1 mg<\/p>\n<p>Gesamtcarotinoide 12 mg<\/p>\n<p>-davon Betacarotin 4,8 mg<\/p>\n<p>&#8211; entweder in Gl. Vitamin A 800 \u00b5g RE &#8211; 100 %<\/p>\n<p>-davon Lutein 2,9 mg<\/p>\n<p>-davon Lycopin 3 mg<\/p>\n<p>Vitamin E 12 mg ?-TE &#8211; 100 %<br \/>\nKupfer 0,33 mg &#8211; 33 %<br \/>\nSelen 18 mcg &#8211; 33 %<\/p>\n<p>*NRV: N\u00e4hrwertbezugswert<\/p>","protected":false},"excerpt":{"rendered":"<p>Phytobronz\u00ae ist ein Nahrungserg\u00e4nzungsmittel f\u00fcr Erwachsene, die ihre Haut auf den Sommer vorbereiten m\u00f6chten. Es beinhaltet: Kupfer, das zur Pigmentierung der Haut beitr\u00e4gt. Selen und Vitamin E sind Antioxidantien, die die Zellen vor oxidativem Stress sch\u00fctzen. Beta-Carotin, das eine Vorstufe von Vitamin A ist. Seine Bioverf\u00fcgbarkeit wird durch Phytoperin optimiert. Vitamin A tr\u00e4gt zur Erhaltung [&hellip;]<\/p>\n","protected":false},"featured_media":48894,"template":"","meta":{"_acf_changed":false,"footnotes":""},"product_brand":[],"product_cat":[42,52,953],"product_tag":[],"class_list":{"0":"post-24227","1":"product","2":"type-product","3":"status-publish","4":"has-post-thumbnail","6":"product_cat-para-pharmacie","7":"product_cat-produits-solaires","8":"product_cat-complements-alimentaires","10":"first","11":"outofstock","12":"sale","13":"taxable","14":"shipping-taxable","15":"purchasable","16":"product-type-simple"},"acf":[],"_links":{"self":[{"href":"https:\/\/www.pharmacieonline.lu\/de\/wp-json\/wp\/v2\/product\/24227","targetHints":{"allow":["GET"]}}],"collection":[{"href":"https:\/\/www.pharmacieonline.lu\/de\/wp-json\/wp\/v2\/product"}],"about":[{"href":"https:\/\/www.pharmacieonline.lu\/de\/wp-json\/wp\/v2\/types\/product"}],"version-history":[{"count":0,"href":"https:\/\/www.pharmacieonline.lu\/de\/wp-json\/wp\/v2\/product\/24227\/revisions"}],"wp:featuredmedia":[{"embeddable":true,"href":"https:\/\/www.pharmacieonline.lu\/de\/wp-json\/wp\/v2\/media\/48894"}],"wp:attachment":[{"href":"https:\/\/www.pharmacieonline.lu\/de\/wp-json\/wp\/v2\/media?parent=24227"}],"wp:term":[{"taxonomy":"product_brand","embeddable":true,"href":"https:\/\/www.pharmacieonline.lu\/de\/wp-json\/wp\/v2\/product_brand?post=24227"},{"taxonomy":"product_cat","embeddable":true,"href":"https:\/\/www.pharmacieonline.lu\/de\/wp-json\/wp\/v2\/product_cat?post=24227"},{"taxonomy":"product_tag","embeddable":true,"href":"https:\/\/www.pharmacieonline.lu\/de\/wp-json\/wp\/v2\/product_tag?post=24227"}],"curies":[{"name":"wp","href":"https:\/\/api.w.org\/{rel}","templated":true}]}}