{"id":24246,"date":"2022-03-22T11:13:09","date_gmt":"2022-03-22T10:13:09","guid":{"rendered":"https:\/\/www.pharmacieonline.lu\/?post_type=product&#038;p=24246"},"modified":"2026-04-06T11:55:25","modified_gmt":"2026-04-06T09:55:25","slug":"miloa-anti-ox-30-caps-vet","status":"publish","type":"product","link":"https:\/\/www.pharmacieonline.lu\/de\/produit\/miloa-anti-ox-30-caps-vet\/","title":{"rendered":"MILOA ANTI OX 30 CAPS VET"},"content":{"rendered":"<p>VITALIT\u00c4T<br \/>\nJUGEND<br \/>\nBALANCE<\/p>\n<p>Der K\u00f6rper produziert jeden Tag freie Radikale. Es ist dem physiologischen, aeroben Zellstoffwechsel inh\u00e4rent.<\/p>\n<p>Freie Radikale werden im Wesentlichen aus Sauerstoff gebildet, der an der Energiegewinnung auf der Ebene der Mitochondrien beteiligt ist. Sie spielen auch eine Rolle im Abwehrsystem gegen Mikroorganismen.<\/p>\n<p>Wenn sie in gro\u00dfer Zahl produziert werden, verursachen sie Sch\u00e4den an Zellmembranen, Protein- und DNA-Abbau. Dies f\u00fchrt zu Zelltod oder genetischen Mutationen, die Krebs verursachen und das Altern sowie das Auftreten vieler Pathologien f\u00f6rdern.<\/p>\n<p>Oxidativer Stress ist an einer betr\u00e4chtlichen Anzahl von Pathologien beteiligt, und es ist noch nicht bekannt, ob er die Ursache oder die Folge ist: Asthma, Diabetes, COPD, chronisches Nierenversagen, Morbus Crohn, Osteoarthrose, Pankreatitis, chronisch entz\u00fcndliche Erkrankungen und Autoimmunerkrankungen usw.<\/p>\n<p>VERWENDEN<br \/>\nAlle Nahrungsbestandteile von Anti-OxTM Miloa sind von Natur aus reich an Antioxidantien. Anti-OxTM Miloa stimuliert Abwehr- und Gewebereparaturmechanismen.<\/p>\n<p>Sophora japonica, Granatapfel, gr\u00fcner Tee, Kurkuma, Heidelbeere und Melone enthalten starke nat\u00fcrliche Antioxidantien, die helfen, freie Radikale zu neutralisieren.<\/p>\n<p>KOMPOSITION<br \/>\nStyphnolobium japonicum (Sophora japonica)<br \/>\nPunica granatum (Granatapfel)<br \/>\nCamellia sinensis (gr\u00fcner Tee)<br \/>\nCurcuma longa (Kurkuma)<br \/>\nVaccinium myrtillus (Heidelbeere)<br \/>\nCucumis melo (Melone).<br \/>\nHANDBUCH<br \/>\nHunde und Katzen &lt; 10 kg: 1\/2 Kapsel\/d<br \/>\nHunde von 10 bis 20 kg: 1 Kapsel\/d<br \/>\nHunde von 20 bis 30 kg: 2 Kapseln\/Tag<br \/>\nHunde \u00fcber 30 kg: 3 Kapseln\/d<\/p>\n<p>Die oben genannte Menge kann in den ersten 2 Wochen verdoppelt werden. Die Dauer der Erg\u00e4nzung mit Anti-OxTM Miloa kann je nach den Bed\u00fcrfnissen Ihres Haustieres variieren. Die Kapseln k\u00f6nnen ge\u00f6ffnet und mit Nahrung gemischt werden.<\/p>","protected":false},"excerpt":{"rendered":"<p>VITALIT\u00c4T JUGEND BALANCE Der K\u00f6rper produziert jeden Tag freie Radikale. Es ist dem physiologischen, aeroben Zellstoffwechsel inh\u00e4rent. Freie Radikale werden im Wesentlichen aus Sauerstoff gebildet, der an der Energiegewinnung auf der Ebene der Mitochondrien beteiligt ist. Sie spielen auch eine Rolle im Abwehrsystem gegen Mikroorganismen. Wenn sie in gro\u00dfer Zahl produziert werden, verursachen sie Sch\u00e4den [&hellip;]<\/p>\n","protected":false},"featured_media":24247,"template":"","meta":{"_acf_changed":false,"footnotes":""},"product_brand":[],"product_cat":[151,150,46],"product_tag":[],"class_list":{"0":"post-24246","1":"product","2":"type-product","3":"status-publish","4":"has-post-thumbnail","6":"product_cat-chiens","7":"product_cat-chats","8":"product_cat-veterinaire","10":"first","11":"outofstock","12":"taxable","13":"shipping-taxable","14":"purchasable","15":"product-type-simple"},"acf":[],"_links":{"self":[{"href":"https:\/\/www.pharmacieonline.lu\/de\/wp-json\/wp\/v2\/product\/24246","targetHints":{"allow":["GET"]}}],"collection":[{"href":"https:\/\/www.pharmacieonline.lu\/de\/wp-json\/wp\/v2\/product"}],"about":[{"href":"https:\/\/www.pharmacieonline.lu\/de\/wp-json\/wp\/v2\/types\/product"}],"version-history":[{"count":1,"href":"https:\/\/www.pharmacieonline.lu\/de\/wp-json\/wp\/v2\/product\/24246\/revisions"}],"predecessor-version":[{"id":55520,"href":"https:\/\/www.pharmacieonline.lu\/de\/wp-json\/wp\/v2\/product\/24246\/revisions\/55520"}],"wp:featuredmedia":[{"embeddable":true,"href":"https:\/\/www.pharmacieonline.lu\/de\/wp-json\/wp\/v2\/media\/24247"}],"wp:attachment":[{"href":"https:\/\/www.pharmacieonline.lu\/de\/wp-json\/wp\/v2\/media?parent=24246"}],"wp:term":[{"taxonomy":"product_brand","embeddable":true,"href":"https:\/\/www.pharmacieonline.lu\/de\/wp-json\/wp\/v2\/product_brand?post=24246"},{"taxonomy":"product_cat","embeddable":true,"href":"https:\/\/www.pharmacieonline.lu\/de\/wp-json\/wp\/v2\/product_cat?post=24246"},{"taxonomy":"product_tag","embeddable":true,"href":"https:\/\/www.pharmacieonline.lu\/de\/wp-json\/wp\/v2\/product_tag?post=24246"}],"curies":[{"name":"wp","href":"https:\/\/api.w.org\/{rel}","templated":true}]}}