{"id":24262,"date":"2022-03-22T11:25:07","date_gmt":"2022-03-22T10:25:07","guid":{"rendered":"https:\/\/www.pharmacieonline.lu\/?post_type=product&#038;p=24262"},"modified":"2026-04-06T14:25:19","modified_gmt":"2026-04-06T12:25:19","slug":"miloa-hepa-supp-30-cpr-vet","status":"publish","type":"product","link":"https:\/\/www.pharmacieonline.lu\/de\/produit\/miloa-hepa-supp-30-cpr-vet\/","title":{"rendered":"MILOA HEPA SUPP 30 CPR VET"},"content":{"rendered":"<p>DRAINAGE<br \/>\nHARMONIE<br \/>\nENTGIFTUNG<\/p>\n<p>Die Leber erf\u00fcllt viele Funktionen im K\u00f6rper. Es speichert, verstoffwechselt, synthetisiert sehr viele Vitalstoffe und scheidet Giftstoffe aus. Es ist am Stoffwechsel von Kohlenhydraten und Lipiden (einschlie\u00dflich Cholesterin) beteiligt. Es sondert Galle, zirkulierende Proteine \u200b\u200bwie Albumin und Gerinnungsfaktoren ab.<\/p>\n<p>Es speichert die Vitamine A, D, K, E, B2, Eisen und Kupfer. Es wandelt die inaktive Form von Vitamin D in die aktive Form um. Es wandelt das im Verdauungstrakt produzierte Ammoniak in Harnstoff um. Es baut Giftstoffe und Medikamente ab und zerst\u00f6rt sie. Es ist der Dirigent des Stoffwechsels.<\/p>\n<p>VERWENDEN<\/p>\n<p>Alle Bestandteile von Hepa SuppTM Miloa tragen zur Unterst\u00fctzung der Leberfunktion bei. Taurin und Curcumin sind nat\u00fcrliche Antioxidantien, die helfen, freie Radikale zu neutralisieren. Mariendistel-Silymarin ist ein starker Leberschutz.<\/p>\n<p>ZUSATZSTOFF<br \/>\nAminos\u00e4uren: Taurin25 g\/kg<\/p>\n<p>KOMPOSITION<br \/>\nFischmahlzeit<br \/>\nKurkuma longa reich an Curcumin<br \/>\nFisch\u00f6l reich an EPA\/DHA<br \/>\nCynara scolymus (Artischocke)<br \/>\nSilybum marianum (Mariendistel)<br \/>\nreich an Silymarin<\/p>\n<p>HANDBUCH<br \/>\nHunde und Katzen &lt; 10 kg: 1\/2 cp\/d<br \/>\nHunde von 10 bis 20 kg: 1 Tablette pro Tag<br \/>\nHunde von 20 bis 30 kg: 2 CP\/T<br \/>\nHunde &gt; 30 kg: 3 CP\/Tag<\/p>\n<p>Die zu verabreichende Menge an Hepa SuppTM Miloa kann je nach den Bed\u00fcrfnissen Ihres Haustieres variieren. Verwenden Sie so lange wie n\u00f6tig. Die Tabletten sind sehr schmackhaft und werden von den meisten Hunden und Katzen spontan angenommen. Sie k\u00f6nnen auch zerbr\u00f6ckelt und ins Essen gemischt werden.<\/p>","protected":false},"excerpt":{"rendered":"<p>DRAINAGE HARMONIE ENTGIFTUNG Die Leber erf\u00fcllt viele Funktionen im K\u00f6rper. Es speichert, verstoffwechselt, synthetisiert sehr viele Vitalstoffe und scheidet Giftstoffe aus. Es ist am Stoffwechsel von Kohlenhydraten und Lipiden (einschlie\u00dflich Cholesterin) beteiligt. Es sondert Galle, zirkulierende Proteine \u200b\u200bwie Albumin und Gerinnungsfaktoren ab. Es speichert die Vitamine A, D, K, E, B2, Eisen und Kupfer. Es [&hellip;]<\/p>\n","protected":false},"featured_media":24263,"template":"","meta":{"_acf_changed":false,"footnotes":""},"product_brand":[],"product_cat":[151,150,46],"product_tag":[],"class_list":{"0":"post-24262","1":"product","2":"type-product","3":"status-publish","4":"has-post-thumbnail","6":"product_cat-chiens","7":"product_cat-chats","8":"product_cat-veterinaire","10":"first","11":"instock","12":"taxable","13":"shipping-taxable","14":"purchasable","15":"product-type-simple"},"acf":[],"_links":{"self":[{"href":"https:\/\/www.pharmacieonline.lu\/de\/wp-json\/wp\/v2\/product\/24262","targetHints":{"allow":["GET"]}}],"collection":[{"href":"https:\/\/www.pharmacieonline.lu\/de\/wp-json\/wp\/v2\/product"}],"about":[{"href":"https:\/\/www.pharmacieonline.lu\/de\/wp-json\/wp\/v2\/types\/product"}],"version-history":[{"count":1,"href":"https:\/\/www.pharmacieonline.lu\/de\/wp-json\/wp\/v2\/product\/24262\/revisions"}],"predecessor-version":[{"id":55513,"href":"https:\/\/www.pharmacieonline.lu\/de\/wp-json\/wp\/v2\/product\/24262\/revisions\/55513"}],"wp:featuredmedia":[{"embeddable":true,"href":"https:\/\/www.pharmacieonline.lu\/de\/wp-json\/wp\/v2\/media\/24263"}],"wp:attachment":[{"href":"https:\/\/www.pharmacieonline.lu\/de\/wp-json\/wp\/v2\/media?parent=24262"}],"wp:term":[{"taxonomy":"product_brand","embeddable":true,"href":"https:\/\/www.pharmacieonline.lu\/de\/wp-json\/wp\/v2\/product_brand?post=24262"},{"taxonomy":"product_cat","embeddable":true,"href":"https:\/\/www.pharmacieonline.lu\/de\/wp-json\/wp\/v2\/product_cat?post=24262"},{"taxonomy":"product_tag","embeddable":true,"href":"https:\/\/www.pharmacieonline.lu\/de\/wp-json\/wp\/v2\/product_tag?post=24262"}],"curies":[{"name":"wp","href":"https:\/\/api.w.org\/{rel}","templated":true}]}}