{"id":24682,"date":"2022-04-12T17:10:44","date_gmt":"2022-04-12T15:10:44","guid":{"rendered":"https:\/\/www.pharmacieonline.lu\/?post_type=product&#038;p=24682"},"modified":"2026-04-05T06:25:22","modified_gmt":"2026-04-05T04:25:22","slug":"nuxe-nux-cf-cr-concentre-multi-fon-100ml","status":"publish","type":"product","link":"https:\/\/www.pharmacieonline.lu\/de\/produit\/nuxe-nux-cf-cr-concentre-multi-fon-100ml\/","title":{"rendered":"NUXE CREME FRAICHE 3en1 100ML"},"content":{"rendered":"<p>Cr\u00e8me fra\u00eeche de Beaut\u00e9\u00ae 3-in-1 100ml<\/p>\n<p>3 Produkte in einer Tube!<\/p>\n<p>&#8211; Als Creme: Eine halbe Haselnuss reicht aus, um die Feuchtigkeitsversorgung Ihrer Haut zu f\u00f6rdern und ein Gef\u00fchl von sofortigem Komfort zu vermitteln. Strahlend f\u00fcr 81 %** der Frauen, die Haut ist weicher und sublimiert.<br \/>\n&#8211; Durch das Entfernen von Make-up: Verwenden Sie das \u00c4quivalent von zwei Mandeln, um die reinigende Kraft unter der Wirkung der Massage zu aktivieren. Es l\u00f6st Make-up und Unreinheiten von Gesicht und Augen, ohne einen Fettfilm zu hinterlassen. F\u00fcr weiche und hydratisierte Haut.<br \/>\n-Als Maske: Tragen Sie eine dicke Schicht auf und lassen Sie sie ein- oder zweimal pro Woche f\u00fcr pralle und aufgepolsterte Haut 5 Minuten einwirken.<br \/>\nSeine Formel respektiert das Mikrobiom der Haut, die Haut ist gesund und voller Vitalit\u00e4t.<\/p>","protected":false},"excerpt":{"rendered":"<p>Cr\u00e8me fra\u00eeche de Beaut\u00e9\u00ae 3-in-1 100ml 3 Produkte in einer Tube! &#8211; Als Creme: Eine halbe Haselnuss reicht aus, um die Feuchtigkeitsversorgung Ihrer Haut zu f\u00f6rdern und ein Gef\u00fchl von sofortigem Komfort zu vermitteln. Strahlend f\u00fcr 81 %** der Frauen, die Haut ist weicher und sublimiert. &#8211; Durch das Entfernen von Make-up: Verwenden Sie das [&hellip;]<\/p>\n","protected":false},"featured_media":24683,"template":"","meta":{"_acf_changed":false,"footnotes":""},"product_brand":[],"product_cat":[47,42,761,54,782],"product_tag":[],"class_list":{"0":"post-24682","1":"product","2":"type-product","3":"status-publish","4":"has-post-thumbnail","6":"product_cat-dermocosmetique","7":"product_cat-para-pharmacie","8":"product_cat-demaquillant-eau-micellaire-tonique","9":"product_cat-soins-du-visage","10":"product_cat-vegan","12":"first","13":"instock","14":"taxable","15":"shipping-taxable","16":"purchasable","17":"product-type-simple"},"acf":[],"_links":{"self":[{"href":"https:\/\/www.pharmacieonline.lu\/de\/wp-json\/wp\/v2\/product\/24682","targetHints":{"allow":["GET"]}}],"collection":[{"href":"https:\/\/www.pharmacieonline.lu\/de\/wp-json\/wp\/v2\/product"}],"about":[{"href":"https:\/\/www.pharmacieonline.lu\/de\/wp-json\/wp\/v2\/types\/product"}],"version-history":[{"count":0,"href":"https:\/\/www.pharmacieonline.lu\/de\/wp-json\/wp\/v2\/product\/24682\/revisions"}],"wp:featuredmedia":[{"embeddable":true,"href":"https:\/\/www.pharmacieonline.lu\/de\/wp-json\/wp\/v2\/media\/24683"}],"wp:attachment":[{"href":"https:\/\/www.pharmacieonline.lu\/de\/wp-json\/wp\/v2\/media?parent=24682"}],"wp:term":[{"taxonomy":"product_brand","embeddable":true,"href":"https:\/\/www.pharmacieonline.lu\/de\/wp-json\/wp\/v2\/product_brand?post=24682"},{"taxonomy":"product_cat","embeddable":true,"href":"https:\/\/www.pharmacieonline.lu\/de\/wp-json\/wp\/v2\/product_cat?post=24682"},{"taxonomy":"product_tag","embeddable":true,"href":"https:\/\/www.pharmacieonline.lu\/de\/wp-json\/wp\/v2\/product_tag?post=24682"}],"curies":[{"name":"wp","href":"https:\/\/api.w.org\/{rel}","templated":true}]}}