{"id":24817,"date":"2022-04-15T12:23:19","date_gmt":"2022-04-15T10:23:19","guid":{"rendered":"https:\/\/www.pharmacieonline.lu\/?post_type=product&#038;p=24817"},"modified":"2026-04-04T19:55:22","modified_gmt":"2026-04-04T17:55:22","slug":"caudalie-vinoclean-eau-micel-demaq-400ml","status":"publish","type":"product","link":"https:\/\/www.pharmacieonline.lu\/de\/produit\/caudalie-vinoclean-eau-micel-demaq-400ml\/","title":{"rendered":"CAUDALIE VINOCLEAN EAU MICEL DEMAQ 400ML"},"content":{"rendered":"<p>MIZELLER-MAKE-UP-ENTFERNER<br \/>\nSaubere Haut, gr\u00fcner Planet<\/p>\n<p>Dieses kristallklare Wasser entfernt Make-up, reinigt und beruhigt Gesicht und Augen, selbst die empfindlichsten, in einem einzigen Schritt.<\/p>\n<p>BEZEICHNUNG<\/p>\n<p>NEU<br \/>\nUnsere Make-up-Entferner werden \u00fcberarbeitet und werden zu VINOCLEAN, einer neuen Reihe umweltfreundlicher Reinigungsmittel mit veganen und hochnat\u00fcrlichen Formeln.<\/p>\n<p>Das Mizellenwasser besteht zu 98 % aus Inhaltsstoffen nat\u00fcrlichen Ursprungs und reinigt und entfernt Make-up von Gesicht und Augen mit einer einzigen Geste, wobei das nat\u00fcrliche Gleichgewicht der Haut respektiert wird. Voller Bio-Traubenwasser spendet es Feuchtigkeit und beruhigt selbst die empfindlichste Haut. Die Haut ist klar, weich und angenehm.<\/p>\n<p>Sein sehr frischer Duft verbindet Noten von Mandarinenbl\u00fcte, Zitronenblatt, Wassermelone und frischer Minze.<\/p>\n<p>Caudalie verpflichtet sich:<br \/>\n&#8211; Neue 100 % recycelte Plastikflaschen*<br \/>\n&#8211; Einsparung von 50 Tonnen Kunststoff petrochemischen Ursprungs**<br \/>\n&#8211; 45 % Reduzierung des CO2-Fu\u00dfabdrucks**<\/p>\n<p>*Wo Einrichtungen vorhanden sind. Es gibt keine recycelbaren Pumpen: dank der TerraCycle-Partnerschaft in den Caudalie-Boutiquen zu sammeln.<br \/>\n**Im Vergleich zur alten Linie der Caudalie Reinigungs- und Make-up-Entferner.<\/p>\n<p>Vorteile<br \/>\nReinigt und entfernt Make-up<br \/>\nSpendet Feuchtigkeit und beruhigt<br \/>\nMacht die Haut weich und angenehm<br \/>\nFormel :<\/p>\n<p>98 % Inhaltsstoffe nat\u00fcrlichen Ursprungs.<\/p>\n<p>Seifenfrei, unter dermatologischer und augen\u00e4rztlicher Kontrolle getestet.<\/p>\n<p>Und wie alle Caudalie-Produkte frei von Parabenen, Phenoxyethanol, Phthalaten, Mineral\u00f6len, PEG, Silikonen, Natriumlaurethsulfaten, Inhaltsstoffen tierischen Ursprungs.<\/p>\n<p>Yuka-Bewertung: 100\/100<\/p>\n<p>Komposition<br \/>\nZUTATEN: AQUA\/WASSER\/EAU, GLYCERIN, POLOXAMER 188, VITIS VINIFERA (TRAUBEN) FRUCHTWASSER, HEPTYLGLUCOSID, CAPRYL\/CAPRAMIDOPROPYL BETAINE, NATRIUMLEVULINAT, NATRIUMANISAT, NATRIUMCHLORID, CHAMOMILLA RECUTITA (MATRICARIA) BLUMENEXTRAKT, ZITRONENS\u00c4URE, VITIS VINIFERA (TRAUBEN) SAFT, NATRIUMBENZOAT, KALIUMSORBAT, PARFUM (DUFT).(067\/178)<br \/>\nANWENDUNG<\/p>\n<p>1. Tr\u00e4nken Sie morgens und abends ein Wattepad mit 4 Pumpst\u00f6\u00dfen Mizellenwasser.<br \/>\n2. Schieben Sie die Watte sanft \u00fcber das gesamte Gesicht, ohne den Hals zu vergessen. Wiederholen Sie den Vorgang bei Bedarf.<br \/>\nOhne Sp\u00fclung.<\/p>\n<p>Zum Entfernen von Augen-Make-up das Wattepad einige Sekunden einwirken lassen, dann sanft nach unten und dann aus dem Auge schieben.<\/p>","protected":false},"excerpt":{"rendered":"<p>MIZELLER-MAKE-UP-ENTFERNER Saubere Haut, gr\u00fcner Planet Dieses kristallklare Wasser entfernt Make-up, reinigt und beruhigt Gesicht und Augen, selbst die empfindlichsten, in einem einzigen Schritt. BEZEICHNUNG NEU Unsere Make-up-Entferner werden \u00fcberarbeitet und werden zu VINOCLEAN, einer neuen Reihe umweltfreundlicher Reinigungsmittel mit veganen und hochnat\u00fcrlichen Formeln. Das Mizellenwasser besteht zu 98 % aus Inhaltsstoffen nat\u00fcrlichen Ursprungs und reinigt [&hellip;]<\/p>\n","protected":false},"featured_media":24818,"template":"","meta":{"_acf_changed":false,"footnotes":""},"product_brand":[],"product_cat":[47,42,761,782],"product_tag":[],"class_list":{"0":"post-24817","1":"product","2":"type-product","3":"status-publish","4":"has-post-thumbnail","6":"product_cat-dermocosmetique","7":"product_cat-para-pharmacie","8":"product_cat-demaquillant-eau-micellaire-tonique","9":"product_cat-vegan","11":"first","12":"instock","13":"taxable","14":"shipping-taxable","15":"purchasable","16":"product-type-simple"},"acf":[],"_links":{"self":[{"href":"https:\/\/www.pharmacieonline.lu\/de\/wp-json\/wp\/v2\/product\/24817","targetHints":{"allow":["GET"]}}],"collection":[{"href":"https:\/\/www.pharmacieonline.lu\/de\/wp-json\/wp\/v2\/product"}],"about":[{"href":"https:\/\/www.pharmacieonline.lu\/de\/wp-json\/wp\/v2\/types\/product"}],"version-history":[{"count":0,"href":"https:\/\/www.pharmacieonline.lu\/de\/wp-json\/wp\/v2\/product\/24817\/revisions"}],"wp:featuredmedia":[{"embeddable":true,"href":"https:\/\/www.pharmacieonline.lu\/de\/wp-json\/wp\/v2\/media\/24818"}],"wp:attachment":[{"href":"https:\/\/www.pharmacieonline.lu\/de\/wp-json\/wp\/v2\/media?parent=24817"}],"wp:term":[{"taxonomy":"product_brand","embeddable":true,"href":"https:\/\/www.pharmacieonline.lu\/de\/wp-json\/wp\/v2\/product_brand?post=24817"},{"taxonomy":"product_cat","embeddable":true,"href":"https:\/\/www.pharmacieonline.lu\/de\/wp-json\/wp\/v2\/product_cat?post=24817"},{"taxonomy":"product_tag","embeddable":true,"href":"https:\/\/www.pharmacieonline.lu\/de\/wp-json\/wp\/v2\/product_tag?post=24817"}],"curies":[{"name":"wp","href":"https:\/\/api.w.org\/{rel}","templated":true}]}}