{"id":24875,"date":"2022-04-22T14:01:42","date_gmt":"2022-04-22T12:01:42","guid":{"rendered":"https:\/\/www.pharmacieonline.lu\/?post_type=product&#038;p=24875"},"modified":"2026-04-09T12:25:31","modified_gmt":"2026-04-09T10:25:31","slug":"nuxe-nux-cf-cr-au-beurre-ps-50ml","status":"publish","type":"product","link":"https:\/\/www.pharmacieonline.lu\/de\/produit\/nuxe-nux-cf-cr-au-beurre-ps-50ml\/","title":{"rendered":"NUXE CREME FRAICHE CR AU BEURRE PS 50ML"},"content":{"rendered":"<p>Feuchtigkeitsspendende reichhaltige Creme | 48h, Cr\u00e8me fra\u00eeche de beaut\u00e9\u00ae 50ml<\/p>\n<p>Pflegt und f\u00f6rdert die Hautfeuchtigkeit f\u00fcr 48 Stunden<\/p>\n<p>Trockene Haut<\/p>\n<p>97 % Inhaltsstoffe nat\u00fcrlichen Ursprungs<\/p>\n<p>Schmelzen f\u00fcr verw\u00f6hnende Hydratation.<\/p>\n<p>Eine au\u00dfergew\u00f6hnliche Buttertextur, die sofort mit der W\u00e4rme der Haut schmilzt, um sie in ihre ern\u00e4hrungsphysiologischen Eigenschaften einzuh\u00fcllen.<\/p>\n<p>Angereichert mit pflanzlicher Milch, s\u00fc\u00dfem Mandel\u00f6l und pflanzlicher Butter (Shea und Moringa) ist diese reichhaltige Creme ideal f\u00fcr trockene Haut. Es f\u00f6rdert die Hydratation f\u00fcr 48 Stunden* und versorgt die Haut mit N\u00e4hrstoffen, ohne zu fetten.<\/p>\n<p>Die Haut ist sch\u00f6ner, sofort gen\u00e4hrt und getr\u00f6stet f\u00fcr 100 %** der Frauen.<\/p>\n<p>Empfindungen von Unbehagen und Engegef\u00fchl werden f\u00fcr sofortige Linderung reduziert. Die Haut ist frischer, der Teint strahlend und strahlend.<\/p>\n<p>Seine Formel respektiert das Mikrobiom der Haut, die Haut ist gesund und voller Vitalit\u00e4t.<\/p>\n<p>Die reichhaltige Feuchtigkeitscreme 48h: eine in Frankreich formulierte und hergestellte Behandlung.<\/p>","protected":false},"excerpt":{"rendered":"<p>Feuchtigkeitsspendende reichhaltige Creme | 48h, Cr\u00e8me fra\u00eeche de beaut\u00e9\u00ae 50ml Pflegt und f\u00f6rdert die Hautfeuchtigkeit f\u00fcr 48 Stunden Trockene Haut 97 % Inhaltsstoffe nat\u00fcrlichen Ursprungs Schmelzen f\u00fcr verw\u00f6hnende Hydratation. Eine au\u00dfergew\u00f6hnliche Buttertextur, die sofort mit der W\u00e4rme der Haut schmilzt, um sie in ihre ern\u00e4hrungsphysiologischen Eigenschaften einzuh\u00fcllen. Angereichert mit pflanzlicher Milch, s\u00fc\u00dfem Mandel\u00f6l und pflanzlicher [&hellip;]<\/p>\n","protected":false},"featured_media":24876,"template":"","meta":{"_acf_changed":false,"footnotes":""},"product_brand":[],"product_cat":[47,42,54,782],"product_tag":[],"class_list":{"0":"post-24875","1":"product","2":"type-product","3":"status-publish","4":"has-post-thumbnail","6":"product_cat-dermocosmetique","7":"product_cat-para-pharmacie","8":"product_cat-soins-du-visage","9":"product_cat-vegan","11":"first","12":"outofstock","13":"taxable","14":"shipping-taxable","15":"purchasable","16":"product-type-simple"},"acf":[],"_links":{"self":[{"href":"https:\/\/www.pharmacieonline.lu\/de\/wp-json\/wp\/v2\/product\/24875","targetHints":{"allow":["GET"]}}],"collection":[{"href":"https:\/\/www.pharmacieonline.lu\/de\/wp-json\/wp\/v2\/product"}],"about":[{"href":"https:\/\/www.pharmacieonline.lu\/de\/wp-json\/wp\/v2\/types\/product"}],"version-history":[{"count":0,"href":"https:\/\/www.pharmacieonline.lu\/de\/wp-json\/wp\/v2\/product\/24875\/revisions"}],"wp:featuredmedia":[{"embeddable":true,"href":"https:\/\/www.pharmacieonline.lu\/de\/wp-json\/wp\/v2\/media\/24876"}],"wp:attachment":[{"href":"https:\/\/www.pharmacieonline.lu\/de\/wp-json\/wp\/v2\/media?parent=24875"}],"wp:term":[{"taxonomy":"product_brand","embeddable":true,"href":"https:\/\/www.pharmacieonline.lu\/de\/wp-json\/wp\/v2\/product_brand?post=24875"},{"taxonomy":"product_cat","embeddable":true,"href":"https:\/\/www.pharmacieonline.lu\/de\/wp-json\/wp\/v2\/product_cat?post=24875"},{"taxonomy":"product_tag","embeddable":true,"href":"https:\/\/www.pharmacieonline.lu\/de\/wp-json\/wp\/v2\/product_tag?post=24875"}],"curies":[{"name":"wp","href":"https:\/\/api.w.org\/{rel}","templated":true}]}}