{"id":24878,"date":"2022-04-22T14:04:22","date_gmt":"2022-04-22T12:04:22","guid":{"rendered":"https:\/\/www.pharmacieonline.lu\/?post_type=product&#038;p=24878"},"modified":"2026-04-09T10:55:28","modified_gmt":"2026-04-09T08:55:28","slug":"nuxe-nux-cf-cr-legere-pnm-50ml","status":"publish","type":"product","link":"https:\/\/www.pharmacieonline.lu\/de\/produit\/nuxe-nux-cf-cr-legere-pnm-50ml\/","title":{"rendered":"NUXE CREME FRAICHE CR LEGERE PNM 50ML"},"content":{"rendered":"<p>Feuchtigkeitsspendendes, mattierendes Fluid | 48h, Cr\u00e8me fra\u00eeche de beaut\u00e9\u00ae 50ml<\/p>\n<p>Mattiert und f\u00f6rdert die Hautfeuchtigkeit f\u00fcr 48 Stunden.<\/p>\n<p>Mischhaut<\/p>\n<p>96 % Inhaltsstoffe nat\u00fcrlichen Ursprungs<\/p>\n<p>Schmelzen f\u00fcr verw\u00f6hnende Hydratation.<\/p>\n<p>Eine ultraleichte und s\u00fcchtig machende Textur, die der Haut eine Welle von Frische verleiht.<\/p>\n<p>Angereichert mit pflanzlicher Milch und S\u00fc\u00dfmandel\u00f6l spendet dieses Fluid 48 Stunden lang Feuchtigkeit* und mattiert Mischhaut sofort.<\/p>\n<p>Die Haut wird sichtbar transformiert: Das Hautbild wird verfeinert und die Poren werden bei 91 %** der Frauen gestrafft.<\/p>\n<p>Empfindungen von Unbehagen und Engegef\u00fchl werden f\u00fcr sofortige Linderung reduziert. Die Haut ist frischer, der Teint strahlend und strahlend.<\/p>\n<p>Seine Formel respektiert das Mikrobiom der Haut, die Haut ist gesund und voller Vitalit\u00e4t.<\/p>\n<p>Das 48h Moisturizing Mattifying Fluid: eine in Frankreich formulierte und hergestellte Behandlung.<\/p>","protected":false},"excerpt":{"rendered":"<p>Feuchtigkeitsspendendes, mattierendes Fluid | 48h, Cr\u00e8me fra\u00eeche de beaut\u00e9\u00ae 50ml Mattiert und f\u00f6rdert die Hautfeuchtigkeit f\u00fcr 48 Stunden. Mischhaut 96 % Inhaltsstoffe nat\u00fcrlichen Ursprungs Schmelzen f\u00fcr verw\u00f6hnende Hydratation. Eine ultraleichte und s\u00fcchtig machende Textur, die der Haut eine Welle von Frische verleiht. Angereichert mit pflanzlicher Milch und S\u00fc\u00dfmandel\u00f6l spendet dieses Fluid 48 Stunden lang Feuchtigkeit* [&hellip;]<\/p>\n","protected":false},"featured_media":24879,"template":"","meta":{"_acf_changed":false,"footnotes":""},"product_brand":[],"product_cat":[47,42,54,782],"product_tag":[],"class_list":{"0":"post-24878","1":"product","2":"type-product","3":"status-publish","4":"has-post-thumbnail","6":"product_cat-dermocosmetique","7":"product_cat-para-pharmacie","8":"product_cat-soins-du-visage","9":"product_cat-vegan","11":"first","12":"outofstock","13":"taxable","14":"shipping-taxable","15":"purchasable","16":"product-type-simple"},"acf":[],"_links":{"self":[{"href":"https:\/\/www.pharmacieonline.lu\/de\/wp-json\/wp\/v2\/product\/24878","targetHints":{"allow":["GET"]}}],"collection":[{"href":"https:\/\/www.pharmacieonline.lu\/de\/wp-json\/wp\/v2\/product"}],"about":[{"href":"https:\/\/www.pharmacieonline.lu\/de\/wp-json\/wp\/v2\/types\/product"}],"version-history":[{"count":0,"href":"https:\/\/www.pharmacieonline.lu\/de\/wp-json\/wp\/v2\/product\/24878\/revisions"}],"wp:featuredmedia":[{"embeddable":true,"href":"https:\/\/www.pharmacieonline.lu\/de\/wp-json\/wp\/v2\/media\/24879"}],"wp:attachment":[{"href":"https:\/\/www.pharmacieonline.lu\/de\/wp-json\/wp\/v2\/media?parent=24878"}],"wp:term":[{"taxonomy":"product_brand","embeddable":true,"href":"https:\/\/www.pharmacieonline.lu\/de\/wp-json\/wp\/v2\/product_brand?post=24878"},{"taxonomy":"product_cat","embeddable":true,"href":"https:\/\/www.pharmacieonline.lu\/de\/wp-json\/wp\/v2\/product_cat?post=24878"},{"taxonomy":"product_tag","embeddable":true,"href":"https:\/\/www.pharmacieonline.lu\/de\/wp-json\/wp\/v2\/product_tag?post=24878"}],"curies":[{"name":"wp","href":"https:\/\/api.w.org\/{rel}","templated":true}]}}