{"id":24971,"date":"2022-04-28T18:12:03","date_gmt":"2022-04-28T16:12:03","guid":{"rendered":"https:\/\/www.pharmacieonline.lu\/?post_type=product&#038;p=24971"},"modified":"2026-04-10T02:25:34","modified_gmt":"2026-04-10T00:25:34","slug":"vichy-liftactiv-vitam-c-serum-20ml","status":"publish","type":"product","link":"https:\/\/www.pharmacieonline.lu\/de\/produit\/vichy-liftactiv-vitam-c-serum-20ml\/","title":{"rendered":"VICHY LIFTACTIV VITAM C SERUM 20ML"},"content":{"rendered":"<p>Jeden Tag ist Ihre Haut \u00e4u\u00dferen Faktoren (Verschmutzung, UV-Strahlen usw.) ausgesetzt, die sie durch das Auftreten von freien Radikalen beeintr\u00e4chtigen, die oxidativen Stress in den Zellen verursachen. Hinzu kommt die nat\u00fcrliche Alterung der Haut, die das Auftreten von F\u00e4ltchen, feinen Linien und einem fahlen Teint zur Folge hat.<\/p>\n<p>Um diesem Ph\u00e4nomen entgegenzuwirken, ist es wichtig, t\u00e4glich ein antioxidatives Serum aufzutragen, wie z. B. LIFTACTIV SUPREME Vitamin C Serum. Dieses Anti-Falten-Serum enth\u00e4lt 15 % Vitamin C, ein starkes Antioxidans, das sowohl gegen Falten als auch f\u00fcr strahlende Haut wirkt. Es wird mit Vitamin E und Pycnogenol kombiniert, zwei Antioxidantien, die freie Radikale neutralisieren und das vulkanische Wasser von Vichy st\u00e4rken. Bereits nach 10 Tagen ist der Teint strahlender, feine Linien und F\u00e4ltchen werden gemildert und Erm\u00fcdungserscheinungen gemindert.<\/p>\n<p>Indikation<br \/>\nAnti-Falten-Serum.<\/p>\n<p>Benutzen<br \/>\nTragen Sie auf saubere, trockene Haut jeden Morgen ein paar Tropfen LIFTACTIV SUPREME Vitamin C Serum auf das gesamte Gesicht auf, wobei Sie die Augenlider aussparen. Vergessen Sie nicht, t\u00e4glich eine Tagespflege mit Lichtschutzfaktor aufzutragen, um freie Radikale, die durch UV-Strahlen verursacht werden, wirksam zu bek\u00e4mpfen.<\/p>\n<p>Um Ihre Anti-Falten-Pflegeroutine zu vervollst\u00e4ndigen, tragen Sie nach Ihrem Serum eine LIFTACTIV SUPREME Tagescreme auf, gefolgt von einem Gesichts-Sonnenschutz wie unserem UV Age Daily.<\/p>\n<p>Komposition<br \/>\nAQUA \/ WASSER &#8211; ASCORBINS\u00c4URE &#8211; DENNATURIERTER ALKOHOL. &#8211; DIPROPYLENGLYKOL &#8211; GLYCERIN &#8211; LAURETH-23 &#8211; NEOHESPERIDIN DIHYDROCHALCONE &#8211; NATRIUMHYDROXID &#8211; TOCOPHEROL &#8211; HYDROLYSIERTE HYALURONS\u00c4URE &#8211; MARITIME KIEFERRINDE\/KNOSPENEXTRAKT<\/p>","protected":false},"excerpt":{"rendered":"<p>Jeden Tag ist Ihre Haut \u00e4u\u00dferen Faktoren (Verschmutzung, UV-Strahlen usw.) ausgesetzt, die sie durch das Auftreten von freien Radikalen beeintr\u00e4chtigen, die oxidativen Stress in den Zellen verursachen. Hinzu kommt die nat\u00fcrliche Alterung der Haut, die das Auftreten von F\u00e4ltchen, feinen Linien und einem fahlen Teint zur Folge hat. Um diesem Ph\u00e4nomen entgegenzuwirken, ist es wichtig, [&hellip;]<\/p>\n","protected":false},"featured_media":24973,"template":"","meta":{"_acf_changed":false,"footnotes":""},"product_brand":[],"product_cat":[47,42,54],"product_tag":[],"class_list":{"0":"post-24971","1":"product","2":"type-product","3":"status-publish","4":"has-post-thumbnail","6":"product_cat-dermocosmetique","7":"product_cat-para-pharmacie","8":"product_cat-soins-du-visage","10":"first","11":"outofstock","12":"taxable","13":"shipping-taxable","14":"purchasable","15":"product-type-simple"},"acf":[],"_links":{"self":[{"href":"https:\/\/www.pharmacieonline.lu\/de\/wp-json\/wp\/v2\/product\/24971","targetHints":{"allow":["GET"]}}],"collection":[{"href":"https:\/\/www.pharmacieonline.lu\/de\/wp-json\/wp\/v2\/product"}],"about":[{"href":"https:\/\/www.pharmacieonline.lu\/de\/wp-json\/wp\/v2\/types\/product"}],"version-history":[{"count":0,"href":"https:\/\/www.pharmacieonline.lu\/de\/wp-json\/wp\/v2\/product\/24971\/revisions"}],"wp:featuredmedia":[{"embeddable":true,"href":"https:\/\/www.pharmacieonline.lu\/de\/wp-json\/wp\/v2\/media\/24973"}],"wp:attachment":[{"href":"https:\/\/www.pharmacieonline.lu\/de\/wp-json\/wp\/v2\/media?parent=24971"}],"wp:term":[{"taxonomy":"product_brand","embeddable":true,"href":"https:\/\/www.pharmacieonline.lu\/de\/wp-json\/wp\/v2\/product_brand?post=24971"},{"taxonomy":"product_cat","embeddable":true,"href":"https:\/\/www.pharmacieonline.lu\/de\/wp-json\/wp\/v2\/product_cat?post=24971"},{"taxonomy":"product_tag","embeddable":true,"href":"https:\/\/www.pharmacieonline.lu\/de\/wp-json\/wp\/v2\/product_tag?post=24971"}],"curies":[{"name":"wp","href":"https:\/\/api.w.org\/{rel}","templated":true}]}}