{"id":25088,"date":"2022-05-06T16:22:31","date_gmt":"2022-05-06T14:22:31","guid":{"rendered":"https:\/\/www.pharmacieonline.lu\/?post_type=product&#038;p=25088"},"modified":"2026-04-08T15:55:23","modified_gmt":"2026-04-08T13:55:23","slug":"caudalie-gel-douche-fleur-vigne-200ml","status":"publish","type":"product","link":"https:\/\/www.pharmacieonline.lu\/de\/produit\/caudalie-gel-douche-fleur-vigne-200ml\/","title":{"rendered":"CAUDALIE GEL DOUCHE FLEUR VIGNE 200ML"},"content":{"rendered":"<p>Weinbl\u00fcten-Duschgel<br \/>\nHauttyp: Alle Hauttypen<br \/>\nBen\u00f6tigen: Bad &amp; Dusche<br \/>\nHauptzutaten: Wassermelone, rosa Pfeffer, wei\u00dfe Rose<br \/>\nTextur: Duschgel<br \/>\nAnwendung: Morgens und abends, jeden Tag<\/p>","protected":false},"excerpt":{"rendered":"<p>Weinbl\u00fcten-Duschgel Hauttyp: Alle Hauttypen Ben\u00f6tigen: Bad &amp; Dusche Hauptzutaten: Wassermelone, rosa Pfeffer, wei\u00dfe Rose Textur: Duschgel Anwendung: Morgens und abends, jeden Tag<\/p>\n","protected":false},"featured_media":25089,"template":"","meta":{"_acf_changed":false,"footnotes":""},"product_brand":[],"product_cat":[47,42,112,782],"product_tag":[],"class_list":{"0":"post-25088","1":"product","2":"type-product","3":"status-publish","4":"has-post-thumbnail","6":"product_cat-dermocosmetique","7":"product_cat-para-pharmacie","8":"product_cat-douche-bain","9":"product_cat-vegan","11":"first","12":"instock","13":"taxable","14":"shipping-taxable","15":"purchasable","16":"product-type-simple"},"acf":[],"_links":{"self":[{"href":"https:\/\/www.pharmacieonline.lu\/de\/wp-json\/wp\/v2\/product\/25088","targetHints":{"allow":["GET"]}}],"collection":[{"href":"https:\/\/www.pharmacieonline.lu\/de\/wp-json\/wp\/v2\/product"}],"about":[{"href":"https:\/\/www.pharmacieonline.lu\/de\/wp-json\/wp\/v2\/types\/product"}],"version-history":[{"count":0,"href":"https:\/\/www.pharmacieonline.lu\/de\/wp-json\/wp\/v2\/product\/25088\/revisions"}],"wp:featuredmedia":[{"embeddable":true,"href":"https:\/\/www.pharmacieonline.lu\/de\/wp-json\/wp\/v2\/media\/25089"}],"wp:attachment":[{"href":"https:\/\/www.pharmacieonline.lu\/de\/wp-json\/wp\/v2\/media?parent=25088"}],"wp:term":[{"taxonomy":"product_brand","embeddable":true,"href":"https:\/\/www.pharmacieonline.lu\/de\/wp-json\/wp\/v2\/product_brand?post=25088"},{"taxonomy":"product_cat","embeddable":true,"href":"https:\/\/www.pharmacieonline.lu\/de\/wp-json\/wp\/v2\/product_cat?post=25088"},{"taxonomy":"product_tag","embeddable":true,"href":"https:\/\/www.pharmacieonline.lu\/de\/wp-json\/wp\/v2\/product_tag?post=25088"}],"curies":[{"name":"wp","href":"https:\/\/api.w.org\/{rel}","templated":true}]}}