{"id":25257,"date":"2022-05-20T16:14:39","date_gmt":"2022-05-20T14:14:39","guid":{"rendered":"https:\/\/www.pharmacieonline.lu\/?post_type=product&#038;p=25257"},"modified":"2026-04-09T22:25:45","modified_gmt":"2026-04-09T20:25:45","slug":"cellextense-protect-90-caps","status":"publish","type":"product","link":"https:\/\/www.pharmacieonline.lu\/de\/produit\/cellextense-protect-90-caps\/","title":{"rendered":"CELLEXTENSE PROTECT+ 90 CAPS"},"content":{"rendered":"<p>Eine antioxidative Formel mit anerkannter Wirksamkeit<\/p>\n<p>Formel entwickelt von Professor Anne-Marie Roussel*;<br \/>\nSynergistische Kombination mit hochdosierten antioxidativen Wirkstoffen und angereichert mit \u03b1-Lipons\u00e4ure, die die nat\u00fcrliche Widerstandskraft des K\u00f6rpers gegen oxidativen Stress erh\u00f6hen und helfen, die Zellen vor oxidativen Sch\u00e4den zu sch\u00fctzen;<br \/>\nOptimale Bioverf\u00fcgbarkeit: Suvimine 13\u00ae Mikron\u00e4hrstoffkomplex;<br \/>\nTrans-Resveratrol, aktive Form von Resveratrol, aus nat\u00fcrlicher Fermentation gewonnen, zu 98 % gereinigt, allergen- und pestizidfrei;<br \/>\nHigh Quality Process\u00ae;<br \/>\nSauberes Etikett THERASCIENCE.<\/p>\n<p>CELLEXTENSE PROTECT+ bietet f\u00fcr 1 Tablette:<\/p>\n<p>50 mg \u03b1-Lipons\u00e4ure: der universelle Besch\u00fctzer;<br \/>\nPflanzliche Wirkstoffe: 400 mg polyphenolreiche Gr\u00fcntee-Extrakte und 40 mg aktives Trans-Resveratrol: der Bio-Aktivstoff der \u201eMediterranen Ern\u00e4hrung\u201c;<br \/>\nSuvimine 13\u00ae Mikron\u00e4hrstoffkomplex liefert 100 % der AR* an Vitamin B1, B2, B3, B5, B6, B8, B9, B12, C, D3, E nat\u00fcrlich, Selen und Zink. Selen, Zink und die nat\u00fcrlichen Vitamine B2, C und E tragen dazu bei, die Zellen vor Sch\u00e4den durch oxidativen Stress zu sch\u00fctzen.<\/p>\n<p>*AR: Referenzbeitr\u00e4ge<\/p>\n<p>Warum CELLEXTENSE PROTECT+ von THERASCIENCE Laboratory w\u00e4hlen?<\/p>\n<p>F\u00fcr einen wirksamen und langanhaltenden Schutz vor den sch\u00e4dlichen Auswirkungen von oxidativem Stress.<\/p>","protected":false},"excerpt":{"rendered":"<p>Eine antioxidative Formel mit anerkannter Wirksamkeit Formel entwickelt von Professor Anne-Marie Roussel*; Synergistische Kombination mit hochdosierten antioxidativen Wirkstoffen und angereichert mit \u03b1-Lipons\u00e4ure, die die nat\u00fcrliche Widerstandskraft des K\u00f6rpers gegen oxidativen Stress erh\u00f6hen und helfen, die Zellen vor oxidativen Sch\u00e4den zu sch\u00fctzen; Optimale Bioverf\u00fcgbarkeit: Suvimine 13\u00ae Mikron\u00e4hrstoffkomplex; Trans-Resveratrol, aktive Form von Resveratrol, aus nat\u00fcrlicher Fermentation gewonnen, [&hellip;]<\/p>\n","protected":false},"featured_media":25259,"template":"","meta":{"_acf_changed":false,"footnotes":""},"product_brand":[],"product_cat":[42,977,953,948],"product_tag":[],"class_list":{"0":"post-25257","1":"product","2":"type-product","3":"status-publish","4":"has-post-thumbnail","6":"product_cat-para-pharmacie","7":"product_cat-cellextense","8":"product_cat-complements-alimentaires","9":"product_cat-therascience-physionutrition","11":"first","12":"instock","13":"taxable","14":"shipping-taxable","15":"purchasable","16":"product-type-simple"},"acf":[],"_links":{"self":[{"href":"https:\/\/www.pharmacieonline.lu\/de\/wp-json\/wp\/v2\/product\/25257","targetHints":{"allow":["GET"]}}],"collection":[{"href":"https:\/\/www.pharmacieonline.lu\/de\/wp-json\/wp\/v2\/product"}],"about":[{"href":"https:\/\/www.pharmacieonline.lu\/de\/wp-json\/wp\/v2\/types\/product"}],"version-history":[{"count":0,"href":"https:\/\/www.pharmacieonline.lu\/de\/wp-json\/wp\/v2\/product\/25257\/revisions"}],"wp:featuredmedia":[{"embeddable":true,"href":"https:\/\/www.pharmacieonline.lu\/de\/wp-json\/wp\/v2\/media\/25259"}],"wp:attachment":[{"href":"https:\/\/www.pharmacieonline.lu\/de\/wp-json\/wp\/v2\/media?parent=25257"}],"wp:term":[{"taxonomy":"product_brand","embeddable":true,"href":"https:\/\/www.pharmacieonline.lu\/de\/wp-json\/wp\/v2\/product_brand?post=25257"},{"taxonomy":"product_cat","embeddable":true,"href":"https:\/\/www.pharmacieonline.lu\/de\/wp-json\/wp\/v2\/product_cat?post=25257"},{"taxonomy":"product_tag","embeddable":true,"href":"https:\/\/www.pharmacieonline.lu\/de\/wp-json\/wp\/v2\/product_tag?post=25257"}],"curies":[{"name":"wp","href":"https:\/\/api.w.org\/{rel}","templated":true}]}}