{"id":26291,"date":"2022-07-26T16:41:09","date_gmt":"2022-07-26T14:41:09","guid":{"rendered":"https:\/\/www.pharmacieonline.lu\/?post_type=product&#038;p=26291"},"modified":"2026-04-08T20:25:18","modified_gmt":"2026-04-08T18:25:18","slug":"bepanthen-tattoo-gel-lavant-200ml","status":"publish","type":"product","link":"https:\/\/www.pharmacieonline.lu\/de\/produit\/bepanthen-tattoo-gel-lavant-200ml\/","title":{"rendered":"BEPANTHEN TATTOO GEL LAVANT 200ML"},"content":{"rendered":"<p>Ein neues Tattoo zu bekommen ist eine aufregende Zeit. Nat\u00fcrlich wollen Sie das beste Ergebnis. Um dieses sch\u00f6ne Tattoo zu erhalten, ist es wichtig, sich um Ihre Haut zu k\u00fcmmern.<\/p>\n<p>Aus diesem Grund wurde Bepanthen\u00ae Tattoo &#8211; Wash Gel entwickelt: ein sehr sanftes Waschgel, das formuliert wurde, um Ihre frisch t\u00e4towierte Haut t\u00e4glich zu reinigen, zu beruhigen und die Reparatur zu unterst\u00fctzen. Nat\u00fcrliche Lipide sch\u00fctzen die Haut vor dem Austrocknen.<\/p>\n<p>Das Reinigungsgel ist dank seifen- und parf\u00fcmfreier Formel mit hautfreundlichem pH-Wert und +90 % nat\u00fcrlichen Inhaltsstoffen sicher in der Anwendung. Dermatologisch auf t\u00e4towierter Haut getestet.<\/p>\n<p>Sobald du den T\u00e4towierer verl\u00e4sst, ist dein Tattoo verpackt. Es wird Ihnen sagen, wann Sie Ihr Tattoo vom Blatt entfernen k\u00f6nnen. Folgen Sie dann diesen Schritten:<\/p>\n<p>Waschen Sie das Tattoo mindestens zweimal t\u00e4glich mit lauwarmem Wasser und Bepanthen\u00ae Tattoo &#8211; Wash Gel.<br \/>\nLassen Sie das Tattoo in Ruhe, damit sich die oberfl\u00e4chliche Haut schlie\u00dfen kann.<br \/>\nVermeiden Sie mindestens 15 Tage lang den Kontakt mit Meerwasser, Schwimmbad und Sonne.<br \/>\nReinigen Sie das Tattoo nicht mit Alkohol<br \/>\nLassen Sie die Krusten so lange wie m\u00f6glich und warten Sie.<br \/>\nIndikation<\/p>\n<p>Tattoo-Waschgel.<\/p>\n<p>Verwenden<\/p>\n<p>Benetzen Sie Ihr Tattoo am besten zweimal t\u00e4glich mit Wasser, tragen Sie Bepanthen\u00ae Tattoo &#8211; Waschgel sanft auf und sp\u00fclen Sie es gr\u00fcndlich aus. Tupfen Sie Ihr Tattoo vorsichtig mit einem sauberen, trockenen Tuch trocken und tragen Sie dann eine d\u00fcnne Schicht Bepanthen\u00ae Tattoo Aftercare Salbe auf.<\/p>","protected":false},"excerpt":{"rendered":"<p>Ein neues Tattoo zu bekommen ist eine aufregende Zeit. Nat\u00fcrlich wollen Sie das beste Ergebnis. Um dieses sch\u00f6ne Tattoo zu erhalten, ist es wichtig, sich um Ihre Haut zu k\u00fcmmern. Aus diesem Grund wurde Bepanthen\u00ae Tattoo &#8211; Wash Gel entwickelt: ein sehr sanftes Waschgel, das formuliert wurde, um Ihre frisch t\u00e4towierte Haut t\u00e4glich zu reinigen, [&hellip;]<\/p>\n","protected":false},"featured_media":26294,"template":"","meta":{"_acf_changed":false,"footnotes":""},"product_brand":[],"product_cat":[47,42,112],"product_tag":[],"class_list":{"0":"post-26291","1":"product","2":"type-product","3":"status-publish","4":"has-post-thumbnail","6":"product_cat-dermocosmetique","7":"product_cat-para-pharmacie","8":"product_cat-douche-bain","10":"first","11":"outofstock","12":"taxable","13":"shipping-taxable","14":"purchasable","15":"product-type-simple"},"acf":[],"_links":{"self":[{"href":"https:\/\/www.pharmacieonline.lu\/de\/wp-json\/wp\/v2\/product\/26291","targetHints":{"allow":["GET"]}}],"collection":[{"href":"https:\/\/www.pharmacieonline.lu\/de\/wp-json\/wp\/v2\/product"}],"about":[{"href":"https:\/\/www.pharmacieonline.lu\/de\/wp-json\/wp\/v2\/types\/product"}],"version-history":[{"count":0,"href":"https:\/\/www.pharmacieonline.lu\/de\/wp-json\/wp\/v2\/product\/26291\/revisions"}],"wp:featuredmedia":[{"embeddable":true,"href":"https:\/\/www.pharmacieonline.lu\/de\/wp-json\/wp\/v2\/media\/26294"}],"wp:attachment":[{"href":"https:\/\/www.pharmacieonline.lu\/de\/wp-json\/wp\/v2\/media?parent=26291"}],"wp:term":[{"taxonomy":"product_brand","embeddable":true,"href":"https:\/\/www.pharmacieonline.lu\/de\/wp-json\/wp\/v2\/product_brand?post=26291"},{"taxonomy":"product_cat","embeddable":true,"href":"https:\/\/www.pharmacieonline.lu\/de\/wp-json\/wp\/v2\/product_cat?post=26291"},{"taxonomy":"product_tag","embeddable":true,"href":"https:\/\/www.pharmacieonline.lu\/de\/wp-json\/wp\/v2\/product_tag?post=26291"}],"curies":[{"name":"wp","href":"https:\/\/api.w.org\/{rel}","templated":true}]}}