{"id":26329,"date":"2022-07-28T16:04:49","date_gmt":"2022-07-28T14:04:49","guid":{"rendered":"https:\/\/www.pharmacieonline.lu\/?post_type=product&#038;p=26329"},"modified":"2026-04-09T16:25:36","modified_gmt":"2026-04-09T14:25:36","slug":"pures-articulation-roller-cryo-75-ml","status":"publish","type":"product","link":"https:\/\/www.pharmacieonline.lu\/de\/produit\/pures-articulation-roller-cryo-75-ml\/","title":{"rendered":"PURES ARTICULATION ROLLER CRYO 75 ML"},"content":{"rendered":"<p>CRYO PURE \u00ae ROLLER<\/p>\n<p>14 \u00c4therische \u00d6le<\/p>\n<p>Der Massageball des CRYO PURE\u00ae Roller sorgt f\u00fcr eine entspannende Massage, die in Kombination mit 14 entspannenden \u00e4therischen \u00d6len empfindliche Bereiche effektiv, sofort und langanhaltend entlastet.<\/p>\n<p>Botanisch und biochemisch definiert) 100 % rein und nat\u00fcrlich.<\/p>\n<p>Auf Vertr\u00e4glichkeit getestet &#8211; Formel 99,6 % nat\u00fcrlichen Ursprungs &#8211; Keine Farbstoffe &#8211; Keine synthetischen Duftstoffe &#8211; Keine Mineral\u00f6le. Die \u201eCryo\u201c-Methode ist eine traditionell angewandte K\u00e4lteanwendung.<\/p>\n<p>Verwenden<\/p>\n<p>Sch\u00fctteln Sie den Roller vor Gebrauch gut und tragen Sie ihn dann dreimal t\u00e4glich auf die empfindliche Stelle (R\u00fccken, Nacken, Schultern, Ellbogen, Handgelenke, H\u00e4nde, H\u00fcften, Knie, Oberschenkel, Waden, Kn\u00f6chel, F\u00fc\u00dfe usw.) auf. Der Massageball des Rollers ist ideal f\u00fcr die Selbstmassage lokalisierter Bereiche. Eventuell mit einer manuellen Massage abschlie\u00dfen, in diesem Fall nach Gebrauch die H\u00e4nde waschen<\/p>\n<p>Komposition<\/p>\n<p>INHALTSSTOFFE: AQUA (WASSER), CAPRYLIC\/CAPRIC TRIGLYCERIDE, MENTHOL, GLYCERYL STEARAT CITRATE, BEHENYLALCOHOL, GLYCERIN, INULIN LAURYL CARBAMATE, MENTHA VIRIDIS (SPEARMINT) LEAF OIL, XANTHAN GUM, Glycerylstearat, SODIUM BENZOATE, LAVANDULA LATIFOLIA KR\u00c4UTER\u00d6L, PINUS SYLVESTRIS-BLATT\u00d6L, ZITRONENS\u00c4URE, GAULTHERIA PROCUMBENS (WINTERGREEN)-BLATT\u00d6L, ROSMARINUS OFFICINALIS (ROSAMAR)-BLATT\u00d6L, LAVANDULA HYBRIDA GROSSO-KR\u00c4UTER\u00d6L, CANANGA ODORATA-BLUMEN\u00d6L, ORIGANUM MAJORANA-BLUMEN\u00d6L, MELALEUCA VIRIDIFLORA-BLATT\u00d6L, CEDRELOPSIS EX GREVATEI BARKARY \u00d6L, HELICHRYSUM ITALICUM BLUMEN\u00d6L, EUCALYPTUS CITRIODORA \u00d6L, CYMBOPOGON WINTERIANUS KR\u00c4UTER\u00d6L, NATRIUMHYDROXID, LIMONENE*, LINALOOL*, EUGENOL*, GERANIOL*, BENZYLBENZOAT*, BENZYLSALICYLAT*, CITRONELLOL*, CITRAL*.<\/p>\n<p>*Nat\u00fcrlich in \u00e4therischen \u00d6len enthalten.<\/p>","protected":false},"excerpt":{"rendered":"<p>CRYO PURE \u00ae ROLLER 14 \u00c4therische \u00d6le Der Massageball des CRYO PURE\u00ae Roller sorgt f\u00fcr eine entspannende Massage, die in Kombination mit 14 entspannenden \u00e4therischen \u00d6len empfindliche Bereiche effektiv, sofort und langanhaltend entlastet. Botanisch und biochemisch definiert) 100 % rein und nat\u00fcrlich. Auf Vertr\u00e4glichkeit getestet &#8211; Formel 99,6 % nat\u00fcrlichen Ursprungs &#8211; Keine Farbstoffe &#8211; [&hellip;]<\/p>\n","protected":false},"featured_media":26332,"template":"","meta":{"_acf_changed":false,"footnotes":""},"product_brand":[],"product_cat":[42,95,79,92],"product_tag":[],"class_list":{"0":"post-26329","1":"product","2":"type-product","3":"status-publish","4":"has-post-thumbnail","6":"product_cat-para-pharmacie","7":"product_cat-usage-externe","8":"product_cat-aromatherapie","9":"product_cat-douleurs-musculaires","11":"first","12":"instock","13":"taxable","14":"shipping-taxable","15":"purchasable","16":"product-type-simple"},"acf":[],"_links":{"self":[{"href":"https:\/\/www.pharmacieonline.lu\/de\/wp-json\/wp\/v2\/product\/26329","targetHints":{"allow":["GET"]}}],"collection":[{"href":"https:\/\/www.pharmacieonline.lu\/de\/wp-json\/wp\/v2\/product"}],"about":[{"href":"https:\/\/www.pharmacieonline.lu\/de\/wp-json\/wp\/v2\/types\/product"}],"version-history":[{"count":0,"href":"https:\/\/www.pharmacieonline.lu\/de\/wp-json\/wp\/v2\/product\/26329\/revisions"}],"wp:featuredmedia":[{"embeddable":true,"href":"https:\/\/www.pharmacieonline.lu\/de\/wp-json\/wp\/v2\/media\/26332"}],"wp:attachment":[{"href":"https:\/\/www.pharmacieonline.lu\/de\/wp-json\/wp\/v2\/media?parent=26329"}],"wp:term":[{"taxonomy":"product_brand","embeddable":true,"href":"https:\/\/www.pharmacieonline.lu\/de\/wp-json\/wp\/v2\/product_brand?post=26329"},{"taxonomy":"product_cat","embeddable":true,"href":"https:\/\/www.pharmacieonline.lu\/de\/wp-json\/wp\/v2\/product_cat?post=26329"},{"taxonomy":"product_tag","embeddable":true,"href":"https:\/\/www.pharmacieonline.lu\/de\/wp-json\/wp\/v2\/product_tag?post=26329"}],"curies":[{"name":"wp","href":"https:\/\/api.w.org\/{rel}","templated":true}]}}