{"id":26386,"date":"2022-08-02T15:19:57","date_gmt":"2022-08-02T13:19:57","guid":{"rendered":"https:\/\/www.pharmacieonline.lu\/?post_type=product&#038;p=26386"},"modified":"2026-04-10T14:25:40","modified_gmt":"2026-04-10T12:25:40","slug":"avene-couvr-pdr-mos-bonne-mine-10g-nf","status":"publish","type":"product","link":"https:\/\/www.pharmacieonline.lu\/de\/produit\/avene-couvr-pdr-mos-bonne-mine-10g-nf\/","title":{"rendered":"AVENE COUVR PDR MOS BONNE MINE 10G NF"},"content":{"rendered":"<p>GESUNDER GLOW: Dieses rosa get\u00f6nte Puder fixiert das Make-up und gleicht die Haut aus. Es ist ideal, um den Teint mit einem nat\u00fcrlichen und gesunden Glanz zu unterstreichen oder das Gesicht zu modellieren, indem seine Konturen neu definiert werden.<\/p>\n<p>Couvrance hat sich als Spezialist f\u00fcr Farbkorrekturen positioniert, sowohl f\u00fcr kleinere Korrekturen (kleine R\u00f6tungen, Augenringe usw.) als auch f\u00fcr gr\u00f6\u00dfere Korrekturen (nach Operationen, Muttermalen, Couperose, Vitiligo, Verbrennungen usw.).<\/p>\n<p>Indikation<\/p>\n<p>Fixiert Make-up und vereinheitlicht die Haut.<\/p>\n<p>Verwenden<\/p>\n<p>Tragen Sie Ihre Foundation auf (kompakt oder fl\u00fcssig). Nehmen Sie das Pulver mit einem gro\u00dfen Pinsel auf. Klopfen Sie auf Ihren Handr\u00fccken, um \u00fcbersch\u00fcssiges Puder zu entfernen. Tragen Sie das Mosaikpuder auf Gesicht und Hals auf. B\u00fcrsten Sie den \u00dcberschuss mit langen Strichen ab.<\/p>\n<p>Komposition<\/p>\n<p>HEALTHY GLOW MOSAIKPULVER Inhaltsstoffe: TALK. SYNTHETISCHER FLUOROPHYLLIT. NYLON-12. STEAROYL-OCTYLDODECYL-STEARAT. BIS-DIGLYCERYL-POLYACYLADIPAT-2. CETYL-DIMETHICONE. DIMETHIKON. EISENOXIDE (CI 77491), (CI 77492), (CI 77499). LAUROYL-LYSIN. MANGANVIOLETT (CI 77742). ROT 30 PLUS (CI 73360). ROT 6 (CI 15850). TITANDIOXID (CI 77891). TOCOPHERYLACETAT. \u00dcBERSEE (CI 77007). GELB 5 PLUS (CI 19140).<\/p>","protected":false},"excerpt":{"rendered":"<p>GESUNDER GLOW: Dieses rosa get\u00f6nte Puder fixiert das Make-up und gleicht die Haut aus. Es ist ideal, um den Teint mit einem nat\u00fcrlichen und gesunden Glanz zu unterstreichen oder das Gesicht zu modellieren, indem seine Konturen neu definiert werden. Couvrance hat sich als Spezialist f\u00fcr Farbkorrekturen positioniert, sowohl f\u00fcr kleinere Korrekturen (kleine R\u00f6tungen, Augenringe usw.) [&hellip;]<\/p>\n","protected":false},"featured_media":26388,"template":"","meta":{"_acf_changed":false,"footnotes":""},"product_brand":[],"product_cat":[47,763,42],"product_tag":[],"class_list":{"0":"post-26386","1":"product","2":"type-product","3":"status-publish","4":"has-post-thumbnail","6":"product_cat-dermocosmetique","7":"product_cat-maquillages","8":"product_cat-para-pharmacie","10":"first","11":"instock","12":"taxable","13":"shipping-taxable","14":"purchasable","15":"product-type-simple"},"acf":[],"_links":{"self":[{"href":"https:\/\/www.pharmacieonline.lu\/de\/wp-json\/wp\/v2\/product\/26386","targetHints":{"allow":["GET"]}}],"collection":[{"href":"https:\/\/www.pharmacieonline.lu\/de\/wp-json\/wp\/v2\/product"}],"about":[{"href":"https:\/\/www.pharmacieonline.lu\/de\/wp-json\/wp\/v2\/types\/product"}],"version-history":[{"count":0,"href":"https:\/\/www.pharmacieonline.lu\/de\/wp-json\/wp\/v2\/product\/26386\/revisions"}],"wp:featuredmedia":[{"embeddable":true,"href":"https:\/\/www.pharmacieonline.lu\/de\/wp-json\/wp\/v2\/media\/26388"}],"wp:attachment":[{"href":"https:\/\/www.pharmacieonline.lu\/de\/wp-json\/wp\/v2\/media?parent=26386"}],"wp:term":[{"taxonomy":"product_brand","embeddable":true,"href":"https:\/\/www.pharmacieonline.lu\/de\/wp-json\/wp\/v2\/product_brand?post=26386"},{"taxonomy":"product_cat","embeddable":true,"href":"https:\/\/www.pharmacieonline.lu\/de\/wp-json\/wp\/v2\/product_cat?post=26386"},{"taxonomy":"product_tag","embeddable":true,"href":"https:\/\/www.pharmacieonline.lu\/de\/wp-json\/wp\/v2\/product_tag?post=26386"}],"curies":[{"name":"wp","href":"https:\/\/api.w.org\/{rel}","templated":true}]}}