{"id":26392,"date":"2022-08-02T15:45:50","date_gmt":"2022-08-02T13:45:50","guid":{"rendered":"https:\/\/www.pharmacieonline.lu\/?post_type=product&#038;p=26392"},"modified":"2026-04-08T02:25:40","modified_gmt":"2026-04-08T00:25:40","slug":"caudalie-vinosculpt-gommage-crush-225g","status":"publish","type":"product","link":"https:\/\/www.pharmacieonline.lu\/de\/produit\/caudalie-vinosculpt-gommage-crush-225g\/","title":{"rendered":"CAUDALIE VINOSCULPT GOMMAGE 250G"},"content":{"rendered":"<p>Peeling<\/p>\n<p>Hauttyp: K\u00f6rper<br \/>\nNotwendigkeit: Abnehmen<br \/>\nHauptbestandteile: Traubenkern\u00f6l, Honig<br \/>\nTextur: Getreidepeeling<br \/>\nAnwendung: zweimal pro Woche<br \/>\nWas ist das ? Das Crushed Cabernet Vinosculpt Scrub ist eine kultige Spa-Vinoth\u00e9rapie\u2122-Behandlung, die abgestorbene Zellen sanft entfernt, Hautunregelm\u00e4\u00dfigkeiten reduziert und sie pflegt, f\u00fcr einen sofortigen neuen Hauteffekt. Die Haut ist glatt, weich und bereit f\u00fcr weitere Behandlungen des Schlankheitsprogramms.<\/p>\n<p>Formel :<\/p>\n<p>100 % Inhaltsstoffe nat\u00fcrlichen Ursprungs<br \/>\nDermatologisch getestet<\/p>","protected":false},"excerpt":{"rendered":"<p>Peeling Hauttyp: K\u00f6rper Notwendigkeit: Abnehmen Hauptbestandteile: Traubenkern\u00f6l, Honig Textur: Getreidepeeling Anwendung: zweimal pro Woche Was ist das ? Das Crushed Cabernet Vinosculpt Scrub ist eine kultige Spa-Vinoth\u00e9rapie\u2122-Behandlung, die abgestorbene Zellen sanft entfernt, Hautunregelm\u00e4\u00dfigkeiten reduziert und sie pflegt, f\u00fcr einen sofortigen neuen Hauteffekt. Die Haut ist glatt, weich und bereit f\u00fcr weitere Behandlungen des Schlankheitsprogramms. Formel [&hellip;]<\/p>\n","protected":false},"featured_media":26393,"template":"","meta":{"_acf_changed":false,"footnotes":""},"product_brand":[],"product_cat":[47,42,56,112],"product_tag":[],"class_list":{"0":"post-26392","1":"product","2":"type-product","3":"status-publish","4":"has-post-thumbnail","6":"product_cat-dermocosmetique","7":"product_cat-para-pharmacie","8":"product_cat-soins-du-corps","9":"product_cat-douche-bain","11":"first","12":"instock","13":"taxable","14":"shipping-taxable","15":"purchasable","16":"product-type-simple"},"acf":[],"_links":{"self":[{"href":"https:\/\/www.pharmacieonline.lu\/de\/wp-json\/wp\/v2\/product\/26392","targetHints":{"allow":["GET"]}}],"collection":[{"href":"https:\/\/www.pharmacieonline.lu\/de\/wp-json\/wp\/v2\/product"}],"about":[{"href":"https:\/\/www.pharmacieonline.lu\/de\/wp-json\/wp\/v2\/types\/product"}],"version-history":[{"count":0,"href":"https:\/\/www.pharmacieonline.lu\/de\/wp-json\/wp\/v2\/product\/26392\/revisions"}],"wp:featuredmedia":[{"embeddable":true,"href":"https:\/\/www.pharmacieonline.lu\/de\/wp-json\/wp\/v2\/media\/26393"}],"wp:attachment":[{"href":"https:\/\/www.pharmacieonline.lu\/de\/wp-json\/wp\/v2\/media?parent=26392"}],"wp:term":[{"taxonomy":"product_brand","embeddable":true,"href":"https:\/\/www.pharmacieonline.lu\/de\/wp-json\/wp\/v2\/product_brand?post=26392"},{"taxonomy":"product_cat","embeddable":true,"href":"https:\/\/www.pharmacieonline.lu\/de\/wp-json\/wp\/v2\/product_cat?post=26392"},{"taxonomy":"product_tag","embeddable":true,"href":"https:\/\/www.pharmacieonline.lu\/de\/wp-json\/wp\/v2\/product_tag?post=26392"}],"curies":[{"name":"wp","href":"https:\/\/api.w.org\/{rel}","templated":true}]}}