{"id":26396,"date":"2022-08-02T16:53:10","date_gmt":"2022-08-02T14:53:10","guid":{"rendered":"https:\/\/www.pharmacieonline.lu\/?post_type=product&#038;p=26396"},"modified":"2026-04-10T15:55:25","modified_gmt":"2026-04-10T13:55:25","slug":"roche-posay-pure-niacinamide-serum-30ml","status":"publish","type":"product","link":"https:\/\/www.pharmacieonline.lu\/de\/produit\/roche-posay-pure-niacinamide-serum-30ml\/","title":{"rendered":"ROCHE POSAY PURE NIACINAMIDE SERUM 30ML"},"content":{"rendered":"<p>Pure Niacinamide 10 Serum ist ein dermatologisches Anti-Flecken-Gesichtsserum mit 10 % reinem Niacinamid, das entwickelt wurde, um Hyperpigmentierungsprobleme zu korrigieren und das Auftreten von Pigmentst\u00f6rungen wie altersbedingten Flecken (Lentigo solaris), Melasma und verbleibender Hyperpigmentierung zu verhindern. Es ist formuliert mit reinem Niacinamid, das an der Oberfl\u00e4che und in der Tiefe wirkt, HEPES, Hyalurons\u00e4ure und PhE-Resorcin, Wirkstoffe, die f\u00fcr ihre Wirksamkeit bei der Kontrolle der Melaninproduktion und der Verbesserung der Hautstrahlung bekannt sind. Der Teint wird ebenm\u00e4\u00dfiger und Hyperpigmentierung wird kontrolliert.<\/p>\n<p>INDIKATION<br \/>\nDieses konzentrierte Niacinamid-Gesichtsserum ist f\u00fcr alle Hautt\u00f6ne und alle zu Pigmentflecken neigenden Hauttypen geeignet, selbst f\u00fcr die empfindlichsten.<\/p>","protected":false},"excerpt":{"rendered":"<p>Pure Niacinamide 10 Serum ist ein dermatologisches Anti-Flecken-Gesichtsserum mit 10 % reinem Niacinamid, das entwickelt wurde, um Hyperpigmentierungsprobleme zu korrigieren und das Auftreten von Pigmentst\u00f6rungen wie altersbedingten Flecken (Lentigo solaris), Melasma und verbleibender Hyperpigmentierung zu verhindern. Es ist formuliert mit reinem Niacinamid, das an der Oberfl\u00e4che und in der Tiefe wirkt, HEPES, Hyalurons\u00e4ure und PhE-Resorcin, [&hellip;]<\/p>\n","protected":false},"featured_media":26397,"template":"","meta":{"_acf_changed":false,"footnotes":""},"product_brand":[],"product_cat":[47,42,54],"product_tag":[],"class_list":{"0":"post-26396","1":"product","2":"type-product","3":"status-publish","4":"has-post-thumbnail","6":"product_cat-dermocosmetique","7":"product_cat-para-pharmacie","8":"product_cat-soins-du-visage","10":"first","11":"outofstock","12":"taxable","13":"shipping-taxable","14":"purchasable","15":"product-type-simple"},"acf":[],"_links":{"self":[{"href":"https:\/\/www.pharmacieonline.lu\/de\/wp-json\/wp\/v2\/product\/26396","targetHints":{"allow":["GET"]}}],"collection":[{"href":"https:\/\/www.pharmacieonline.lu\/de\/wp-json\/wp\/v2\/product"}],"about":[{"href":"https:\/\/www.pharmacieonline.lu\/de\/wp-json\/wp\/v2\/types\/product"}],"version-history":[{"count":0,"href":"https:\/\/www.pharmacieonline.lu\/de\/wp-json\/wp\/v2\/product\/26396\/revisions"}],"wp:featuredmedia":[{"embeddable":true,"href":"https:\/\/www.pharmacieonline.lu\/de\/wp-json\/wp\/v2\/media\/26397"}],"wp:attachment":[{"href":"https:\/\/www.pharmacieonline.lu\/de\/wp-json\/wp\/v2\/media?parent=26396"}],"wp:term":[{"taxonomy":"product_brand","embeddable":true,"href":"https:\/\/www.pharmacieonline.lu\/de\/wp-json\/wp\/v2\/product_brand?post=26396"},{"taxonomy":"product_cat","embeddable":true,"href":"https:\/\/www.pharmacieonline.lu\/de\/wp-json\/wp\/v2\/product_cat?post=26396"},{"taxonomy":"product_tag","embeddable":true,"href":"https:\/\/www.pharmacieonline.lu\/de\/wp-json\/wp\/v2\/product_tag?post=26396"}],"curies":[{"name":"wp","href":"https:\/\/api.w.org\/{rel}","templated":true}]}}