{"id":26632,"date":"2022-08-25T15:05:47","date_gmt":"2022-08-25T13:05:47","guid":{"rendered":"https:\/\/www.pharmacieonline.lu\/?post_type=product&#038;p=26632"},"modified":"2026-04-08T15:55:23","modified_gmt":"2026-04-08T13:55:23","slug":"avene-cicalfate-soin-hydratant-rep-40ml","status":"publish","type":"product","link":"https:\/\/www.pharmacieonline.lu\/de\/produit\/avene-cicalfate-soin-hydratant-rep-40ml\/","title":{"rendered":"AVENE CICALFATE+ SOIN HYDRATANT REP 40ML"},"content":{"rendered":"<p>Eine regenerierende Creme* f\u00fcr geschw\u00e4chte Haut, die Haut, die durch ein oberfl\u00e4chliches dermatologisches Verfahren (Peeling, Laser, Microneedling usw.) oder durch eine T\u00e4towierung** sensibilisiert wurde, mit Feuchtigkeit versorgt, beruhigt und reinigt. Die reparierende Feuchtigkeitspflege Cicalfate+ ist f\u00fcr die empfindliche Gesichts- und K\u00f6rperhaut von Erwachsenen bestimmt und besteht zu 91 % aus Inhaltsstoffen nat\u00fcrlichen Ursprungs. Sie hilft, Beschwerden (Hitze, Kribbeln usw.) zu lindern, spendet dauerhaft Feuchtigkeit und tr\u00e4gt zur schnellen Reparatur der Haut bei. Seine ma\u00dfgeschneiderte Formel mit parf\u00fcmfreier fl\u00fcssiger Textur wird von gereizter und geschw\u00e4chter Haut sehr gut vertragen.<\/p>\n<p>*F\u00f6rdert die Reparatur der Epidermis.**T\u00e4towierung nach erneuter Epidermalisierung.<\/p>\n<p>Indikation<br \/>\nNach oberfl\u00e4chlichen dermatologischen Eingriffen, nach T\u00e4towierungen.<\/p>\n<p>Verwenden<br \/>\nPOST-ACT:<\/p>\n<p>Tragen Sie ab dem ersten Tag bis zur Verbesserung des Hautbildes das Purifying Cleansing Gel und die Repairing Moisturizing Care auf.<\/p>\n<p>POST-TATTOO: Lassen Sie das Tattoo die ersten 24 Stunden unter Okklusion.<\/p>\n<p>Nach 24 Stunden: mit dem Purifying Cleansing Gel reinigen.<\/p>\n<p>Nach 72 Stunden: Tragen Sie die reparierende Feuchtigkeitscreme zweimal t\u00e4glich auf.<\/p>\n<p>Komposition<br \/>\nAVENE-THERMALQUELLWASSER (AVENE AQUA). CAPRYL-\/CAPRIC-TRIGLYCERID. GLYCERIN. PENTAERYTHRITYLTETRACAPRYLAT\/TETRACAPRATE. TRIETHYLHEXANOIN. SQUALAN. CETEARYLALKOHOL. BEHENYLALKOHOL. NIACINAMID. C20-22-ALKYLPHOSPHAT. C20-22 ALKOHOLE. BUTYROSPERMUM PARKII (SHEA) BUTTER (BUTYROSPERMUM PARKII BUTTER). AQUAPHILUS DOLOMIAE FERMENTFILTRAT. Arginin. CAPRYLYLGLYKOL. CETEARYLGLUCOSID. KUPFERSULFAT. NATRIUMBENZOAT. NATRIUMHYALURONAT. NATRIUMHYDROXID. TOCOPHERYLACETAT. TROMETHAMIN. XANTHAN-GUMMI. ZINKSULFAT<\/p>","protected":false},"excerpt":{"rendered":"<p>Eine regenerierende Creme* f\u00fcr geschw\u00e4chte Haut, die Haut, die durch ein oberfl\u00e4chliches dermatologisches Verfahren (Peeling, Laser, Microneedling usw.) oder durch eine T\u00e4towierung** sensibilisiert wurde, mit Feuchtigkeit versorgt, beruhigt und reinigt. Die reparierende Feuchtigkeitspflege Cicalfate+ ist f\u00fcr die empfindliche Gesichts- und K\u00f6rperhaut von Erwachsenen bestimmt und besteht zu 91 % aus Inhaltsstoffen nat\u00fcrlichen Ursprungs. Sie hilft, [&hellip;]<\/p>\n","protected":false},"featured_media":26634,"template":"","meta":{"_acf_changed":false,"footnotes":""},"product_brand":[],"product_cat":[47,42,56],"product_tag":[],"class_list":{"0":"post-26632","1":"product","2":"type-product","3":"status-publish","4":"has-post-thumbnail","6":"product_cat-dermocosmetique","7":"product_cat-para-pharmacie","8":"product_cat-soins-du-corps","10":"first","11":"instock","12":"taxable","13":"shipping-taxable","14":"purchasable","15":"product-type-simple"},"acf":[],"_links":{"self":[{"href":"https:\/\/www.pharmacieonline.lu\/de\/wp-json\/wp\/v2\/product\/26632","targetHints":{"allow":["GET"]}}],"collection":[{"href":"https:\/\/www.pharmacieonline.lu\/de\/wp-json\/wp\/v2\/product"}],"about":[{"href":"https:\/\/www.pharmacieonline.lu\/de\/wp-json\/wp\/v2\/types\/product"}],"version-history":[{"count":0,"href":"https:\/\/www.pharmacieonline.lu\/de\/wp-json\/wp\/v2\/product\/26632\/revisions"}],"wp:featuredmedia":[{"embeddable":true,"href":"https:\/\/www.pharmacieonline.lu\/de\/wp-json\/wp\/v2\/media\/26634"}],"wp:attachment":[{"href":"https:\/\/www.pharmacieonline.lu\/de\/wp-json\/wp\/v2\/media?parent=26632"}],"wp:term":[{"taxonomy":"product_brand","embeddable":true,"href":"https:\/\/www.pharmacieonline.lu\/de\/wp-json\/wp\/v2\/product_brand?post=26632"},{"taxonomy":"product_cat","embeddable":true,"href":"https:\/\/www.pharmacieonline.lu\/de\/wp-json\/wp\/v2\/product_cat?post=26632"},{"taxonomy":"product_tag","embeddable":true,"href":"https:\/\/www.pharmacieonline.lu\/de\/wp-json\/wp\/v2\/product_tag?post=26632"}],"curies":[{"name":"wp","href":"https:\/\/api.w.org\/{rel}","templated":true}]}}