{"id":26636,"date":"2022-08-25T15:08:01","date_gmt":"2022-08-25T13:08:01","guid":{"rendered":"https:\/\/www.pharmacieonline.lu\/?post_type=product&#038;p=26636"},"modified":"2026-04-08T19:55:26","modified_gmt":"2026-04-08T17:55:26","slug":"avene-cicalfate-gel-nett-assainis-200ml","status":"publish","type":"product","link":"https:\/\/www.pharmacieonline.lu\/de\/produit\/avene-cicalfate-gel-nett-assainis-200ml\/","title":{"rendered":"AVENE CICALFATE+ GEL NETT ASSAINIS 200ML"},"content":{"rendered":"<p>das nicht austrocknende reinigungsgel beruhigt und reinigt gereizte haut. Es eignet sich f\u00fcr die Hygiene von Gesicht, K\u00f6rper, \u00e4u\u00dferem Intimbereich, H\u00e4nden und Kopfhaut von S\u00e4uglingen, Kindern und Erwachsenen. Geeignet f\u00fcr allt\u00e4gliche Irritationen (Sitzr\u00f6tungen, Kratzer, Intimbeschwerden, kindliche Hautausschl\u00e4ge, T\u00e4towierungen, oberfl\u00e4chliche dermatologische Eingriffe, Schnurpflege usw.) ist dieses Waschgel ohne Parf\u00fcm aus 98% Inhaltsstoffen nat\u00fcrlichen Ursprungs formuliert. . Seine Formel hilft, Reizungen zu reduzieren, w\u00e4hrend seine desinfizierende Wirkung dazu beitr\u00e4gt, das Risiko einer Bakterienvermehrung zu begrenzen. Dieses Duschgel besteht aus einer zu 100 % recycelten und recycelbaren Plastikflasche mit einem ebenfalls recycelbaren Drehverschluss. Seine angenehm blaue Textur sch\u00e4umt beim Auftragen auf.<\/p>\n<p>Indikation<br \/>\nReinigungsgel f\u00fcr gereizte Haut.<\/p>\n<p>Verwenden<br \/>\n1 bis 2 mal t\u00e4glich auf die gereizte Stelle auftragen. Aufsch\u00e4umen und dann aussp\u00fclen. Wischen Sie die Haut sanft ab, indem Sie sie abtupfen, ohne zu reiben.<\/p>\n<p>Komposition<br \/>\nAVENE-THERMALQUELLWASSER (AVENE AQUA). WASSER (AQUA). GLYCERIN. Dinatrium-COCO-GLUCOSID-CITRAT. DECYLGLUCOSID. NATRIUMCOCOAMPHOACETAT. PENTYLENGLYKOL. AQUAPHILUS DOLOMIAE FERMENTFILTRAT. Arginin. ZITRONENS\u00c4URE. KUPFERSULFAT. NATRIUMCHLORID. Trinatriumethylendiamindisuccinat. TROMETHAMIN. XANTHAN-GUMMI. ZINKSULFAT<\/p>","protected":false},"excerpt":{"rendered":"<p>das nicht austrocknende reinigungsgel beruhigt und reinigt gereizte haut. Es eignet sich f\u00fcr die Hygiene von Gesicht, K\u00f6rper, \u00e4u\u00dferem Intimbereich, H\u00e4nden und Kopfhaut von S\u00e4uglingen, Kindern und Erwachsenen. Geeignet f\u00fcr allt\u00e4gliche Irritationen (Sitzr\u00f6tungen, Kratzer, Intimbeschwerden, kindliche Hautausschl\u00e4ge, T\u00e4towierungen, oberfl\u00e4chliche dermatologische Eingriffe, Schnurpflege usw.) ist dieses Waschgel ohne Parf\u00fcm aus 98% Inhaltsstoffen nat\u00fcrlichen Ursprungs formuliert. . [&hellip;]<\/p>\n","protected":false},"featured_media":26638,"template":"","meta":{"_acf_changed":false,"footnotes":""},"product_brand":[],"product_cat":[47,42,112],"product_tag":[],"class_list":{"0":"post-26636","1":"product","2":"type-product","3":"status-publish","4":"has-post-thumbnail","6":"product_cat-dermocosmetique","7":"product_cat-para-pharmacie","8":"product_cat-douche-bain","10":"first","11":"outofstock","12":"taxable","13":"shipping-taxable","14":"purchasable","15":"product-type-simple"},"acf":[],"_links":{"self":[{"href":"https:\/\/www.pharmacieonline.lu\/de\/wp-json\/wp\/v2\/product\/26636","targetHints":{"allow":["GET"]}}],"collection":[{"href":"https:\/\/www.pharmacieonline.lu\/de\/wp-json\/wp\/v2\/product"}],"about":[{"href":"https:\/\/www.pharmacieonline.lu\/de\/wp-json\/wp\/v2\/types\/product"}],"version-history":[{"count":0,"href":"https:\/\/www.pharmacieonline.lu\/de\/wp-json\/wp\/v2\/product\/26636\/revisions"}],"wp:featuredmedia":[{"embeddable":true,"href":"https:\/\/www.pharmacieonline.lu\/de\/wp-json\/wp\/v2\/media\/26638"}],"wp:attachment":[{"href":"https:\/\/www.pharmacieonline.lu\/de\/wp-json\/wp\/v2\/media?parent=26636"}],"wp:term":[{"taxonomy":"product_brand","embeddable":true,"href":"https:\/\/www.pharmacieonline.lu\/de\/wp-json\/wp\/v2\/product_brand?post=26636"},{"taxonomy":"product_cat","embeddable":true,"href":"https:\/\/www.pharmacieonline.lu\/de\/wp-json\/wp\/v2\/product_cat?post=26636"},{"taxonomy":"product_tag","embeddable":true,"href":"https:\/\/www.pharmacieonline.lu\/de\/wp-json\/wp\/v2\/product_tag?post=26636"}],"curies":[{"name":"wp","href":"https:\/\/api.w.org\/{rel}","templated":true}]}}