{"id":26747,"date":"2022-09-01T10:46:30","date_gmt":"2022-09-01T08:46:30","guid":{"rendered":"https:\/\/www.pharmacieonline.lu\/?post_type=product&#038;p=26747"},"modified":"2026-04-05T06:25:22","modified_gmt":"2026-04-05T04:25:22","slug":"pistal-insec-spray-inodore-300-ml-home","status":"publish","type":"product","link":"https:\/\/www.pharmacieonline.lu\/de\/produit\/pistal-insec-spray-inodore-300-ml-home\/","title":{"rendered":"PISTAL INSEC.SPRAY INODORE 300 ML (HOME)"},"content":{"rendered":"<p>Schnelles und effektives Spray gegen Insekten<\/p>\n<p>Pistal\u00ae Home t\u00f6tet sofort und effektiv alle fliegenden und kriechenden Insekten<\/p>\n<p>(M\u00fccken, Fliegen, Fl\u00f6he, Kakerlaken, Motten, Bettwanzen, Ameisen&#8230;), Milben und Zecken.<\/p>\n<p>PFLANZENUMWELTSPRAY, bestimmt f\u00fcr die breite \u00d6ffentlichkeit.<\/p>\n<p>TP 18 Insektizide, Akarizide und Produkte zur Bek\u00e4mpfung anderer Arthopoden.<\/p>\n<p>Einsatz rund ums Haus:<\/p>\n<p>Sitze<br \/>\nM\u00fclleimer<br \/>\nSchr\u00e4nke<br \/>\nUmkleideraum<br \/>\nTeppich<br \/>\nM\u00f6bel<br \/>\nKofferraum<br \/>\nTerrasse<br \/>\nVerwenden<\/p>\n<p>Spr\u00fchen Sie Pistal\u00ae Maison 4 bis 5 Sekunden lang direkt auf die Insekten und halten Sie dabei einen Abstand von 30 bis 40 cm ein. Dann eine halbe Stunde l\u00fcften. F\u00fcr die Anwendung in der Umgebung Ihres Haustieres verwenden Sie Pistal\u00ae Nest. Achtung: Nicht auf Lebensmittel oder Oberfl\u00e4chen auftragen, die mit Lebensmitteln in Ber\u00fchrung kommen k\u00f6nnten. Nicht bei Tieren anwenden. Darf nicht in der N\u00e4he von oder auf kaltbl\u00fctige Katzen, Fische, kleine V\u00f6gel und Tiere gespr\u00fcht werden. Kontakt mit Haut, Augen und Mund (Tiere und Menschen) vermeiden. Weitere Informationen: www.pistal.be<\/p>\n<p>Eigenschaften<\/p>\n<p>PISTAL\u00ae Maison ist geruchlos und hinterl\u00e4sst keine Flecken. Der Wirkstoff ist pflanzlichen Ursprungs und hat keine verl\u00e4ngerte Wirkung.<\/p>\n<p>Komposition<\/p>\n<p>Chrysanthemum cinerariaefolium, ext. (CAS-Nr. 89997-63-7): 0,25 %<\/p>","protected":false},"excerpt":{"rendered":"<p>Schnelles und effektives Spray gegen Insekten Pistal\u00ae Home t\u00f6tet sofort und effektiv alle fliegenden und kriechenden Insekten (M\u00fccken, Fliegen, Fl\u00f6he, Kakerlaken, Motten, Bettwanzen, Ameisen&#8230;), Milben und Zecken. PFLANZENUMWELTSPRAY, bestimmt f\u00fcr die breite \u00d6ffentlichkeit. TP 18 Insektizide, Akarizide und Produkte zur Bek\u00e4mpfung anderer Arthopoden. Einsatz rund ums Haus: Sitze M\u00fclleimer Schr\u00e4nke Umkleideraum Teppich M\u00f6bel Kofferraum Terrasse [&hellip;]<\/p>\n","protected":false},"featured_media":26749,"template":"","meta":{"_acf_changed":false,"footnotes":""},"product_brand":[],"product_cat":[46],"product_tag":[],"class_list":{"0":"post-26747","1":"product","2":"type-product","3":"status-publish","4":"has-post-thumbnail","6":"product_cat-veterinaire","8":"first","9":"instock","10":"taxable","11":"shipping-taxable","12":"purchasable","13":"product-type-simple"},"acf":[],"_links":{"self":[{"href":"https:\/\/www.pharmacieonline.lu\/de\/wp-json\/wp\/v2\/product\/26747","targetHints":{"allow":["GET"]}}],"collection":[{"href":"https:\/\/www.pharmacieonline.lu\/de\/wp-json\/wp\/v2\/product"}],"about":[{"href":"https:\/\/www.pharmacieonline.lu\/de\/wp-json\/wp\/v2\/types\/product"}],"version-history":[{"count":0,"href":"https:\/\/www.pharmacieonline.lu\/de\/wp-json\/wp\/v2\/product\/26747\/revisions"}],"wp:featuredmedia":[{"embeddable":true,"href":"https:\/\/www.pharmacieonline.lu\/de\/wp-json\/wp\/v2\/media\/26749"}],"wp:attachment":[{"href":"https:\/\/www.pharmacieonline.lu\/de\/wp-json\/wp\/v2\/media?parent=26747"}],"wp:term":[{"taxonomy":"product_brand","embeddable":true,"href":"https:\/\/www.pharmacieonline.lu\/de\/wp-json\/wp\/v2\/product_brand?post=26747"},{"taxonomy":"product_cat","embeddable":true,"href":"https:\/\/www.pharmacieonline.lu\/de\/wp-json\/wp\/v2\/product_cat?post=26747"},{"taxonomy":"product_tag","embeddable":true,"href":"https:\/\/www.pharmacieonline.lu\/de\/wp-json\/wp\/v2\/product_tag?post=26747"}],"curies":[{"name":"wp","href":"https:\/\/api.w.org\/{rel}","templated":true}]}}