{"id":269,"date":"2020-11-25T17:25:12","date_gmt":"2020-11-25T16:25:12","guid":{"rendered":"https:\/\/www.pharmacieonline.lu\/produit\/widmer-creme-yeux-30-ml-parf\/"},"modified":"2026-04-05T20:25:42","modified_gmt":"2026-04-05T18:25:42","slug":"widmer-creme-yeux-30-ml-parf","status":"publish","type":"product","link":"https:\/\/www.pharmacieonline.lu\/de\/produit\/widmer-creme-yeux-30-ml-parf\/","title":{"rendered":"WIDMER CREME YEUX 30 ML PARF"},"content":{"rendered":"<p>ALLE HAUTTYPEN<br \/>\nIntensive Anti-Aging-Creme<br \/>\nHohe Wirkstoffkonzentration<br \/>\nReiche Pflege<br \/>\nRegeneriert das Hautgewebe<br \/>\nSpendet Feuchtigkeit, heilt und sch\u00fctzt die Haut<br \/>\nReduziert feine Linien<br \/>\nF\u00fcr besonders empfindliche und gestresste Bereiche<br \/>\nAuch zur Heilung von Narben geeignet<\/p>\n<p>VERWENDUNG:<br \/>\nTragen Sie die Augenkonturcreme morgens und abends auf, indem Sie auf die gut gereinigte Haut um die Augen tippen. Wir empfehlen es f\u00fcr alle Hauttypen, die m\u00fcde, dehydriert oder durch Make-up belastet sind. Als Maske aufgetragen ist die Eye Contour Cream \u00fcberraschend effektiv: Nach der Reinigung eine regelm\u00e4\u00dfige Schicht Creme auf Gesicht, Augenpartie und Dekollet\u00e9 auftragen. Dann mit einem feuchten, warmen Tuch abdecken und 20 Minuten einwirken lassen. Sp\u00fclen Sie nicht wie herk\u00f6mmliche Masken. Kontakt mit den Augenschleimh\u00e4uten vermeiden.<\/p>\n<p>Inhaltsstoffe: Aqua, Ethylhexylisostearat, Isohexadecan, Isopropylpalmitat, Oleylerucat, Propylenglykol, Panthenol, Decyloleat, Polyglyceryl-3-Ricinoleat, Sorbitanisostearat, Paraffinumliquidum, Sorbit, Tocallopherylacetat, Acetylacetat , Phoxyaffina, Sulfinylacetat, Phoxyaffina, Sulfinylacetat, Phoxyaffina, Sulfurylacetat, Phoxyaffina, Euphorbia Cerifera (Candelilla) -Wachs, Retinylpalmitat, Parfum, Ethylhexylglycerin, Tocopherol, Kollagenaminos\u00e4ure, Etholons\u00e4ure Geraniol, Linalool, Anisalkohol, Limonen, Cinicylalkohol, Benzyl Bennamene, Cinicylalkohol, Benzyl Bennamene. (FVN100043.0017)<\/p>","protected":false},"excerpt":{"rendered":"<p>ALLE HAUTTYPEN Intensive Anti-Aging-Creme Hohe Wirkstoffkonzentration Reiche Pflege Regeneriert das Hautgewebe Spendet Feuchtigkeit, heilt und sch\u00fctzt die Haut Reduziert feine Linien F\u00fcr besonders empfindliche und gestresste Bereiche Auch zur Heilung von Narben geeignet VERWENDUNG: Tragen Sie die Augenkonturcreme morgens und abends auf, indem Sie auf die gut gereinigte Haut um die Augen tippen. Wir empfehlen [&hellip;]<\/p>\n","protected":false},"featured_media":5226,"template":"","meta":{"_acf_changed":false,"footnotes":""},"product_brand":[],"product_cat":[47,42,54,782],"product_tag":[],"class_list":{"0":"post-269","1":"product","2":"type-product","3":"status-publish","4":"has-post-thumbnail","6":"product_cat-dermocosmetique","7":"product_cat-para-pharmacie","8":"product_cat-soins-du-visage","9":"product_cat-vegan","11":"first","12":"outofstock","13":"taxable","14":"shipping-taxable","15":"purchasable","16":"product-type-simple"},"acf":[],"_links":{"self":[{"href":"https:\/\/www.pharmacieonline.lu\/de\/wp-json\/wp\/v2\/product\/269","targetHints":{"allow":["GET"]}}],"collection":[{"href":"https:\/\/www.pharmacieonline.lu\/de\/wp-json\/wp\/v2\/product"}],"about":[{"href":"https:\/\/www.pharmacieonline.lu\/de\/wp-json\/wp\/v2\/types\/product"}],"version-history":[{"count":0,"href":"https:\/\/www.pharmacieonline.lu\/de\/wp-json\/wp\/v2\/product\/269\/revisions"}],"wp:featuredmedia":[{"embeddable":true,"href":"https:\/\/www.pharmacieonline.lu\/de\/wp-json\/wp\/v2\/media\/5226"}],"wp:attachment":[{"href":"https:\/\/www.pharmacieonline.lu\/de\/wp-json\/wp\/v2\/media?parent=269"}],"wp:term":[{"taxonomy":"product_brand","embeddable":true,"href":"https:\/\/www.pharmacieonline.lu\/de\/wp-json\/wp\/v2\/product_brand?post=269"},{"taxonomy":"product_cat","embeddable":true,"href":"https:\/\/www.pharmacieonline.lu\/de\/wp-json\/wp\/v2\/product_cat?post=269"},{"taxonomy":"product_tag","embeddable":true,"href":"https:\/\/www.pharmacieonline.lu\/de\/wp-json\/wp\/v2\/product_tag?post=269"}],"curies":[{"name":"wp","href":"https:\/\/api.w.org\/{rel}","templated":true}]}}