{"id":27259,"date":"2022-09-23T16:55:16","date_gmt":"2022-09-23T14:55:16","guid":{"rendered":"https:\/\/www.pharmacieonline.lu\/?post_type=product&#038;p=27259"},"modified":"2026-04-05T06:25:24","modified_gmt":"2026-04-05T04:25:24","slug":"widmer-young-good-night-cream","status":"publish","type":"product","link":"https:\/\/www.pharmacieonline.lu\/de\/produit\/widmer-young-good-night-cream\/","title":{"rendered":"WIDMER YOUNG GOOD NIGHT CREAM"},"content":{"rendered":"<p>Gute Nachtcreme &#8211; Nachtbooster<br \/>\nTiefenpflege f\u00fcr die Nacht<br \/>\nRegeneriert und revitalisiert die Haut schnell<br \/>\nSpendet intensiv Feuchtigkeit<br \/>\nPflegt und sch\u00fctzt effektiv die Haut<br \/>\nDie Kombination aus kurzkettiger (fragmentierter) und langkettiger (filmbildender) Hyalurons\u00e4ure verleiht der Haut ein angenehmes Hautgef\u00fchl<br \/>\nFeine Linien werden aufgef\u00fcllt und die Haut gestrafft<br \/>\nF\u00fcr eine entspannte und regenerierte Haut auch nach einer kurzen Nacht<br \/>\nLeicht durchdringende Textur<\/p>","protected":false},"excerpt":{"rendered":"<p>Gute Nachtcreme &#8211; Nachtbooster Tiefenpflege f\u00fcr die Nacht Regeneriert und revitalisiert die Haut schnell Spendet intensiv Feuchtigkeit Pflegt und sch\u00fctzt effektiv die Haut Die Kombination aus kurzkettiger (fragmentierter) und langkettiger (filmbildender) Hyalurons\u00e4ure verleiht der Haut ein angenehmes Hautgef\u00fchl Feine Linien werden aufgef\u00fcllt und die Haut gestrafft F\u00fcr eine entspannte und regenerierte Haut auch nach einer [&hellip;]<\/p>\n","protected":false},"featured_media":27260,"template":"","meta":{"_acf_changed":false,"footnotes":""},"product_brand":[],"product_cat":[47,42,54,782],"product_tag":[],"class_list":{"0":"post-27259","1":"product","2":"type-product","3":"status-publish","4":"has-post-thumbnail","6":"product_cat-dermocosmetique","7":"product_cat-para-pharmacie","8":"product_cat-soins-du-visage","9":"product_cat-vegan","11":"first","12":"outofstock","13":"taxable","14":"shipping-taxable","15":"purchasable","16":"product-type-simple"},"acf":[],"_links":{"self":[{"href":"https:\/\/www.pharmacieonline.lu\/de\/wp-json\/wp\/v2\/product\/27259","targetHints":{"allow":["GET"]}}],"collection":[{"href":"https:\/\/www.pharmacieonline.lu\/de\/wp-json\/wp\/v2\/product"}],"about":[{"href":"https:\/\/www.pharmacieonline.lu\/de\/wp-json\/wp\/v2\/types\/product"}],"version-history":[{"count":0,"href":"https:\/\/www.pharmacieonline.lu\/de\/wp-json\/wp\/v2\/product\/27259\/revisions"}],"wp:featuredmedia":[{"embeddable":true,"href":"https:\/\/www.pharmacieonline.lu\/de\/wp-json\/wp\/v2\/media\/27260"}],"wp:attachment":[{"href":"https:\/\/www.pharmacieonline.lu\/de\/wp-json\/wp\/v2\/media?parent=27259"}],"wp:term":[{"taxonomy":"product_brand","embeddable":true,"href":"https:\/\/www.pharmacieonline.lu\/de\/wp-json\/wp\/v2\/product_brand?post=27259"},{"taxonomy":"product_cat","embeddable":true,"href":"https:\/\/www.pharmacieonline.lu\/de\/wp-json\/wp\/v2\/product_cat?post=27259"},{"taxonomy":"product_tag","embeddable":true,"href":"https:\/\/www.pharmacieonline.lu\/de\/wp-json\/wp\/v2\/product_tag?post=27259"}],"curies":[{"name":"wp","href":"https:\/\/api.w.org\/{rel}","templated":true}]}}