{"id":273,"date":"2020-11-25T17:25:12","date_gmt":"2020-11-25T16:25:12","guid":{"rendered":"https:\/\/www.pharmacieonline.lu\/produit\/cedium-benzal-sol-30-ml\/"},"modified":"2026-04-27T08:55:41","modified_gmt":"2026-04-27T06:55:41","slug":"cedium-benzal-sol-30-ml","status":"publish","type":"product","link":"https:\/\/www.pharmacieonline.lu\/de\/produit\/cedium-benzal-sol-30-ml\/","title":{"rendered":"CEDIUM BENZAL SOL 30 ML"},"content":{"rendered":"<p>Cediumbenzalkonium ist eine Desinfektionsl\u00f6sung zur lokalen Anwendung auf der Haut (\u00e4u\u00dferliche Anwendung).<br \/>\nCediumbenzalkonium wird verwendet, um kleine Wunden, oberfl\u00e4chliche Wunden, Schnitte, Kratzer, Verbrennungen und Insektenstiche zu desinfizieren und die Haut vor dem Verputzen zu reinigen, um Entz\u00fcndungen vorzubeugen.<\/p>\n<p>Verwenden Sie dieses Arzneimittel immer genau so, wie es in dieser Packungsbeilage beschrieben ist oder wie es Ihnen Ihr Arzt oder Apotheker mitgeteilt hat. Fragen Sie im Zweifelsfall Ihren Arzt oder Apotheker.<br \/>\nDie empfohlene Dosis lautet: Tropfflasche: Tragen Sie einige Tropfen 2 oder 3 Mal t\u00e4glich direkt auf die Wunde oder eine sterile Kompresse auf.<\/p>\n<p>Ohne Wischen trocknen lassen.<br \/>\nWenn Sie den Hautbereich zuerst mit Wasser und Seife waschen m\u00fcssen, sp\u00fclen Sie ihn gut aus, um alle Seifenspuren zu entfernen. Es ist notwendig, die Anwendung nach jeder Toilette zu erneuern. Dieses Produkt verursacht keine Flecken.<br \/>\nDie Behandlungsdauer sollte so kurz wie m\u00f6glich sein. Wenn Sie nach 3 Tagen keine Besserung feststellen, suchen Sie einen Arzt auf. Ihr Arzt wird Ihnen sagen, wie lange Cediumbenzalkonium angewendet werden soll.<\/p>\n<p>Was Cediumbenzalkonium enth\u00e4lt<br \/>\nDer Wirkstoff ist 1 mg \/ ml Benzalkoniumchlorid.<br \/>\nDie anderen Bestandteile sind Edetat-Dinatrium-Natriumhydrogenphosphat-Dihydrat-Natriumdihydrogenphosphat-Dihydrat-Natriumchlorid-gereinigtes Wasser.<\/p>","protected":false},"excerpt":{"rendered":"<p>Cediumbenzalkonium ist eine Desinfektionsl\u00f6sung zur lokalen Anwendung auf der Haut (\u00e4u\u00dferliche Anwendung). Cediumbenzalkonium wird verwendet, um kleine Wunden, oberfl\u00e4chliche Wunden, Schnitte, Kratzer, Verbrennungen und Insektenstiche zu desinfizieren und die Haut vor dem Verputzen zu reinigen, um Entz\u00fcndungen vorzubeugen. Verwenden Sie dieses Arzneimittel immer genau so, wie es in dieser Packungsbeilage beschrieben ist oder wie es [&hellip;]<\/p>\n","protected":false},"featured_media":5452,"template":"","meta":{"_acf_changed":false,"footnotes":""},"product_brand":[],"product_cat":[788,775,45],"product_tag":[],"class_list":{"0":"post-273","1":"product","2":"type-product","3":"status-publish","4":"has-post-thumbnail","6":"product_cat-antiseptiques","7":"product_cat-premiers-soins-plaies-brulures","8":"product_cat-materiel-medical","10":"first","11":"instock","12":"taxable","13":"shipping-taxable","14":"purchasable","15":"product-type-simple"},"acf":[],"_links":{"self":[{"href":"https:\/\/www.pharmacieonline.lu\/de\/wp-json\/wp\/v2\/product\/273","targetHints":{"allow":["GET"]}}],"collection":[{"href":"https:\/\/www.pharmacieonline.lu\/de\/wp-json\/wp\/v2\/product"}],"about":[{"href":"https:\/\/www.pharmacieonline.lu\/de\/wp-json\/wp\/v2\/types\/product"}],"version-history":[{"count":0,"href":"https:\/\/www.pharmacieonline.lu\/de\/wp-json\/wp\/v2\/product\/273\/revisions"}],"wp:featuredmedia":[{"embeddable":true,"href":"https:\/\/www.pharmacieonline.lu\/de\/wp-json\/wp\/v2\/media\/5452"}],"wp:attachment":[{"href":"https:\/\/www.pharmacieonline.lu\/de\/wp-json\/wp\/v2\/media?parent=273"}],"wp:term":[{"taxonomy":"product_brand","embeddable":true,"href":"https:\/\/www.pharmacieonline.lu\/de\/wp-json\/wp\/v2\/product_brand?post=273"},{"taxonomy":"product_cat","embeddable":true,"href":"https:\/\/www.pharmacieonline.lu\/de\/wp-json\/wp\/v2\/product_cat?post=273"},{"taxonomy":"product_tag","embeddable":true,"href":"https:\/\/www.pharmacieonline.lu\/de\/wp-json\/wp\/v2\/product_tag?post=273"}],"curies":[{"name":"wp","href":"https:\/\/api.w.org\/{rel}","templated":true}]}}