{"id":27488,"date":"2022-10-04T17:33:57","date_gmt":"2022-10-04T15:33:57","guid":{"rendered":"https:\/\/www.pharmacieonline.lu\/?post_type=product&#038;p=27488"},"modified":"2026-04-28T05:40:58","modified_gmt":"2026-04-28T03:40:58","slug":"saforelle-soin-lavant-doux-1l","status":"publish","type":"product","link":"https:\/\/www.pharmacieonline.lu\/de\/produit\/saforelle-soin-lavant-doux-1l\/","title":{"rendered":"SAFORELLE SOIN LAVANT DOUX 1L"},"content":{"rendered":"<p>Das Intimgel wurde speziell ohne Seife f\u00fcr empfindliche oder gereizte Haut entwickelt und sch\u00fctzt3 und beruhigt4. Sein angepasster pH-Wert, seine mit Klette und Surgras angereicherte Formulierung machen es zu einem Intimreiniger, der sich besonders f\u00fcr den t\u00e4glichen Gebrauch oder bei Reizungen eignet und das nat\u00fcrliche Gleichgewicht des Intimbereichs respektiert5.<\/p>\n<p>Sehr gut vertr\u00e4glich, die sanfte Reinigungspflege wurde unter \u00e4rztlicher Aufsicht von Gyn\u00e4kologen und Dermatologen getestet und ist auch f\u00fcr Schwangere geeignet.<\/p>\n<p>Saforelle achtet auf Ihre Privatsph\u00e4re.<\/p>\n<p>Saforelle Sanfte Reinigungspflege f\u00fcr die t\u00e4gliche Anwendung und bei Reizungen.<\/p>\n<p>Indikation<br \/>\nIntim- und K\u00f6rperw\u00e4sche<br \/>\nBei Reizungen<br \/>\nF\u00fcr eine angepasste Intimhygiene, zus\u00e4tzlich zu Anti-Pilz-Behandlungen<br \/>\nT\u00e4glich<br \/>\nVerwenden<br \/>\n1 bis 2 mal am Tag<br \/>\nNur zur \u00e4u\u00dferlichen Anwendung<br \/>\nGut aussp\u00fclen<br \/>\nDen Kontakt mit den Augen vermeiden<br \/>\nNormale oder empfindliche Haut<br \/>\nKomposition<\/p>\n<p>Klette ist eine in Asien und Europa beheimatete Pflanze, die f\u00fcr ihre beruhigenden und lindernden Eigenschaften bekannt ist. Die verwendeten Klettenwurzeln (Arctium lappa root) werden von Saforelle streng ausgew\u00e4hlt.<\/p>\n<p>AQUA, COCAMIDOPROPYL BETAINE, COCAMIDE DEA, SODIUM CHLORID, PEG-6 CAPRYLIC\/CAPRIC Glycerides, PARFUM, PROPYLENGLYCOL, STEARAMINE OXID, OCTOXYNOL-12, LAVANDULA ANGUSTIFOLIA OIL, TETRASODIUM EDTA, LINALOOL, POLYSORBAT 20, SODIUM HYDROLOXIDE, APP WURZELEXTRAKT, CUMARIN, GERANIOL, LIMONENE, DIMETHYLSTEARAMIN.<\/p>","protected":false},"excerpt":{"rendered":"<p>Das Intimgel wurde speziell ohne Seife f\u00fcr empfindliche oder gereizte Haut entwickelt und sch\u00fctzt3 und beruhigt4. Sein angepasster pH-Wert, seine mit Klette und Surgras angereicherte Formulierung machen es zu einem Intimreiniger, der sich besonders f\u00fcr den t\u00e4glichen Gebrauch oder bei Reizungen eignet und das nat\u00fcrliche Gleichgewicht des Intimbereichs respektiert5. Sehr gut vertr\u00e4glich, die sanfte Reinigungspflege [&hellip;]<\/p>\n","protected":false},"featured_media":27490,"template":"","meta":{"_acf_changed":false,"footnotes":""},"product_brand":[],"product_cat":[42,59],"product_tag":[],"class_list":{"0":"post-27488","1":"product","2":"type-product","3":"status-publish","4":"has-post-thumbnail","6":"product_cat-para-pharmacie","7":"product_cat-hygiene-intime","9":"first","10":"instock","11":"taxable","12":"shipping-taxable","13":"purchasable","14":"product-type-simple"},"acf":[],"_links":{"self":[{"href":"https:\/\/www.pharmacieonline.lu\/de\/wp-json\/wp\/v2\/product\/27488","targetHints":{"allow":["GET"]}}],"collection":[{"href":"https:\/\/www.pharmacieonline.lu\/de\/wp-json\/wp\/v2\/product"}],"about":[{"href":"https:\/\/www.pharmacieonline.lu\/de\/wp-json\/wp\/v2\/types\/product"}],"version-history":[{"count":0,"href":"https:\/\/www.pharmacieonline.lu\/de\/wp-json\/wp\/v2\/product\/27488\/revisions"}],"wp:featuredmedia":[{"embeddable":true,"href":"https:\/\/www.pharmacieonline.lu\/de\/wp-json\/wp\/v2\/media\/27490"}],"wp:attachment":[{"href":"https:\/\/www.pharmacieonline.lu\/de\/wp-json\/wp\/v2\/media?parent=27488"}],"wp:term":[{"taxonomy":"product_brand","embeddable":true,"href":"https:\/\/www.pharmacieonline.lu\/de\/wp-json\/wp\/v2\/product_brand?post=27488"},{"taxonomy":"product_cat","embeddable":true,"href":"https:\/\/www.pharmacieonline.lu\/de\/wp-json\/wp\/v2\/product_cat?post=27488"},{"taxonomy":"product_tag","embeddable":true,"href":"https:\/\/www.pharmacieonline.lu\/de\/wp-json\/wp\/v2\/product_tag?post=27488"}],"curies":[{"name":"wp","href":"https:\/\/api.w.org\/{rel}","templated":true}]}}