{"id":27597,"date":"2022-10-07T13:02:48","date_gmt":"2022-10-07T11:02:48","guid":{"rendered":"https:\/\/www.pharmacieonline.lu\/?post_type=product&#038;p=27597"},"modified":"2026-04-16T03:55:37","modified_gmt":"2026-04-16T01:55:37","slug":"cerave-soin-concentre-anti-imperfec-40ml","status":"publish","type":"product","link":"https:\/\/www.pharmacieonline.lu\/de\/produit\/cerave-soin-concentre-anti-imperfec-40ml\/","title":{"rendered":"CERAVE SOIN CONCENTRE ANTI-IMPERFEC 40ML"},"content":{"rendered":"<p>F\u00fcr zu Akne neigende Haut.<\/p>\n<p>Reduziert Pickel, Hautunreinheiten und das Auftreten von Poren. Hilft, die Schutzbarriere der Haut wiederherzustellen.<\/p>\n<p>Mit 3 essentiellen Ceramiden, Glykols\u00e4ure und Milchs\u00e4ure.<\/p>\n<p>Indikation<\/p>\n<p>Gesichtspflege f\u00fcr zu Akne neigende Haut.<\/p>\n<p>Komposition<br \/>\nAQUA\/WASSER\/EAU, GLYCERIN, NATRIUMHYDROXID, GLYKOLS\u00c4URE, MILCHS\u00c4URE, SALICYLS\u00c4URE, NIACINAMID, CERAMID NP, CERAMID AP, CERAMID EOP, CARBOMER, CETEARYLALKOHOL, BEHENTRIMONIUMMETHOSULFAT, TRIETHYLCITRATE, NATRIUMHYALURONAT, NATRIUMLAUROYLACTYLAT , CHLORPHENESIN, Dinatrium-EDTA, HYDROXYPROPYL-GUAR, CAPRYLYL-GLYKOL, XANTHAN-GUMMI, PHYTOSPHINGOSIN, BENZOES\u00c4URE. (F.I.L. CODE D271240\/1)<\/p>","protected":false},"excerpt":{"rendered":"<p>F\u00fcr zu Akne neigende Haut. Reduziert Pickel, Hautunreinheiten und das Auftreten von Poren. Hilft, die Schutzbarriere der Haut wiederherzustellen. Mit 3 essentiellen Ceramiden, Glykols\u00e4ure und Milchs\u00e4ure. Indikation Gesichtspflege f\u00fcr zu Akne neigende Haut. Komposition AQUA\/WASSER\/EAU, GLYCERIN, NATRIUMHYDROXID, GLYKOLS\u00c4URE, MILCHS\u00c4URE, SALICYLS\u00c4URE, NIACINAMID, CERAMID NP, CERAMID AP, CERAMID EOP, CARBOMER, CETEARYLALKOHOL, BEHENTRIMONIUMMETHOSULFAT, TRIETHYLCITRATE, NATRIUMHYALURONAT, NATRIUMLAUROYLACTYLAT , CHLORPHENESIN, [&hellip;]<\/p>\n","protected":false},"featured_media":27599,"template":"","meta":{"_acf_changed":false,"footnotes":""},"product_brand":[],"product_cat":[47,42,762],"product_tag":[],"class_list":{"0":"post-27597","1":"product","2":"type-product","3":"status-publish","4":"has-post-thumbnail","6":"product_cat-dermocosmetique","7":"product_cat-para-pharmacie","8":"product_cat-peaux-a-problemes","10":"first","11":"instock","12":"taxable","13":"shipping-taxable","14":"purchasable","15":"product-type-simple"},"acf":[],"_links":{"self":[{"href":"https:\/\/www.pharmacieonline.lu\/de\/wp-json\/wp\/v2\/product\/27597","targetHints":{"allow":["GET"]}}],"collection":[{"href":"https:\/\/www.pharmacieonline.lu\/de\/wp-json\/wp\/v2\/product"}],"about":[{"href":"https:\/\/www.pharmacieonline.lu\/de\/wp-json\/wp\/v2\/types\/product"}],"version-history":[{"count":0,"href":"https:\/\/www.pharmacieonline.lu\/de\/wp-json\/wp\/v2\/product\/27597\/revisions"}],"wp:featuredmedia":[{"embeddable":true,"href":"https:\/\/www.pharmacieonline.lu\/de\/wp-json\/wp\/v2\/media\/27599"}],"wp:attachment":[{"href":"https:\/\/www.pharmacieonline.lu\/de\/wp-json\/wp\/v2\/media?parent=27597"}],"wp:term":[{"taxonomy":"product_brand","embeddable":true,"href":"https:\/\/www.pharmacieonline.lu\/de\/wp-json\/wp\/v2\/product_brand?post=27597"},{"taxonomy":"product_cat","embeddable":true,"href":"https:\/\/www.pharmacieonline.lu\/de\/wp-json\/wp\/v2\/product_cat?post=27597"},{"taxonomy":"product_tag","embeddable":true,"href":"https:\/\/www.pharmacieonline.lu\/de\/wp-json\/wp\/v2\/product_tag?post=27597"}],"curies":[{"name":"wp","href":"https:\/\/api.w.org\/{rel}","templated":true}]}}