{"id":27601,"date":"2022-10-07T13:03:46","date_gmt":"2022-10-07T11:03:46","guid":{"rendered":"https:\/\/www.pharmacieonline.lu\/?post_type=product&#038;p=27601"},"modified":"2026-04-16T01:55:24","modified_gmt":"2026-04-15T23:55:24","slug":"cerave-gel-moussant-anti-imperfec-236ml","status":"publish","type":"product","link":"https:\/\/www.pharmacieonline.lu\/de\/produit\/cerave-gel-moussant-anti-imperfec-236ml\/","title":{"rendered":"CERAVE GEL MOUSSANT ANTI-IMPERFEC 236ML"},"content":{"rendered":"<p>F\u00fcr normale bis fettige Haut.<\/p>\n<p>Reinigt und entfernt \u00fcbersch\u00fcssigen Talg, ohne die Schutzbarriere der Haut zu st\u00f6ren.<\/p>\n<p>Mit 3 essentiellen Ceramiden, Niacinamid und Hyalurons\u00e4ure.<\/p>\n<p>Indikation<br \/>\nSch\u00e4umender Gesichts- und K\u00f6rperreiniger f\u00fcr normale bis Mischhaut.<\/p>\n<p>Verwenden<br \/>\nMorgens und abends auf die feuchte Haut auftragen. Aufsch\u00e4umen und dann mit Wasser absp\u00fclen.<\/p>\n<p>Komposition<br \/>\nAQUA \/ WASSER \u25cf COCAMIDOPROPYL HYDROXYSULTAINE \u25cf GLYCERIN \u25cf SODIUM LAUROYL SARCOSINAT \u25cf PROPANDIOL \u25cf PEG-150 PENTAERYTHRITYL TETRASTEARATE \u25cf NIACINAMID \u25cf PEG-6 CAPRYLIC\/CAPRIC Glycerides \u25cf CERAMIDE NP \u25cf CERAMIDE AP \u25cf CERAMIDE EOP \u25cf CARBOMER \u25cf SODIUM METHYL COCOYL \u25cf SODIUM LAUROYL LACTYLAT \u25cf SODIUM HYALURONAT \u25cf COLESTERIN \u25cf PHENOXYETHANOL \u25cf Dinatrium EDTA \u25cf ZITRONENS\u00c4URE \u25cf TETRASADIUM EDTA \u25cf PHYTOSPHINGOSINE \u25cf XANTHAN GUM \u25cf ETHYLHEXYLGLYCERIN \u25cf<\/p>","protected":false},"excerpt":{"rendered":"<p>F\u00fcr normale bis fettige Haut. Reinigt und entfernt \u00fcbersch\u00fcssigen Talg, ohne die Schutzbarriere der Haut zu st\u00f6ren. Mit 3 essentiellen Ceramiden, Niacinamid und Hyalurons\u00e4ure. Indikation Sch\u00e4umender Gesichts- und K\u00f6rperreiniger f\u00fcr normale bis Mischhaut. Verwenden Morgens und abends auf die feuchte Haut auftragen. Aufsch\u00e4umen und dann mit Wasser absp\u00fclen. Komposition AQUA \/ WASSER \u25cf COCAMIDOPROPYL HYDROXYSULTAINE [&hellip;]<\/p>\n","protected":false},"featured_media":27605,"template":"","meta":{"_acf_changed":false,"footnotes":""},"product_brand":[],"product_cat":[47,42,762],"product_tag":[],"class_list":{"0":"post-27601","1":"product","2":"type-product","3":"status-publish","4":"has-post-thumbnail","6":"product_cat-dermocosmetique","7":"product_cat-para-pharmacie","8":"product_cat-peaux-a-problemes","10":"first","11":"instock","12":"taxable","13":"shipping-taxable","14":"purchasable","15":"product-type-simple"},"acf":[],"_links":{"self":[{"href":"https:\/\/www.pharmacieonline.lu\/de\/wp-json\/wp\/v2\/product\/27601","targetHints":{"allow":["GET"]}}],"collection":[{"href":"https:\/\/www.pharmacieonline.lu\/de\/wp-json\/wp\/v2\/product"}],"about":[{"href":"https:\/\/www.pharmacieonline.lu\/de\/wp-json\/wp\/v2\/types\/product"}],"version-history":[{"count":0,"href":"https:\/\/www.pharmacieonline.lu\/de\/wp-json\/wp\/v2\/product\/27601\/revisions"}],"wp:featuredmedia":[{"embeddable":true,"href":"https:\/\/www.pharmacieonline.lu\/de\/wp-json\/wp\/v2\/media\/27605"}],"wp:attachment":[{"href":"https:\/\/www.pharmacieonline.lu\/de\/wp-json\/wp\/v2\/media?parent=27601"}],"wp:term":[{"taxonomy":"product_brand","embeddable":true,"href":"https:\/\/www.pharmacieonline.lu\/de\/wp-json\/wp\/v2\/product_brand?post=27601"},{"taxonomy":"product_cat","embeddable":true,"href":"https:\/\/www.pharmacieonline.lu\/de\/wp-json\/wp\/v2\/product_cat?post=27601"},{"taxonomy":"product_tag","embeddable":true,"href":"https:\/\/www.pharmacieonline.lu\/de\/wp-json\/wp\/v2\/product_tag?post=27601"}],"curies":[{"name":"wp","href":"https:\/\/api.w.org\/{rel}","templated":true}]}}