{"id":27645,"date":"2022-10-10T14:54:35","date_gmt":"2022-10-10T12:54:35","guid":{"rendered":"https:\/\/www.pharmacieonline.lu\/?post_type=product&#038;p=27645"},"modified":"2026-04-06T00:25:27","modified_gmt":"2026-04-05T22:25:27","slug":"nuxe-rdm-creme-mains-cica-50ml","status":"publish","type":"product","link":"https:\/\/www.pharmacieonline.lu\/de\/produit\/nuxe-rdm-creme-mains-cica-50ml\/","title":{"rendered":"NUXE RDM CREME MAINS CICA 50ML"},"content":{"rendered":"<p>CICA Reichhaltige Handcreme, Honigtraum 50ml<\/p>\n<p>Repariert, st\u00e4rkt die Hautbarriere<br \/>\nTrockene und besch\u00e4digte H\u00e4nde<\/p>\n<p>Verw\u00f6hnen Sie Ihre trockenen und gesch\u00e4digten H\u00e4nde mit dieser CICA-Creme mit Lavendelhonig aus der Provence und Centella Asiatica. Seine reichhaltige Formel n\u00e4hrt, beruhigt und repariert und st\u00e4rkt gleichzeitig die Hautbarriere. Seine schmelzende, nicht fettende und nicht klebrige Textur gleitet f\u00fcr einen \u201eBandage-Effekt\u201c \u00fcber die Haut.<\/p>\n<p>Sein +: Sein Gourmet-Duft ohne Allergene mit Noten von Honig.<\/p>\n<p>100 %* der Frauen empfinden ihre H\u00e4nde als gen\u00e4hrt und befreit von unangenehmen Gef\u00fchlen.<\/p>\n<p>90 %* der Frauen finden, dass ihre H\u00e4nde repariert wirken und einen \u201eBandage-Effekt\u201c sp\u00fcren.<\/p>\n<p>100 %* der Frauen empfinden das Finish als nicht klebrig<\/p>\n<p>*Gebrauchstest \u2013 21 Freiwillige. % Zufriedenheit sofort nach der Anwendung.<\/p>","protected":false},"excerpt":{"rendered":"<p>CICA Reichhaltige Handcreme, Honigtraum 50ml Repariert, st\u00e4rkt die Hautbarriere Trockene und besch\u00e4digte H\u00e4nde Verw\u00f6hnen Sie Ihre trockenen und gesch\u00e4digten H\u00e4nde mit dieser CICA-Creme mit Lavendelhonig aus der Provence und Centella Asiatica. Seine reichhaltige Formel n\u00e4hrt, beruhigt und repariert und st\u00e4rkt gleichzeitig die Hautbarriere. Seine schmelzende, nicht fettende und nicht klebrige Textur gleitet f\u00fcr einen \u201eBandage-Effekt\u201c [&hellip;]<\/p>\n","protected":false},"featured_media":27646,"template":"","meta":{"_acf_changed":false,"footnotes":""},"product_brand":[],"product_cat":[47,42,764],"product_tag":[],"class_list":{"0":"post-27645","1":"product","2":"type-product","3":"status-publish","4":"has-post-thumbnail","6":"product_cat-dermocosmetique","7":"product_cat-para-pharmacie","8":"product_cat-soins-mains","10":"first","11":"instock","12":"taxable","13":"shipping-taxable","14":"purchasable","15":"product-type-simple"},"acf":[],"_links":{"self":[{"href":"https:\/\/www.pharmacieonline.lu\/de\/wp-json\/wp\/v2\/product\/27645","targetHints":{"allow":["GET"]}}],"collection":[{"href":"https:\/\/www.pharmacieonline.lu\/de\/wp-json\/wp\/v2\/product"}],"about":[{"href":"https:\/\/www.pharmacieonline.lu\/de\/wp-json\/wp\/v2\/types\/product"}],"version-history":[{"count":0,"href":"https:\/\/www.pharmacieonline.lu\/de\/wp-json\/wp\/v2\/product\/27645\/revisions"}],"wp:featuredmedia":[{"embeddable":true,"href":"https:\/\/www.pharmacieonline.lu\/de\/wp-json\/wp\/v2\/media\/27646"}],"wp:attachment":[{"href":"https:\/\/www.pharmacieonline.lu\/de\/wp-json\/wp\/v2\/media?parent=27645"}],"wp:term":[{"taxonomy":"product_brand","embeddable":true,"href":"https:\/\/www.pharmacieonline.lu\/de\/wp-json\/wp\/v2\/product_brand?post=27645"},{"taxonomy":"product_cat","embeddable":true,"href":"https:\/\/www.pharmacieonline.lu\/de\/wp-json\/wp\/v2\/product_cat?post=27645"},{"taxonomy":"product_tag","embeddable":true,"href":"https:\/\/www.pharmacieonline.lu\/de\/wp-json\/wp\/v2\/product_tag?post=27645"}],"curies":[{"name":"wp","href":"https:\/\/api.w.org\/{rel}","templated":true}]}}