{"id":27711,"date":"2022-10-13T17:19:51","date_gmt":"2022-10-13T15:19:51","guid":{"rendered":"https:\/\/www.pharmacieonline.lu\/?post_type=product&#038;p=27711"},"modified":"2026-04-11T06:25:33","modified_gmt":"2026-04-11T04:25:33","slug":"lashile-beauty-good-slim-60-gummies","status":"publish","type":"product","link":"https:\/\/www.pharmacieonline.lu\/de\/produit\/lashile-beauty-good-slim-60-gummies\/","title":{"rendered":"LASHILE BEAUTY GOOD SLIM 60 GUMMIES"},"content":{"rendered":"<p>Die zuckerfreien Gummib\u00e4rchen von Good Slim sind vitaminisierte Gummib\u00e4rchen zum Abnehmen, die speziell entwickelt wurden, um Ihnen beim Abnehmen zu helfen. Sie sind vegan, ohne k\u00fcnstliche Farbstoffe und in Frankreich hergestellt. Sie enthalten nat\u00fcrliche Aromen f\u00fcr einen \u201eAnanas\u201c-Geschmack, den Sie lieben werden!<\/p>\n<p>\u2713 f\u00f6rdert die Gewichtsabnahme zus\u00e4tzlich zu di\u00e4tetischen Ma\u00dfnahmen dank Chicor\u00e9e,<\/p>\n<p>\u2713 Hilft schlank zu bleiben dank Holunderbeeren,<\/p>\n<p>\u2713 Hilft bei der Gewichtskontrolle und h\u00e4lt ein gesundes Gewicht mit Holunderbeeren.<\/p>\n<p>Indikation<\/p>\n<p>Abnehmen &#8211; Gewichtskontrolle<\/p>\n<p>Verwenden<\/p>\n<p>T\u00e4glich morgens 2 Gummib\u00e4rchen einnehmen.<\/p>\n<p>30-Tage-Programm (eine Monatsflasche). In einer Flasche sind 60 Gummib\u00e4rchen.<\/p>\n<p>Der richtige Slim Boost Minceur kann ab dem ersten Monat Ergebnisse liefern. F\u00fcr langfristige Ergebnisse empfehlen wir 3-6 Monate. Die Ergebnisse variieren von Person zu Person.<\/p>\n<p>Wir empfehlen eine einmonatige Pause nach 6 aufeinanderfolgenden Behandlungsmonaten.<\/p>\n<p>Komposition<\/p>\n<p>Zutaten: F\u00fcllstoff: Maltit, S\u00e4uerungsmittel: Citronens\u00e4ure, L-Carnitintartrat, Geliermittel: Pektin, Mateblatt-Trockenextrakt (Ilex paraguariensis A.St.-Hil.), Holunderbl\u00fcten-Trockenextrakt (Sambucus nigra L.), Ascorbins\u00e4ure S\u00e4uerungsmittel (Vitamin C), Zichorienwurzelpulver (Cichorium intybus L.), nat\u00fcrliches Aroma, Konzentrat (Saflor und Zitrone), S\u00e4uerungsmittel: Natriumcitrat, S\u00e4uerungsmittel: Natriumcitrat, S\u00e4uerungsmittel: \u00dcberzugsmittel: Carnaubawachs, Pyridoxinhydrochlorid (Vitamin B6).<\/p>\n<p>Mate enth\u00e4lt von Natur aus 5 mg Koffein in Good Slim.<\/p>","protected":false},"excerpt":{"rendered":"<p>Die zuckerfreien Gummib\u00e4rchen von Good Slim sind vitaminisierte Gummib\u00e4rchen zum Abnehmen, die speziell entwickelt wurden, um Ihnen beim Abnehmen zu helfen. Sie sind vegan, ohne k\u00fcnstliche Farbstoffe und in Frankreich hergestellt. Sie enthalten nat\u00fcrliche Aromen f\u00fcr einen \u201eAnanas\u201c-Geschmack, den Sie lieben werden! \u2713 f\u00f6rdert die Gewichtsabnahme zus\u00e4tzlich zu di\u00e4tetischen Ma\u00dfnahmen dank Chicor\u00e9e, \u2713 Hilft schlank [&hellip;]<\/p>\n","protected":false},"featured_media":27713,"template":"","meta":{"_acf_changed":false,"footnotes":""},"product_brand":[],"product_cat":[42,63,49,953,782],"product_tag":[],"class_list":{"0":"post-27711","1":"product","2":"type-product","3":"status-publish","4":"has-post-thumbnail","6":"product_cat-para-pharmacie","7":"product_cat-produits-aminicissants","8":"product_cat-minceurs","9":"product_cat-complements-alimentaires","10":"product_cat-vegan","12":"first","13":"outofstock","14":"taxable","15":"shipping-taxable","16":"purchasable","17":"product-type-simple"},"acf":[],"_links":{"self":[{"href":"https:\/\/www.pharmacieonline.lu\/de\/wp-json\/wp\/v2\/product\/27711","targetHints":{"allow":["GET"]}}],"collection":[{"href":"https:\/\/www.pharmacieonline.lu\/de\/wp-json\/wp\/v2\/product"}],"about":[{"href":"https:\/\/www.pharmacieonline.lu\/de\/wp-json\/wp\/v2\/types\/product"}],"version-history":[{"count":0,"href":"https:\/\/www.pharmacieonline.lu\/de\/wp-json\/wp\/v2\/product\/27711\/revisions"}],"wp:featuredmedia":[{"embeddable":true,"href":"https:\/\/www.pharmacieonline.lu\/de\/wp-json\/wp\/v2\/media\/27713"}],"wp:attachment":[{"href":"https:\/\/www.pharmacieonline.lu\/de\/wp-json\/wp\/v2\/media?parent=27711"}],"wp:term":[{"taxonomy":"product_brand","embeddable":true,"href":"https:\/\/www.pharmacieonline.lu\/de\/wp-json\/wp\/v2\/product_brand?post=27711"},{"taxonomy":"product_cat","embeddable":true,"href":"https:\/\/www.pharmacieonline.lu\/de\/wp-json\/wp\/v2\/product_cat?post=27711"},{"taxonomy":"product_tag","embeddable":true,"href":"https:\/\/www.pharmacieonline.lu\/de\/wp-json\/wp\/v2\/product_tag?post=27711"}],"curies":[{"name":"wp","href":"https:\/\/api.w.org\/{rel}","templated":true}]}}