{"id":27791,"date":"2022-10-14T10:52:18","date_gmt":"2022-10-14T08:52:18","guid":{"rendered":"https:\/\/www.pharmacieonline.lu\/?post_type=product&#038;p=27791"},"modified":"2026-04-04T16:25:18","modified_gmt":"2026-04-04T14:25:18","slug":"collutabs-ss-sucre-2mg-06-menthe-36past","status":"publish","type":"product","link":"https:\/\/www.pharmacieonline.lu\/de\/produit\/collutabs-ss-sucre-2mg-06-menthe-36past\/","title":{"rendered":"COLLUTABS SS SUCRE 2MG\/0,6 MENTHE 36PAST"},"content":{"rendered":"<p>Collutabs enth\u00e4lt Amylmetacresol und 2,4-Dichlorbenzylalkohol, zwei Antiseptika, und Lidocainhydrochlorid, ein Lokalan\u00e4sthetikum f\u00fcr den Rachen. Es ist angezeigt zur lokalen Linderung von Halsschmerzen bei Erwachsenen und Jugendlichen \u00fcber 12 Jahren.<\/p>\n<p>Indikation<br \/>\nLokale Linderung von Halsschmerzen.<\/p>\n<p>Verwenden<br \/>\nErwachsene und Jugendliche \u00fcber 12: Lassen Sie alle 2-3 Stunden eine Lutschtablette langsam im Mund zergehen, mit maximal 8 Lutschtabletten in einem Zeitraum von 24 Stunden (maximal 4 Lutschtabletten f\u00fcr Kinder).<\/p>\n<p>Komposition<br \/>\nDie Wirkstoffe dieses Arzneimittels sind: Lidocainhydrochlorid 2,00 mg, Amylmethacresol 0,60 mg, 2,4-Dichlorbenzylalkohol 1,50 mg.<\/p>\n<p>Die sonstigen Bestandteile dieses Medikaments sind: Pfefferminz\u00f6l, teilweise demineralisiertes Sternanis\u00f6l, Levomenthol, Indigokarmin (E132), Chinolingelb (E104), Natriumsaccharinat (E954), Weins\u00e4ure (E334), Isomalt (E-953), Maltit (E-965).<\/p>","protected":false},"excerpt":{"rendered":"<p>Collutabs enth\u00e4lt Amylmetacresol und 2,4-Dichlorbenzylalkohol, zwei Antiseptika, und Lidocainhydrochlorid, ein Lokalan\u00e4sthetikum f\u00fcr den Rachen. Es ist angezeigt zur lokalen Linderung von Halsschmerzen bei Erwachsenen und Jugendlichen \u00fcber 12 Jahren. Indikation Lokale Linderung von Halsschmerzen. Verwenden Erwachsene und Jugendliche \u00fcber 12: Lassen Sie alle 2-3 Stunden eine Lutschtablette langsam im Mund zergehen, mit maximal 8 Lutschtabletten [&hellip;]<\/p>\n","protected":false},"featured_media":27793,"template":"","meta":{"_acf_changed":false,"footnotes":""},"product_brand":[],"product_cat":[43,105,83],"product_tag":[],"class_list":{"0":"post-27791","1":"product","2":"type-product","3":"status-publish","4":"has-post-thumbnail","6":"product_cat-medicaments-en-vente-libre","7":"product_cat-comprimes-gorge","8":"product_cat-gorge","10":"first","11":"instock","12":"taxable","13":"shipping-taxable","14":"purchasable","15":"product-type-simple"},"acf":[],"_links":{"self":[{"href":"https:\/\/www.pharmacieonline.lu\/de\/wp-json\/wp\/v2\/product\/27791","targetHints":{"allow":["GET"]}}],"collection":[{"href":"https:\/\/www.pharmacieonline.lu\/de\/wp-json\/wp\/v2\/product"}],"about":[{"href":"https:\/\/www.pharmacieonline.lu\/de\/wp-json\/wp\/v2\/types\/product"}],"version-history":[{"count":0,"href":"https:\/\/www.pharmacieonline.lu\/de\/wp-json\/wp\/v2\/product\/27791\/revisions"}],"wp:featuredmedia":[{"embeddable":true,"href":"https:\/\/www.pharmacieonline.lu\/de\/wp-json\/wp\/v2\/media\/27793"}],"wp:attachment":[{"href":"https:\/\/www.pharmacieonline.lu\/de\/wp-json\/wp\/v2\/media?parent=27791"}],"wp:term":[{"taxonomy":"product_brand","embeddable":true,"href":"https:\/\/www.pharmacieonline.lu\/de\/wp-json\/wp\/v2\/product_brand?post=27791"},{"taxonomy":"product_cat","embeddable":true,"href":"https:\/\/www.pharmacieonline.lu\/de\/wp-json\/wp\/v2\/product_cat?post=27791"},{"taxonomy":"product_tag","embeddable":true,"href":"https:\/\/www.pharmacieonline.lu\/de\/wp-json\/wp\/v2\/product_tag?post=27791"}],"curies":[{"name":"wp","href":"https:\/\/api.w.org\/{rel}","templated":true}]}}