{"id":27799,"date":"2022-10-14T10:56:11","date_gmt":"2022-10-14T08:56:11","guid":{"rendered":"https:\/\/www.pharmacieonline.lu\/?post_type=product&#038;p=27799"},"modified":"2026-04-12T08:25:22","modified_gmt":"2026-04-12T06:25:22","slug":"arkoroyal-gelee-royale-2500-mg-20-amp","status":"publish","type":"product","link":"https:\/\/www.pharmacieonline.lu\/de\/produit\/arkoroyal-gelee-royale-2500-mg-20-amp\/","title":{"rendered":"ARKOROYAL GELEE ROYALE 2500 MG 20 AMP"},"content":{"rendered":"<p>ARKOROYAL\u00ae Bio-Gel\u00e9e Royale 2500mg ist ein Nahrungserg\u00e4nzungsmittel auf Basis von hochdosiertem Bio-Gel\u00e9e Royale. ARKOROYAL\u00ae Bio-Gel\u00e9e Royale 2500 mg ist ohne chemische Inhaltsstoffe, Konservierungs- und Farbstoffe formuliert.<\/p>\n<p>Entdecken Sie unser Gel\u00e9e Royale in PREMIUM-Qualit\u00e4t und das 1. Label f\u00fcr verantwortungsbewusste Imkerei.<\/p>\n<p>Ab 6 Jahren.<\/p>\n<p>Nehmen Sie 1 Fl\u00e4schchen morgens zum Fr\u00fchst\u00fcck ein, vorzugsweise verd\u00fcnnt in einem Glas Wasser oder Fruchtsaft (200 ml).<br \/>\nEs ist m\u00f6glich, die Nutzung mehrmals im Jahr zu erneuern, insbesondere zum Wechsel der Jahreszeiten.<\/p>","protected":false},"excerpt":{"rendered":"<p>ARKOROYAL\u00ae Bio-Gel\u00e9e Royale 2500mg ist ein Nahrungserg\u00e4nzungsmittel auf Basis von hochdosiertem Bio-Gel\u00e9e Royale. ARKOROYAL\u00ae Bio-Gel\u00e9e Royale 2500 mg ist ohne chemische Inhaltsstoffe, Konservierungs- und Farbstoffe formuliert. Entdecken Sie unser Gel\u00e9e Royale in PREMIUM-Qualit\u00e4t und das 1. Label f\u00fcr verantwortungsbewusste Imkerei. Ab 6 Jahren. Nehmen Sie 1 Fl\u00e4schchen morgens zum Fr\u00fchst\u00fcck ein, vorzugsweise verd\u00fcnnt in einem [&hellip;]<\/p>\n","protected":false},"featured_media":46463,"template":"","meta":{"_acf_changed":false,"footnotes":""},"product_brand":[],"product_cat":[42,766,81,953,78],"product_tag":[],"class_list":{"0":"post-27799","1":"product","2":"type-product","3":"status-publish","4":"has-post-thumbnail","6":"product_cat-para-pharmacie","7":"product_cat-vitamines","8":"product_cat-stimulants-de-limmunite","9":"product_cat-complements-alimentaires","10":"product_cat-phytotherapie","12":"first","13":"instock","14":"taxable","15":"shipping-taxable","16":"purchasable","17":"product-type-simple"},"acf":[],"_links":{"self":[{"href":"https:\/\/www.pharmacieonline.lu\/de\/wp-json\/wp\/v2\/product\/27799","targetHints":{"allow":["GET"]}}],"collection":[{"href":"https:\/\/www.pharmacieonline.lu\/de\/wp-json\/wp\/v2\/product"}],"about":[{"href":"https:\/\/www.pharmacieonline.lu\/de\/wp-json\/wp\/v2\/types\/product"}],"version-history":[{"count":0,"href":"https:\/\/www.pharmacieonline.lu\/de\/wp-json\/wp\/v2\/product\/27799\/revisions"}],"wp:featuredmedia":[{"embeddable":true,"href":"https:\/\/www.pharmacieonline.lu\/de\/wp-json\/wp\/v2\/media\/46463"}],"wp:attachment":[{"href":"https:\/\/www.pharmacieonline.lu\/de\/wp-json\/wp\/v2\/media?parent=27799"}],"wp:term":[{"taxonomy":"product_brand","embeddable":true,"href":"https:\/\/www.pharmacieonline.lu\/de\/wp-json\/wp\/v2\/product_brand?post=27799"},{"taxonomy":"product_cat","embeddable":true,"href":"https:\/\/www.pharmacieonline.lu\/de\/wp-json\/wp\/v2\/product_cat?post=27799"},{"taxonomy":"product_tag","embeddable":true,"href":"https:\/\/www.pharmacieonline.lu\/de\/wp-json\/wp\/v2\/product_tag?post=27799"}],"curies":[{"name":"wp","href":"https:\/\/api.w.org\/{rel}","templated":true}]}}