{"id":27804,"date":"2022-10-14T13:12:53","date_gmt":"2022-10-14T11:12:53","guid":{"rendered":"https:\/\/www.pharmacieonline.lu\/?post_type=product&#038;p=27804"},"modified":"2026-04-04T20:25:27","modified_gmt":"2026-04-04T18:25:27","slug":"furterer-sublime-curl-veloute-nutriac-nf","status":"publish","type":"product","link":"https:\/\/www.pharmacieonline.lu\/de\/produit\/furterer-sublime-curl-veloute-nutriac-nf\/","title":{"rendered":"FURTERER SUBLIME CURL VELOUTE NUTRIAC NF"},"content":{"rendered":"<p>Die SUBLIME CURL Express-Behandlung f\u00fcr welliges und lockiges Haar kann dank der Leave-in-Formel am Ende des Behandlungsrituals oder jederzeit als Nachbesserung aufgetragen werden. Es n\u00e4hrt und definiert die Locken perfekt und hat eine lang anhaltende Anti-Feuchtigkeitswirkung, die den ganzen Tag \u00fcber Frizz-Kontrolle gew\u00e4hrleistet. 95 % Inhaltsstoffe nat\u00fcrlichen Ursprungs. Silikonfrei.<\/p>\n<p>Indikation<br \/>\nDie Express-Behandlung f\u00fcr lockiges Haar, um Wellen und Locken zu n\u00e4hren und zu definieren, kombiniert mit einer Anti-Feuchtigkeits-Wirkung.<\/p>\n<p>Verwenden<br \/>\nVerteilen Sie eine kleine Menge des Produkts auf dem gesamten handtuchtrockenen oder trockenen Haar. Ziehen oder kneten Sie die Locken mit den Fingern und f\u00f6hnen oder lufttrocknen Sie sie je nach gew\u00fcnschtem Effekt. Nicht sp\u00fclen.<\/p>\n<p>Komposition<br \/>\nWASSER (AQUA)*. CETEARYLALKOHOL*. ETHYLHEXYLPALMITAT*. DICAPRYLYLCARBONAT*. BEHENAMIDOPROPYLDIMETHYLAMIN*. 1,2-HEXANDIOL. GUARHYDROXYPROPYLTRIMONIUMCHLORID. ACANTHUS MOLLIS-BLATTEXTRAKT*. BENZOES\u00c4URE. CETEARYLGLUCOSID*. DUFT (PARFUM). GLYCIN-SOJA\u00d6L (SOJA\u00d6L) (GLYCIN-SOJA\u00d6L)*. HELIANTHUS ANNUUS (SONNENBLUMEN) SAMEN\u00d6L (HELIANTHUS ANNUUS SEED OIL)*. MILCHS\u00c4URE*. MALTODEXTRIN*. OENOTHERA BIENNIS (NACHTKERZEN\u00d6L) (OENOTHERA BIENNIS \u00d6L)*. POLYQUATERNIUM-37. TOCOPHEROL*. Trinatriumethylendiamindisuccinat<\/p>","protected":false},"excerpt":{"rendered":"<p>Die SUBLIME CURL Express-Behandlung f\u00fcr welliges und lockiges Haar kann dank der Leave-in-Formel am Ende des Behandlungsrituals oder jederzeit als Nachbesserung aufgetragen werden. Es n\u00e4hrt und definiert die Locken perfekt und hat eine lang anhaltende Anti-Feuchtigkeitswirkung, die den ganzen Tag \u00fcber Frizz-Kontrolle gew\u00e4hrleistet. 95 % Inhaltsstoffe nat\u00fcrlichen Ursprungs. Silikonfrei. Indikation Die Express-Behandlung f\u00fcr lockiges Haar, [&hellip;]<\/p>\n","protected":false},"featured_media":27806,"template":"","meta":{"_acf_changed":false,"footnotes":""},"product_brand":[],"product_cat":[74,53,782],"product_tag":[],"class_list":{"0":"post-27804","1":"product","2":"type-product","3":"status-publish","4":"has-post-thumbnail","6":"product_cat-apres-shampoing-et-soins","7":"product_cat-cheveux","8":"product_cat-vegan","10":"first","11":"instock","12":"taxable","13":"shipping-taxable","14":"purchasable","15":"product-type-simple"},"acf":[],"_links":{"self":[{"href":"https:\/\/www.pharmacieonline.lu\/de\/wp-json\/wp\/v2\/product\/27804","targetHints":{"allow":["GET"]}}],"collection":[{"href":"https:\/\/www.pharmacieonline.lu\/de\/wp-json\/wp\/v2\/product"}],"about":[{"href":"https:\/\/www.pharmacieonline.lu\/de\/wp-json\/wp\/v2\/types\/product"}],"version-history":[{"count":0,"href":"https:\/\/www.pharmacieonline.lu\/de\/wp-json\/wp\/v2\/product\/27804\/revisions"}],"wp:featuredmedia":[{"embeddable":true,"href":"https:\/\/www.pharmacieonline.lu\/de\/wp-json\/wp\/v2\/media\/27806"}],"wp:attachment":[{"href":"https:\/\/www.pharmacieonline.lu\/de\/wp-json\/wp\/v2\/media?parent=27804"}],"wp:term":[{"taxonomy":"product_brand","embeddable":true,"href":"https:\/\/www.pharmacieonline.lu\/de\/wp-json\/wp\/v2\/product_brand?post=27804"},{"taxonomy":"product_cat","embeddable":true,"href":"https:\/\/www.pharmacieonline.lu\/de\/wp-json\/wp\/v2\/product_cat?post=27804"},{"taxonomy":"product_tag","embeddable":true,"href":"https:\/\/www.pharmacieonline.lu\/de\/wp-json\/wp\/v2\/product_tag?post=27804"}],"curies":[{"name":"wp","href":"https:\/\/api.w.org\/{rel}","templated":true}]}}