{"id":27808,"date":"2022-10-14T13:13:58","date_gmt":"2022-10-14T11:13:58","guid":{"rendered":"https:\/\/www.pharmacieonline.lu\/?post_type=product&#038;p=27808"},"modified":"2026-04-04T20:25:43","modified_gmt":"2026-04-04T18:25:43","slug":"furterer-sublime-curl-spray-boucle150-nf","status":"publish","type":"product","link":"https:\/\/www.pharmacieonline.lu\/de\/produit\/furterer-sublime-curl-spray-boucle150-nf\/","title":{"rendered":"FURTERER SUBLIME CURL SPRAY BOUCLE150 NF"},"content":{"rendered":"<p>Das SUBLIME CURL Locken-Aktivierungsspray definiert Locken t\u00e4glich neu, um ihnen zu helfen, ihre Sprungkraft wiederzuerlangen. Auf feuchtem oder trockenem Haar zwischen 2 Haarw\u00e4schen anwenden, um Locken und Wellen ohne Kartoneffekt mit Feuchtigkeit zu versorgen, wiederzubeleben und dauerhaft zu fixieren. Produkt ohne Sp\u00fclung. Haare nat\u00fcrlich machen. 93 % Inhaltsstoffe nat\u00fcrlichen Ursprungs. Silikonfrei.<\/p>\n<p>Indikation<br \/>\nDas unverzichtbare Locken-Aktivierungsspray, um faule Locken wieder zu beleben und neu zu definieren. Ohne Sp\u00fclung<\/p>\n<p>Verwenden<br \/>\nShake. Auf handtuchtrockenes oder trockenes Haar spr\u00fchen. Nicht sp\u00fclen.<\/p>\n<p>Komposition<br \/>\nWASSER (AQUA)*. GLYCERIN*. GLYKOLS\u00c4URE. PEG-40 HYDROGENIERTES RIZIN\u00d6L. NATRIUMHYDROXID*. ACANTHUS MOLLIS-BLATTEXTRAKT*. CETRIMONIUMCHLORID. ZITRONENS\u00c4URE*. DUFT (PARFUM). GUARHYDROXYPROPYLTRIMONIUMCHLORID. MALTODEXTRIN*. OENOTHERA BIENNIS (NACHTKERZEN\u00d6L) (OENOTHERA BIENNIS \u00d6L)*. PANTHENOL. PANTOLACTON. POLYQUATERNIUM-10. PPG-26-BUTETH-26. NATRIUMBENZOAT. TOCOPHEROL*. VP\/VA-COPOLYMER<\/p>","protected":false},"excerpt":{"rendered":"<p>Das SUBLIME CURL Locken-Aktivierungsspray definiert Locken t\u00e4glich neu, um ihnen zu helfen, ihre Sprungkraft wiederzuerlangen. Auf feuchtem oder trockenem Haar zwischen 2 Haarw\u00e4schen anwenden, um Locken und Wellen ohne Kartoneffekt mit Feuchtigkeit zu versorgen, wiederzubeleben und dauerhaft zu fixieren. Produkt ohne Sp\u00fclung. Haare nat\u00fcrlich machen. 93 % Inhaltsstoffe nat\u00fcrlichen Ursprungs. Silikonfrei. Indikation Das unverzichtbare Locken-Aktivierungsspray, [&hellip;]<\/p>\n","protected":false},"featured_media":27810,"template":"","meta":{"_acf_changed":false,"footnotes":""},"product_brand":[],"product_cat":[74,53,924,782],"product_tag":[],"class_list":{"0":"post-27808","1":"product","2":"type-product","3":"status-publish","4":"has-post-thumbnail","6":"product_cat-apres-shampoing-et-soins","7":"product_cat-cheveux","8":"product_cat-coiffants-texturisants","9":"product_cat-vegan","11":"first","12":"outofstock","13":"taxable","14":"shipping-taxable","15":"purchasable","16":"product-type-simple"},"acf":[],"_links":{"self":[{"href":"https:\/\/www.pharmacieonline.lu\/de\/wp-json\/wp\/v2\/product\/27808","targetHints":{"allow":["GET"]}}],"collection":[{"href":"https:\/\/www.pharmacieonline.lu\/de\/wp-json\/wp\/v2\/product"}],"about":[{"href":"https:\/\/www.pharmacieonline.lu\/de\/wp-json\/wp\/v2\/types\/product"}],"version-history":[{"count":0,"href":"https:\/\/www.pharmacieonline.lu\/de\/wp-json\/wp\/v2\/product\/27808\/revisions"}],"wp:featuredmedia":[{"embeddable":true,"href":"https:\/\/www.pharmacieonline.lu\/de\/wp-json\/wp\/v2\/media\/27810"}],"wp:attachment":[{"href":"https:\/\/www.pharmacieonline.lu\/de\/wp-json\/wp\/v2\/media?parent=27808"}],"wp:term":[{"taxonomy":"product_brand","embeddable":true,"href":"https:\/\/www.pharmacieonline.lu\/de\/wp-json\/wp\/v2\/product_brand?post=27808"},{"taxonomy":"product_cat","embeddable":true,"href":"https:\/\/www.pharmacieonline.lu\/de\/wp-json\/wp\/v2\/product_cat?post=27808"},{"taxonomy":"product_tag","embeddable":true,"href":"https:\/\/www.pharmacieonline.lu\/de\/wp-json\/wp\/v2\/product_tag?post=27808"}],"curies":[{"name":"wp","href":"https:\/\/api.w.org\/{rel}","templated":true}]}}