{"id":27818,"date":"2022-10-14T13:16:42","date_gmt":"2022-10-14T11:16:42","guid":{"rendered":"https:\/\/www.pharmacieonline.lu\/?post_type=product&#038;p=27818"},"modified":"2026-04-04T19:55:20","modified_gmt":"2026-04-04T17:55:20","slug":"furterer-sublime-curl-shamp-200ml-nf","status":"publish","type":"product","link":"https:\/\/www.pharmacieonline.lu\/de\/produit\/furterer-sublime-curl-shamp-200ml-nf\/","title":{"rendered":"FURTERER SUBLIME CURL SHAMP 200ML NF"},"content":{"rendered":"<p>SUBLIME CURL silikon- und sulfatfreies Shampoo f\u00fcr den h\u00e4ufigen Gebrauch, formuliert f\u00fcr lockiges und welliges Haar, macht das Haar weich und formt die Locken neu. Seine perlmuttartige Textur mit einer frischen und Gourmet-Note n\u00e4hrt die Haarfaser tief und sorgt f\u00fcr neu definierte Locken mit Bewegung und Geschmeidigkeit. Das Haar ist leicht und seidig, die Locken erhalten ihre ganze Elastizit\u00e4t und ihren Glanz zur\u00fcck. 85 % Inhaltsstoffe nat\u00fcrlichen Ursprungs.<\/p>\n<p>Indikation<br \/>\nDas h\u00e4ufig anzuwendende Shampoo f\u00fcr lockiges und welliges Haar, das Locken Rundungen und Glanz verleiht.<\/p>\n<p>Verwenden<br \/>\nAuf das nasse Haar auftragen, aufemulgieren und gr\u00fcndlich aussp\u00fclen. H\u00e4ufige Verwendung.<\/p>\n<p>Komposition<br \/>\nWASSER (AQUA)*. DECYLGLUCOSID*. Natriumkokoylisethionat. Dinatriumlaureth-Sulfosuccinat. GLYCERIN*. Dinatriumcocoamphodiacetat. ACRYLAT-COPOLYMER. DUFT (PARFUM). ACANTHUS MOLLIS-BLATTEXTRAKT*. CAPRYLYLGLYKOL. CETEARETH-60 MYRISTYLGLYKOL. ZITRONENS\u00c4URE*. COCO-GLUCOSID*. KOKOSS\u00c4URE*. Glycerololeat*. GLYKOLSTEARAT*. HYDRIERTE PFLANZLICHE Glyceride CITRATE*. LAURETH-3. Maleins\u00e4ure. MALTODEXTRIN*. OENOTHERA BIENNIS (NACHTKERZEN\u00d6L) (OENOTHERA BIENNIS \u00d6L)*. OLETH-10. POLYQUATERNIUM-22. NATRIUMBENZOAT. NATRIUMCHLORID. NATRIUMHYDROXID*. TOCOPHEROL. TOCOPHEROL. Trinatriumethylendiamindisuccinat<\/p>","protected":false},"excerpt":{"rendered":"<p>SUBLIME CURL silikon- und sulfatfreies Shampoo f\u00fcr den h\u00e4ufigen Gebrauch, formuliert f\u00fcr lockiges und welliges Haar, macht das Haar weich und formt die Locken neu. Seine perlmuttartige Textur mit einer frischen und Gourmet-Note n\u00e4hrt die Haarfaser tief und sorgt f\u00fcr neu definierte Locken mit Bewegung und Geschmeidigkeit. Das Haar ist leicht und seidig, die Locken [&hellip;]<\/p>\n","protected":false},"featured_media":27820,"template":"","meta":{"_acf_changed":false,"footnotes":""},"product_brand":[],"product_cat":[756,53,782],"product_tag":[],"class_list":{"0":"post-27818","1":"product","2":"type-product","3":"status-publish","4":"has-post-thumbnail","6":"product_cat-shampoing-cheveux","7":"product_cat-cheveux","8":"product_cat-vegan","10":"first","11":"instock","12":"taxable","13":"shipping-taxable","14":"purchasable","15":"product-type-simple"},"acf":[],"_links":{"self":[{"href":"https:\/\/www.pharmacieonline.lu\/de\/wp-json\/wp\/v2\/product\/27818","targetHints":{"allow":["GET"]}}],"collection":[{"href":"https:\/\/www.pharmacieonline.lu\/de\/wp-json\/wp\/v2\/product"}],"about":[{"href":"https:\/\/www.pharmacieonline.lu\/de\/wp-json\/wp\/v2\/types\/product"}],"version-history":[{"count":0,"href":"https:\/\/www.pharmacieonline.lu\/de\/wp-json\/wp\/v2\/product\/27818\/revisions"}],"wp:featuredmedia":[{"embeddable":true,"href":"https:\/\/www.pharmacieonline.lu\/de\/wp-json\/wp\/v2\/media\/27820"}],"wp:attachment":[{"href":"https:\/\/www.pharmacieonline.lu\/de\/wp-json\/wp\/v2\/media?parent=27818"}],"wp:term":[{"taxonomy":"product_brand","embeddable":true,"href":"https:\/\/www.pharmacieonline.lu\/de\/wp-json\/wp\/v2\/product_brand?post=27818"},{"taxonomy":"product_cat","embeddable":true,"href":"https:\/\/www.pharmacieonline.lu\/de\/wp-json\/wp\/v2\/product_cat?post=27818"},{"taxonomy":"product_tag","embeddable":true,"href":"https:\/\/www.pharmacieonline.lu\/de\/wp-json\/wp\/v2\/product_tag?post=27818"}],"curies":[{"name":"wp","href":"https:\/\/api.w.org\/{rel}","templated":true}]}}