{"id":28039,"date":"2022-10-24T12:50:41","date_gmt":"2022-10-24T10:50:41","guid":{"rendered":"https:\/\/www.pharmacieonline.lu\/?post_type=product&#038;p=28039"},"modified":"2026-04-09T03:55:39","modified_gmt":"2026-04-09T01:55:39","slug":"couleurs-de-noir-stylo-oap-wp-matte-01","status":"publish","type":"product","link":"https:\/\/www.pharmacieonline.lu\/de\/produit\/couleurs-de-noir-stylo-oap-wp-matte-01\/","title":{"rendered":"COULEURS DE NOIR STYLO OAP WP MATTE 01"},"content":{"rendered":"<p>Pflegender Lidschattenstift mit Anti-Aging-Eigenschaften.<\/p>\n<p>Ein einzigartiger und vielseitiger Lidschattenstift f\u00fcr den ultimativen Look. Die Formel verleiht intensive Farbe und h\u00e4lt den ganzen Tag. Einfach aufzutragen und zu verblenden. Sie k\u00f6nnen den OAP WP Matte Pen als Grundierung, Lidschatten und Eyeliner verwenden.<\/p>\n<p>Indikation<br \/>\nPflegender Lidschattenstift mit Anti-Aging-Eigenschaften.<\/p>\n<p>Verwenden<br \/>\nF\u00fcr einen rauchigen Look die gew\u00fcnschte Farbe in der Mitte des mobilen Deckels auftragen. Dann zu den Enden und nach oben hin verblenden. Auf der Suche nach einem st\u00e4rkeren Aussehen? Anschlie\u00dfend auch am unteren Wimpernkranz im \u00e4u\u00dferen Augenwinkel auftragen. Schaffen Sie Tiefe, indem Sie eine dunklere Farbe auf den \u00e4u\u00dferen Augenwinkel auftragen. Brauchen Sie mehr Licht? Tragen Sie dann eine hellere Farbe auf den Brauenknochen auf, vom inneren zum \u00e4u\u00dferen Augenwinkel. Los geht&#8217;s, du bist bereit zu gl\u00e4nzen!<\/p>\n<p>Komposition<br \/>\nINGREDIENTS: ISODODECANE, MICA, SYNTHETIC WAX, ETHYLENE\/PROPYLENE COPOLYMER, POLYMETHYLSILSESQUIOXANE, SILICA, POLYBUTENE, HYDROGENATED POLYDICYCLOPENTADIENE, SUCROSE TETRASTEARATE TRIACETATE, COCO-CAPRYLATE\/CAPRATE, ORYZA SATIVA CERA, SYNTHETIC BEESWAXAE, HYDROGENATED CASTOR-TENT OIL -BUTYL HYDROXYHYDROCINNAMATE [+ \/- CI 77891 (TITANDIOXID), MICA, CI 77492 (EISENOXIDE), CI 77491 (EISENOXIDE), CI 77499 (EISENOXIDE)]<\/p>\n<p>Wirkstoffe :<br \/>\nRizinus\u00f6l: pflegende Eigenschaften<\/p>\n<p>Veganes Bienenwachs: pflegende Eigenschaften und sorgt f\u00fcr eine angenehme Konsistenz, ohne tierischen Ursprung.<\/p>","protected":false},"excerpt":{"rendered":"<p>Pflegender Lidschattenstift mit Anti-Aging-Eigenschaften. Ein einzigartiger und vielseitiger Lidschattenstift f\u00fcr den ultimativen Look. Die Formel verleiht intensive Farbe und h\u00e4lt den ganzen Tag. Einfach aufzutragen und zu verblenden. Sie k\u00f6nnen den OAP WP Matte Pen als Grundierung, Lidschatten und Eyeliner verwenden. Indikation Pflegender Lidschattenstift mit Anti-Aging-Eigenschaften. Verwenden F\u00fcr einen rauchigen Look die gew\u00fcnschte Farbe in [&hellip;]<\/p>\n","protected":false},"featured_media":28058,"template":"","meta":{"_acf_changed":false,"footnotes":""},"product_brand":[],"product_cat":[47,763,42,782],"product_tag":[],"class_list":{"0":"post-28039","1":"product","2":"type-product","3":"status-publish","4":"has-post-thumbnail","6":"product_cat-dermocosmetique","7":"product_cat-maquillages","8":"product_cat-para-pharmacie","9":"product_cat-vegan","11":"first","12":"instock","13":"sale","14":"taxable","15":"shipping-taxable","16":"purchasable","17":"product-type-simple"},"acf":[],"_links":{"self":[{"href":"https:\/\/www.pharmacieonline.lu\/de\/wp-json\/wp\/v2\/product\/28039","targetHints":{"allow":["GET"]}}],"collection":[{"href":"https:\/\/www.pharmacieonline.lu\/de\/wp-json\/wp\/v2\/product"}],"about":[{"href":"https:\/\/www.pharmacieonline.lu\/de\/wp-json\/wp\/v2\/types\/product"}],"version-history":[{"count":0,"href":"https:\/\/www.pharmacieonline.lu\/de\/wp-json\/wp\/v2\/product\/28039\/revisions"}],"wp:featuredmedia":[{"embeddable":true,"href":"https:\/\/www.pharmacieonline.lu\/de\/wp-json\/wp\/v2\/media\/28058"}],"wp:attachment":[{"href":"https:\/\/www.pharmacieonline.lu\/de\/wp-json\/wp\/v2\/media?parent=28039"}],"wp:term":[{"taxonomy":"product_brand","embeddable":true,"href":"https:\/\/www.pharmacieonline.lu\/de\/wp-json\/wp\/v2\/product_brand?post=28039"},{"taxonomy":"product_cat","embeddable":true,"href":"https:\/\/www.pharmacieonline.lu\/de\/wp-json\/wp\/v2\/product_cat?post=28039"},{"taxonomy":"product_tag","embeddable":true,"href":"https:\/\/www.pharmacieonline.lu\/de\/wp-json\/wp\/v2\/product_tag?post=28039"}],"curies":[{"name":"wp","href":"https:\/\/api.w.org\/{rel}","templated":true}]}}