{"id":28516,"date":"2022-11-07T13:44:11","date_gmt":"2022-11-07T12:44:11","guid":{"rendered":"https:\/\/www.pharmacieonline.lu\/?post_type=product&#038;p=28516"},"modified":"2026-04-09T22:25:30","modified_gmt":"2026-04-09T20:25:30","slug":"solucrampe-spray-50ml-adp","status":"publish","type":"product","link":"https:\/\/www.pharmacieonline.lu\/de\/produit\/solucrampe-spray-50ml-adp\/","title":{"rendered":"SOLUCRAMPE SPRAY 50ML ADP"},"content":{"rendered":"<p>topisches Spray, das Kr\u00e4mpfe lindert<br \/>\nSolu&#8216; Crampes lindert schnell Kr\u00e4mpfe und Muskelkontraktionen<br \/>\nReduziert das Gef\u00fchl von Unbehagen und erzeugt ein Gef\u00fchl des Wohlbefindens<br \/>\nBeruhigende und abschwellende Eigenschaften bei Muskelkontraktionen<br \/>\nMit Pflanzenextrakten: Harpagophytum, Wild Indigo, Arnica Mexicana, Nelke, Pfefferminze + Menthol<\/p>","protected":false},"excerpt":{"rendered":"<p>topisches Spray, das Kr\u00e4mpfe lindert Solu&#8216; Crampes lindert schnell Kr\u00e4mpfe und Muskelkontraktionen Reduziert das Gef\u00fchl von Unbehagen und erzeugt ein Gef\u00fchl des Wohlbefindens Beruhigende und abschwellende Eigenschaften bei Muskelkontraktionen Mit Pflanzenextrakten: Harpagophytum, Wild Indigo, Arnica Mexicana, Nelke, Pfefferminze + Menthol<\/p>\n","protected":false},"featured_media":28518,"template":"","meta":{"_acf_changed":false,"footnotes":""},"product_brand":[],"product_cat":[42],"product_tag":[],"class_list":{"0":"post-28516","1":"product","2":"type-product","3":"status-publish","4":"has-post-thumbnail","6":"product_cat-para-pharmacie","8":"first","9":"outofstock","10":"taxable","11":"shipping-taxable","12":"purchasable","13":"product-type-simple"},"acf":[],"_links":{"self":[{"href":"https:\/\/www.pharmacieonline.lu\/de\/wp-json\/wp\/v2\/product\/28516","targetHints":{"allow":["GET"]}}],"collection":[{"href":"https:\/\/www.pharmacieonline.lu\/de\/wp-json\/wp\/v2\/product"}],"about":[{"href":"https:\/\/www.pharmacieonline.lu\/de\/wp-json\/wp\/v2\/types\/product"}],"version-history":[{"count":0,"href":"https:\/\/www.pharmacieonline.lu\/de\/wp-json\/wp\/v2\/product\/28516\/revisions"}],"wp:featuredmedia":[{"embeddable":true,"href":"https:\/\/www.pharmacieonline.lu\/de\/wp-json\/wp\/v2\/media\/28518"}],"wp:attachment":[{"href":"https:\/\/www.pharmacieonline.lu\/de\/wp-json\/wp\/v2\/media?parent=28516"}],"wp:term":[{"taxonomy":"product_brand","embeddable":true,"href":"https:\/\/www.pharmacieonline.lu\/de\/wp-json\/wp\/v2\/product_brand?post=28516"},{"taxonomy":"product_cat","embeddable":true,"href":"https:\/\/www.pharmacieonline.lu\/de\/wp-json\/wp\/v2\/product_cat?post=28516"},{"taxonomy":"product_tag","embeddable":true,"href":"https:\/\/www.pharmacieonline.lu\/de\/wp-json\/wp\/v2\/product_tag?post=28516"}],"curies":[{"name":"wp","href":"https:\/\/api.w.org\/{rel}","templated":true}]}}