{"id":28654,"date":"2022-11-12T16:56:03","date_gmt":"2022-11-12T15:56:03","guid":{"rendered":"https:\/\/www.pharmacieonline.lu\/?post_type=product&#038;p=28654"},"modified":"2026-04-02T23:55:22","modified_gmt":"2026-04-02T21:55:22","slug":"bepanthen-sensicontrol-gel-lavant-400ml","status":"publish","type":"product","link":"https:\/\/www.pharmacieonline.lu\/de\/produit\/bepanthen-sensicontrol-gel-lavant-400ml\/","title":{"rendered":"BEPANTHEN SENSICONTROL GEL LAVANT 400ML"},"content":{"rendered":"<p>Die sanfte, seifenfreie Formel von Bepanthen Derma\u00ae SensiControl Protective Cleansing Gel ist ideal f\u00fcr die Reinigung von zu Neurodermitis neigender Haut, die es sanft reinigt. Mit 90 % Inhaltsstoffen nat\u00fcrlichen Ursprungs formuliert, reinigt dieses Gel, w\u00e4hrend es Ihre Haut respektiert, spendet ihr Feuchtigkeit nach der Dusche und beruhigt sie.<\/p>\n<p>Haut, die zu atopischem Ekzem neigt, erfordert besondere Aufmerksamkeit. Sie sind durch extreme Trockenheit gekennzeichnet. Die Haut spielt ihre Schutzfunktion nicht mehr und f\u00fchrt zu Hautbeschwerden.<\/p>\n<p>BepanthenDerma\u00ae SensiControl Protective Cleansing Gel reinigt und sch\u00fctzt gleichzeitig das Hautmikrobiom*, die nat\u00fcrliche Abwehr der Haut, und beruhigt die Haut vor unangenehmen Hautgef\u00fchlen.<\/p>\n<p>Komposition<br \/>\nAqua, Capryl\/Capramidopropyl Betaine, Lauryl Glucoside, Dinatriumcocoylglutamat, Glycerin, Panthenol, 1,2-Hexandiol, Natriumchlorid, Helianthus Annuus Seed Oil, Alpha-Glucan Oligosaccharide, Tocopherylacetat, Saccharide Isomerate, Guar Hydroxypropyltrimonium Chloride, Citronens\u00e4ure, Niacinamid, Xanthangummi, Lysin, Natriumcitrat.<\/p>","protected":false},"excerpt":{"rendered":"<p>Die sanfte, seifenfreie Formel von Bepanthen Derma\u00ae SensiControl Protective Cleansing Gel ist ideal f\u00fcr die Reinigung von zu Neurodermitis neigender Haut, die es sanft reinigt. Mit 90 % Inhaltsstoffen nat\u00fcrlichen Ursprungs formuliert, reinigt dieses Gel, w\u00e4hrend es Ihre Haut respektiert, spendet ihr Feuchtigkeit nach der Dusche und beruhigt sie. Haut, die zu atopischem Ekzem neigt, [&hellip;]<\/p>\n","protected":false},"featured_media":28757,"template":"","meta":{"_acf_changed":false,"footnotes":""},"product_brand":[],"product_cat":[47,42,758,44,114,112],"product_tag":[],"class_list":{"0":"post-28654","1":"product","2":"type-product","3":"status-publish","4":"has-post-thumbnail","6":"product_cat-dermocosmetique","7":"product_cat-para-pharmacie","8":"product_cat-gel-douche-savon-shampoing","9":"product_cat-bebe-maman","10":"product_cat-soins-de-bebe","11":"product_cat-douche-bain","13":"first","14":"instock","15":"taxable","16":"shipping-taxable","17":"purchasable","18":"product-type-simple"},"acf":[],"_links":{"self":[{"href":"https:\/\/www.pharmacieonline.lu\/de\/wp-json\/wp\/v2\/product\/28654","targetHints":{"allow":["GET"]}}],"collection":[{"href":"https:\/\/www.pharmacieonline.lu\/de\/wp-json\/wp\/v2\/product"}],"about":[{"href":"https:\/\/www.pharmacieonline.lu\/de\/wp-json\/wp\/v2\/types\/product"}],"version-history":[{"count":0,"href":"https:\/\/www.pharmacieonline.lu\/de\/wp-json\/wp\/v2\/product\/28654\/revisions"}],"wp:featuredmedia":[{"embeddable":true,"href":"https:\/\/www.pharmacieonline.lu\/de\/wp-json\/wp\/v2\/media\/28757"}],"wp:attachment":[{"href":"https:\/\/www.pharmacieonline.lu\/de\/wp-json\/wp\/v2\/media?parent=28654"}],"wp:term":[{"taxonomy":"product_brand","embeddable":true,"href":"https:\/\/www.pharmacieonline.lu\/de\/wp-json\/wp\/v2\/product_brand?post=28654"},{"taxonomy":"product_cat","embeddable":true,"href":"https:\/\/www.pharmacieonline.lu\/de\/wp-json\/wp\/v2\/product_cat?post=28654"},{"taxonomy":"product_tag","embeddable":true,"href":"https:\/\/www.pharmacieonline.lu\/de\/wp-json\/wp\/v2\/product_tag?post=28654"}],"curies":[{"name":"wp","href":"https:\/\/api.w.org\/{rel}","templated":true}]}}