{"id":28785,"date":"2022-11-17T12:31:11","date_gmt":"2022-11-17T11:31:11","guid":{"rendered":"https:\/\/www.pharmacieonline.lu\/?post_type=product&#038;p=28785"},"modified":"2026-04-08T15:55:22","modified_gmt":"2026-04-08T13:55:22","slug":"hv-argan-bio-50-ml-pranarom","status":"publish","type":"product","link":"https:\/\/www.pharmacieonline.lu\/de\/produit\/hv-argan-bio-50-ml-pranarom\/","title":{"rendered":"HV ARGAN BIO 50 ML (PRANAROM)"},"content":{"rendered":"<p>Ein regenerierendes und sch\u00fctzendes Anti-Aging-\u00d6l, reich an Vitaminen und Antioxidantien. Perle der W\u00fcste, die traditionell von Berberfrauen zum Schutz und zur St\u00e4rkung der Haut oder des Haares verwendet wird.<\/p>\n<p>In Marokko wird Argan vielseitig verwendet, sowohl f\u00fcr gesunde Ern\u00e4hrung als auch f\u00fcr die Gesichts- und K\u00f6rperpflege. Argan\u00f6l in Kosmetikqualit\u00e4t ist ein natives und biologisches \u00d6l, dessen charakteristischer Geruch nicht so stark ist wie der von ger\u00f6stetem Argan\u00f6l, das h\u00e4ufig in Lebensmittelqualit\u00e4t verwendet wird.<\/p>\n<p>Verwenden<\/p>\n<p>Tipps &amp; Tricks: Gesch\u00e4digte N\u00e4gel: Zur St\u00e4rkung und Versch\u00f6nerung jeden Abend einen Tropfen Argan HV auf jeden Fingernagel einmassieren.<\/p>\n<p>Hinweis: Zum Einnehmen: 10 g (1 Essl\u00f6ffel) pro Tag.<\/p>\n<p>Kosmetische Anwendung: Besonders geeignet f\u00fcr reife oder geschw\u00e4chte Haut. Wird verwendet, um die Haut vor Alterung zu sch\u00fctzen und br\u00fcchige und br\u00fcchige N\u00e4gel zu st\u00e4rken.<\/p>\n<p>Vorsichtsma\u00dfnahmen: \u2022 \u00dcberschreiten Sie nicht die empfohlene Dosis. \u2022 Au\u00dferhalb der Reichweite von kleinen Kindern aufbewahren. \u2022 Ersetzt nicht eine abwechslungsreiche und ausgewogene Ern\u00e4hrung und eine gesunde Lebensweise. \u2022 Von W\u00e4rme- und Lichtquellen fernhalten.<\/p>\n<p>Komposition<\/p>\n<p>Zusammensetzung auf einen Blick: Eine kleine H\u00e4lfte einfach unges\u00e4ttigter Fetts\u00e4uren (Omega 9). Gut ein Drittel mehrfach unges\u00e4ttigte Fetts\u00e4uren (Omega 6). Etwas weniger als ein F\u00fcnftel an ges\u00e4ttigten Fetts\u00e4uren. Vitamin E.<\/p>","protected":false},"excerpt":{"rendered":"<p>Ein regenerierendes und sch\u00fctzendes Anti-Aging-\u00d6l, reich an Vitaminen und Antioxidantien. Perle der W\u00fcste, die traditionell von Berberfrauen zum Schutz und zur St\u00e4rkung der Haut oder des Haares verwendet wird. In Marokko wird Argan vielseitig verwendet, sowohl f\u00fcr gesunde Ern\u00e4hrung als auch f\u00fcr die Gesichts- und K\u00f6rperpflege. Argan\u00f6l in Kosmetikqualit\u00e4t ist ein natives und biologisches \u00d6l, [&hellip;]<\/p>\n","protected":false},"featured_media":28787,"template":"","meta":{"_acf_changed":false,"footnotes":""},"product_brand":[],"product_cat":[42,79],"product_tag":[],"class_list":{"0":"post-28785","1":"product","2":"type-product","3":"status-publish","4":"has-post-thumbnail","6":"product_cat-para-pharmacie","7":"product_cat-aromatherapie","9":"first","10":"outofstock","11":"taxable","12":"shipping-taxable","13":"purchasable","14":"product-type-simple"},"acf":[],"_links":{"self":[{"href":"https:\/\/www.pharmacieonline.lu\/de\/wp-json\/wp\/v2\/product\/28785","targetHints":{"allow":["GET"]}}],"collection":[{"href":"https:\/\/www.pharmacieonline.lu\/de\/wp-json\/wp\/v2\/product"}],"about":[{"href":"https:\/\/www.pharmacieonline.lu\/de\/wp-json\/wp\/v2\/types\/product"}],"version-history":[{"count":0,"href":"https:\/\/www.pharmacieonline.lu\/de\/wp-json\/wp\/v2\/product\/28785\/revisions"}],"wp:featuredmedia":[{"embeddable":true,"href":"https:\/\/www.pharmacieonline.lu\/de\/wp-json\/wp\/v2\/media\/28787"}],"wp:attachment":[{"href":"https:\/\/www.pharmacieonline.lu\/de\/wp-json\/wp\/v2\/media?parent=28785"}],"wp:term":[{"taxonomy":"product_brand","embeddable":true,"href":"https:\/\/www.pharmacieonline.lu\/de\/wp-json\/wp\/v2\/product_brand?post=28785"},{"taxonomy":"product_cat","embeddable":true,"href":"https:\/\/www.pharmacieonline.lu\/de\/wp-json\/wp\/v2\/product_cat?post=28785"},{"taxonomy":"product_tag","embeddable":true,"href":"https:\/\/www.pharmacieonline.lu\/de\/wp-json\/wp\/v2\/product_tag?post=28785"}],"curies":[{"name":"wp","href":"https:\/\/api.w.org\/{rel}","templated":true}]}}