{"id":29523,"date":"2022-12-01T17:03:55","date_gmt":"2022-12-01T16:03:55","guid":{"rendered":"https:\/\/www.pharmacieonline.lu\/?post_type=product&#038;p=29523"},"modified":"2026-04-27T13:55:19","modified_gmt":"2026-04-27T11:55:19","slug":"pures-articulation-patch-lombaire-a2","status":"publish","type":"product","link":"https:\/\/www.pharmacieonline.lu\/de\/produit\/pures-articulation-patch-lombaire-a2\/","title":{"rendered":"PURES ARTICULATION PATCH LOMBAIRE A2"},"content":{"rendered":"<p>Die Puressentiel W\u00e4rmepflaster \u201eUnterer R\u00fccken\u201c helfen durch ihre speziell f\u00fcr den Lendenbereich entwickelte Form zu entspannen, zu beruhigen, Muskel- und Lendenverspannungen zu l\u00f6sen. Formuliert mit 100 % nat\u00fcrlichen Wirkstoffen, die 14 \u00e4therische \u00d6le (Cajeput, R\u00f6mische Kamille, Nelke, Eukalyptus, Wintergr\u00fcn, Wacholder, Lavandin, Majoran, Pfefferminze, Niaouli, Muskatnuss, Kiefer, Rosmarin, Terpentin) und Paprika kombinieren, sorgen sie f\u00fcr ein angenehmes Gef\u00fchl W\u00e4rme f\u00fcr 8 Stunden, die die Muskelentspannung f\u00f6rdert. Die W\u00e4rmepflaster \u201eUnterer R\u00fccken\u201c sind geruchlos. Haftend, flexibel und diskret passen sie sich allen Bewegungen an, ohne sich zu l\u00f6sen.<\/p>\n<p>Kosmetisches Produkt aus der Aromatherapie 100 % nat\u00fcrliche Wirkstoffe &#8211; Keine Konservierungsstoffe &#8211; Keine synthetischen Duftstoffe<\/p>\n<p>Verwenden<\/p>\n<p>Die 2 Fl\u00fcgel auf der R\u00fcckseite des Pflasters erleichtern das Anbringen: 1\/ Beginnen Sie mit dem Aufkleben des Pflasters, indem Sie es in der Mitte des Lendenbereichs positionieren. Entfernen Sie dazu die Schutzrippe von der Mitte ausgehend von oben nach unten. Kleben Sie das Pflaster auf die Haut, w\u00e4hrend der Schutzfl\u00fcgel entfernt wird. 2\/ Verfahren Sie auf die gleiche Weise f\u00fcr die Flosse. Aufmerksamkeit ! Entfernen Sie vor allem nicht den Schutzfl\u00fcgel auf einmal, das Pflaster k\u00f6nnte verkleben. Bei Anwendung auf stark behaarten Stellen l\u00e4sst sich das Pflaster unter der Dusche leichter entfernen (nicht zu hei\u00dfes Wasser verwenden, Wasser mit Raumtemperatur ist ideal).<\/p>\n<p>Komposition<\/p>\n<p>ZUTATEN: Kautschuklatex (Naturkautschuk), hydriertes Kolophonium (Resin des Pins des Landes), LANOLIN, ZINKOXID, SECALE CEREALE (ROGGEN) SAATMEHL (ROGGENMEHL), BUTYROSPERMUM PARKII (SHEA) BUTTER (Sheabutter), Paprika-Frutescens-Harz , TERPENTIN, DI-T-BUTYL HYDROXYPHENYLAMINO BISOCTYLTHIOTRIAZIN (ESSENTIELLE ANTIOXIDANT), MELALEUCA LEUCADENDRON CAJUPUTI BLATT\u00d6L, PINUS SYLVESTRIS BLATT\u00d6L, GAULTHERIA PROCUMBENS (WINTERGREEN) BLATT\u00d6L, ROSMARINUS OFFICINALIS (ROSEMARY) BLATT\u00d6L, MENTHA PIPER KR\u00c4UTER\u00d6L, MELALEUCA VIRIDIFLORA BLATT\u00d6L, EUCALYPTUS GLOBULUS BLATT\u00d6L, MYRISTICA FRAGRANS (MUSKATS) KERN\u00d6L, ORIGANUM MAJORANA BLUMEN\u00d6L, JUNIPERUS COMMUNIS HOLZ\u00d6L, EUGENIA CARYOPHYLLUS (NELKE) KNOSPEN\u00d6L, ANTHEMIS NOBILIS BLUMEN\u00d6L, LIMONENE*, LINALOOL*, EUGENOL*, GERANIOL*. *Nat\u00fcrlich in \u00e4therischen \u00d6len enthalten.<\/p>\n<p>ESSENTIELLE \u00d6LE<\/p>\n<p>R\u00f6mische Kamille, kugeliger Eukalyptus, Wintergr\u00fcn, Niaouli, Waldkiefer, Lavandin Grosso, Muskatnuss, Muschel-Majoran.<\/p>","protected":false},"excerpt":{"rendered":"<p>Die Puressentiel W\u00e4rmepflaster \u201eUnterer R\u00fccken\u201c helfen durch ihre speziell f\u00fcr den Lendenbereich entwickelte Form zu entspannen, zu beruhigen, Muskel- und Lendenverspannungen zu l\u00f6sen. Formuliert mit 100 % nat\u00fcrlichen Wirkstoffen, die 14 \u00e4therische \u00d6le (Cajeput, R\u00f6mische Kamille, Nelke, Eukalyptus, Wintergr\u00fcn, Wacholder, Lavandin, Majoran, Pfefferminze, Niaouli, Muskatnuss, Kiefer, Rosmarin, Terpentin) und Paprika kombinieren, sorgen sie f\u00fcr ein [&hellip;]<\/p>\n","protected":false},"featured_media":29525,"template":"","meta":{"_acf_changed":false,"footnotes":""},"product_brand":[],"product_cat":[42,95,79,92],"product_tag":[],"class_list":{"0":"post-29523","1":"product","2":"type-product","3":"status-publish","4":"has-post-thumbnail","6":"product_cat-para-pharmacie","7":"product_cat-usage-externe","8":"product_cat-aromatherapie","9":"product_cat-douleurs-musculaires","11":"first","12":"instock","13":"taxable","14":"shipping-taxable","15":"purchasable","16":"product-type-simple"},"acf":[],"_links":{"self":[{"href":"https:\/\/www.pharmacieonline.lu\/de\/wp-json\/wp\/v2\/product\/29523","targetHints":{"allow":["GET"]}}],"collection":[{"href":"https:\/\/www.pharmacieonline.lu\/de\/wp-json\/wp\/v2\/product"}],"about":[{"href":"https:\/\/www.pharmacieonline.lu\/de\/wp-json\/wp\/v2\/types\/product"}],"version-history":[{"count":0,"href":"https:\/\/www.pharmacieonline.lu\/de\/wp-json\/wp\/v2\/product\/29523\/revisions"}],"wp:featuredmedia":[{"embeddable":true,"href":"https:\/\/www.pharmacieonline.lu\/de\/wp-json\/wp\/v2\/media\/29525"}],"wp:attachment":[{"href":"https:\/\/www.pharmacieonline.lu\/de\/wp-json\/wp\/v2\/media?parent=29523"}],"wp:term":[{"taxonomy":"product_brand","embeddable":true,"href":"https:\/\/www.pharmacieonline.lu\/de\/wp-json\/wp\/v2\/product_brand?post=29523"},{"taxonomy":"product_cat","embeddable":true,"href":"https:\/\/www.pharmacieonline.lu\/de\/wp-json\/wp\/v2\/product_cat?post=29523"},{"taxonomy":"product_tag","embeddable":true,"href":"https:\/\/www.pharmacieonline.lu\/de\/wp-json\/wp\/v2\/product_tag?post=29523"}],"curies":[{"name":"wp","href":"https:\/\/api.w.org\/{rel}","templated":true}]}}